{"id":2342,"date":"2024-03-05T18:48:55","date_gmt":"2024-03-05T18:48:55","guid":{"rendered":"https:\/\/jardfe.com\/?post_type=product&#038;p=2342"},"modified":"2024-08-07T16:19:51","modified_gmt":"2024-08-07T16:19:51","slug":"laguz-golden-glyph-rune-pendant-necklace","status":"publish","type":"product","link":"https:\/\/jardfe.com\/no\/product\/laguz-golden-glyph-rune-pendant-necklace\/","title":{"rendered":"Laguz Golden Glyph Rune Pendant Necklace"},"content":{"rendered":"<p>The Laguz Golden Glyph Rune Pendant Necklace transcends its ornamental function, acting as a conduit between the wearer and the elemental forces celebrated by the Vikings. By integrating this symbol into your daily life, you embrace the dual aspects of Laguz \u2013 the life-sustaining properties of water and the earthy resilience symbolized by the leek.<\/p>\n<p>This Viking medallion reflects a commitment to growth, adaptability, and the healing aspects of nature. It is an invitation to navigate the waves of existence with confidence and to plant the seeds of your aspirations in fertile ground. Laguz is a reminder of the continuous flow of life and the opportunities for renewal that lie in every wave and turn of the soil.<\/p>\n<p>Adopting this handmade, authentic talisman is a step towards acknowledging and revering the natural cycles that govern life itself. Let the Laguz Golden Glyph Rune Pendant be your spiritual anchor and guide, inspiring you to flow with grace through life&#8217;s changes and to cultivate a vibrant, flourishing existence grounded in the wisdom of the ancients.<\/p>\n<div class=\"runeinfo\"><h2>Laguz<\/h2>\t\t\n\t\t\t\t\t\t\t\t\t\t\t\t\t<img decoding=\"async\" width=\"127\" height=\"300\" src=\"https:\/\/jardfe.com\/wp-content\/uploads\/2024\/03\/laguz-127x300.png\" alt=\"laguz rune symbol\" srcset=\"https:\/\/jardfe.com\/wp-content\/uploads\/2024\/03\/laguz-127x300.png 127w, https:\/\/jardfe.com\/wp-content\/uploads\/2024\/03\/laguz-5x12.png 5w, https:\/\/jardfe.com\/wp-content\/uploads\/2024\/03\/laguz.png 407w\" sizes=\"(max-width: 127px) 100vw, 127px\" \/>\t\t\t\t\t\t\t\t\t\t\t\t\t\n\t\t<p><strong>Laguz<\/strong>, the rune letter <strong>L<\/strong>, alternatively spelled <strong>lauguz<\/strong> or <strong>laukaz,<\/strong> means leek (equivalent to <strong>lauki<\/strong> in old Norse) or lake in proto-Germanic. The same rune in the <a href=\"https:\/\/jardfe.com\/runes-younger-futhark\/\">younger futhark<\/a> is <a href=\"https:\/\/jardfe.com\/runes-younger-futhark\/logr\/\"><strong>l\u00f6gr<\/strong><\/a> from old Norse.<\/p><blockquote><p>[...] s\u00f3l skein sunnan<br \/>\u00e1 salar steina,<br \/>\u00fe\u00e1 var grund gr\u00f3in<br \/>gr\u0153num lauki.<\/p><p>[...] sun from the south<br \/>shone on the rocks,<br \/>then the ground was green<br \/>from growing leeks.<\/p><\/blockquote><p>Or interpreted as lake:<\/p><blockquote><p>L\u00f6gr \u00fev\u00e6r flaust, en fagrir,<br \/>fl\u00f3\u00f0s vaskar brim st\u00f3\u00f0um,<br \/>\u00fear er s\u00e6r \u00e1 hli\u00f0 hv\u00e1ra<br \/>hlymr, ve\u00f0rvitar glymja.<\/p><p>The lake washes the ship, but gently,<br \/>the sea surface washes steadily,<br \/>in that place where sea and river meet,<br \/>noise, the weather-beast splashes.<\/p><\/blockquote><p>For the Vikings, water and the sea was not just a vital resource but an integral part of life, serving as a pathway for exploration, raiding, and trade. Mastery of seafaring was a source of power, prestige, and vital for their survival and expansion, enabling the Vikings to amass wealth and resources and expanding their cultural influences.<\/p><p>The leek on the other hand has been interpreted as a symbol of fertility. The leek is extraordinarily hardy and grows happily even in cold climates. The leek also has ritualistic value, such as attested in <strong>V\u01eblsa \u00fe\u00e1ttr<\/strong>, and was believed to have healing properties. As such the leek has often been used as a charm to grant the bearer fertility, strength and good health, but also as a talisman to aid in childbirth and -rearing - one wanted one's child to grow like leeks.<\/p><p>Based on this\u00a0<strong>laguz<\/strong> inspires a deep connection to the nurturing forces of nature and our own potential for growth and regeneration. <strong>Laguz<\/strong> is life-giving, granting the bearer strength, resilience, fertility and good health. It also motivates us to embrace the life-giving aspects of our existence, encouraging us to flow with life's changes and to cultivate fertility in our thoughts, actions, and relationships. By embracing the essence of <strong>laguz<\/strong> we tap into the ancient wisdom that recognizes the vital forces of both water and earth as fundamental to nurturing the seeds of our future.<\/p>\t\t\n\t\t\t<ul>\n<li>\n\t\t<a href=\"https:\/\/jardfe.com\/product\/laguz-golden-glyph-rune-pendant-necklace\/\"><img decoding=\"async\" src=\"https:\/\/jardfe.com\/wp-content\/uploads\/2024\/02\/P2011_01-768x512.jpg\" alt=\"handmade silver and gold futhark initial pendant necklace\"><img fetchpriority=\"high\" decoding=\"async\" width=\"768\" height=\"512\" src=\"https:\/\/jardfe.com\/wp-content\/uploads\/2024\/03\/P2011_handheld-768x512.jpg\" alt=\"handmade silver and gold futhark initial pendant necklace\" \/><\/a><a href=\"https:\/\/jardfe.com\/product\/laguz-golden-glyph-rune-pendant-necklace\/\"><h2>Laguz Golden Glyph Rune Pendant Necklace<\/h2><\/a>\t\t\t\n\t\t\t\tGolden Glyph Pendants\t\t\t\n\t\t\tRated <strong>0<\/strong> out of 5\n\t<bdi>NOK&nbsp;2010<\/bdi>\n<a href=\"?add-to-cart=2342\" data-quantity=\"1\" data-product_id=\"2342\" data-product_sku=\"\" aria-label=\"Add to cart: &ldquo;Laguz Golden Glyph Rune Pendant Necklace&rdquo;\" aria-describedby=\"\" rel=\"nofollow\">Add to cart<\/a>Quick View\t\n<\/li>\n<\/ul>\n\t\t<!--\n\t\t-->\n\t\t\t\t\t\t<a href=\"#\" id=\"premium-woo-quick-view-close\"><\/a><\/div>","protected":false},"excerpt":{"rendered":"<p>Dive into the depths of ancestral wisdom with the Laguz Golden Glyph Rune Pendant Necklace, embodying the transformative powers of water and the robust vitality of the leek, symbols deeply rooted in Viking heritage. This exquisitely crafted piece represents laguz or l\u00f6gr, the essence of life&#8217;s flowing energies and nature&#8217;s nurturing forces.<br \/>\nTraditionally handmade, this authentic Norse jewelry is not just a symbol of physical and spiritual nourishment; it stands as a tribute to the Viking&#8217;s mastery of the seas and their deep connection to nature&#8217;s cycles. The Laguz pendant encourages wearers to embrace change, growth, and the fluidity of life, promoting resilience, fertility, and wellness in all endeavors.<br \/>\nIdeal for anyone seeking to harness the regenerative powers of water and earth, the Laguz Golden Glyph Rune Pendant Necklace serves as a beacon of strength and health. Let this timeless Viking amulet guide you through life\u2019s currents, fostering personal growth and aligning you with the life-giving rhythms of the natural world.<\/p>","protected":false},"featured_media":1998,"comment_status":"open","ping_status":"closed","template":"","meta":{"site-sidebar-layout":"default","site-content-layout":"","ast-site-content-layout":"default","site-content-style":"default","site-sidebar-style":"default","ast-global-header-display":"","ast-banner-title-visibility":"","ast-main-header-display":"","ast-hfb-above-header-display":"","ast-hfb-below-header-display":"","ast-hfb-mobile-header-display":"","site-post-title":"","ast-breadcrumbs-content":"","ast-featured-img":"","footer-sml-layout":"","theme-transparent-header-meta":"default","adv-header-id-meta":"","stick-header-meta":"","header-above-stick-meta":"","header-main-stick-meta":"","header-below-stick-meta":"","astra-migrate-meta-layouts":"set","ast-page-background-enabled":"default","ast-page-background-meta":{"desktop":{"background-color":"var(--ast-global-color-4)","background-image":"","background-repeat":"repeat","background-position":"center center","background-size":"auto","background-attachment":"scroll","background-type":"","background-media":"","overlay-type":"","overlay-color":"","overlay-opacity":"","overlay-gradient":""},"tablet":{"background-color":"","background-image":"","background-repeat":"repeat","background-position":"center center","background-size":"auto","background-attachment":"scroll","background-type":"","background-media":"","overlay-type":"","overlay-color":"","overlay-opacity":"","overlay-gradient":""},"mobile":{"background-color":"","background-image":"","background-repeat":"repeat","background-position":"center center","background-size":"auto","background-attachment":"scroll","background-type":"","background-media":"","overlay-type":"","overlay-color":"","overlay-opacity":"","overlay-gradient":""}},"ast-content-background-meta":{"desktop":{"background-color":"var(--ast-global-color-5)","background-image":"","background-repeat":"repeat","background-position":"center center","background-size":"auto","background-attachment":"scroll","background-type":"","background-media":"","overlay-type":"","overlay-color":"","overlay-opacity":"","overlay-gradient":""},"tablet":{"background-color":"var(--ast-global-color-5)","background-image":"","background-repeat":"repeat","background-position":"center center","background-size":"auto","background-attachment":"scroll","background-type":"","background-media":"","overlay-type":"","overlay-color":"","overlay-opacity":"","overlay-gradient":""},"mobile":{"background-color":"var(--ast-global-color-5)","background-image":"","background-repeat":"repeat","background-position":"center center","background-size":"auto","background-attachment":"scroll","background-type":"","background-media":"","overlay-type":"","overlay-color":"","overlay-opacity":"","overlay-gradient":""}}},"product_cat":[29,67,28],"product_tag":[],"class_list":{"0":"post-2342","1":"product","2":"type-product","3":"status-publish","4":"has-post-thumbnail","6":"product_cat-golden-glyph-pendant","7":"product_cat-laguz-rune","8":"product_cat-pendants","9":"desktop-align-left","10":"tablet-align-left","11":"mobile-align-left","13":"first","14":"instock","15":"taxable","16":"shipping-taxable","17":"purchasable","18":"product-type-simple"},"yoast_head":"<!-- This site is optimized with the Yoast SEO plugin v23.4 - https:\/\/yoast.com\/wordpress\/plugins\/seo\/ -->\n<title>Laguz Golden Glyph Rune Pendant Necklace - jar\u00f0fe<\/title>\n<meta name=\"description\" content=\"Embrace the nurturing powers of water and growth with the Laguz Golden Glyph Rune Pendant Necklace, a symbol of life\u2019s flow and fertility in true Viking tradition.\" \/>\n<meta name=\"robots\" content=\"index, follow, max-snippet:-1, max-image-preview:large, max-video-preview:-1\" \/>\n<link rel=\"canonical\" href=\"https:\/\/jardfe.com\/no\/produkt\/laguz-golden-glyph-rune-pendant-necklace\/\" \/>\n<meta property=\"og:locale\" content=\"nb_NO\" \/>\n<meta property=\"og:type\" content=\"article\" \/>\n<meta property=\"og:title\" content=\"Laguz Golden Glyph Rune Pendant Necklace - jar\u00f0fe\" \/>\n<meta property=\"og:description\" content=\"Embrace the nurturing powers of water and growth with the Laguz Golden Glyph Rune Pendant Necklace, a symbol of life\u2019s flow and fertility in true Viking tradition.\" \/>\n<meta property=\"og:url\" content=\"https:\/\/jardfe.com\/no\/produkt\/laguz-golden-glyph-rune-pendant-necklace\/\" \/>\n<meta property=\"og:site_name\" content=\"jar\u00f0fe\" \/>\n<meta property=\"article:modified_time\" content=\"2024-08-07T16:19:51+00:00\" \/>\n<meta property=\"og:image\" content=\"https:\/\/jardfe.com\/wp-content\/uploads\/2024\/02\/P2011_01-scaled.jpg\" \/>\n\t<meta property=\"og:image:width\" content=\"2560\" \/>\n\t<meta property=\"og:image:height\" content=\"1707\" \/>\n\t<meta property=\"og:image:type\" content=\"image\/jpeg\" \/>\n<meta name=\"twitter:card\" content=\"summary_large_image\" \/>\n<meta name=\"twitter:label1\" content=\"Ansl. lesetid\" \/>\n\t<meta name=\"twitter:data1\" content=\"1 minutt\" \/>\n<script type=\"application\/ld+json\" class=\"yoast-schema-graph\">{\"@context\":\"https:\/\/schema.org\",\"@graph\":[{\"@type\":\"WebPage\",\"@id\":\"https:\/\/jardfe.com\/product\/laguz-golden-glyph-rune-pendant-necklace\/\",\"url\":\"https:\/\/jardfe.com\/product\/laguz-golden-glyph-rune-pendant-necklace\/\",\"name\":\"Laguz Golden Glyph Rune Pendant Necklace - jar\u00f0fe\",\"isPartOf\":{\"@id\":\"https:\/\/jardfe.com\/#website\"},\"primaryImageOfPage\":{\"@id\":\"https:\/\/jardfe.com\/product\/laguz-golden-glyph-rune-pendant-necklace\/#primaryimage\"},\"image\":{\"@id\":\"https:\/\/jardfe.com\/product\/laguz-golden-glyph-rune-pendant-necklace\/#primaryimage\"},\"thumbnailUrl\":\"https:\/\/jardfe.com\/wp-content\/uploads\/2024\/02\/P2011_01-scaled.jpg\",\"datePublished\":\"2024-03-05T18:48:55+00:00\",\"dateModified\":\"2024-08-07T16:19:51+00:00\",\"description\":\"Embrace the nurturing powers of water and growth with the Laguz Golden Glyph Rune Pendant Necklace, a symbol of life\u2019s flow and fertility in true Viking tradition.\",\"breadcrumb\":{\"@id\":\"https:\/\/jardfe.com\/product\/laguz-golden-glyph-rune-pendant-necklace\/#breadcrumb\"},\"inLanguage\":\"nb-NO\",\"potentialAction\":[{\"@type\":\"ReadAction\",\"target\":[\"https:\/\/jardfe.com\/product\/laguz-golden-glyph-rune-pendant-necklace\/\"]}]},{\"@type\":\"ImageObject\",\"inLanguage\":\"nb-NO\",\"@id\":\"https:\/\/jardfe.com\/product\/laguz-golden-glyph-rune-pendant-necklace\/#primaryimage\",\"url\":\"https:\/\/jardfe.com\/wp-content\/uploads\/2024\/02\/P2011_01-scaled.jpg\",\"contentUrl\":\"https:\/\/jardfe.com\/wp-content\/uploads\/2024\/02\/P2011_01-scaled.jpg\",\"width\":2560,\"height\":1707,\"caption\":\"handmade silver and gold futhark initial pendant necklace\"},{\"@type\":\"BreadcrumbList\",\"@id\":\"https:\/\/jardfe.com\/product\/laguz-golden-glyph-rune-pendant-necklace\/#breadcrumb\",\"itemListElement\":[{\"@type\":\"ListItem\",\"position\":1,\"name\":\"Home\",\"item\":\"https:\/\/jardfe.com\/\"},{\"@type\":\"ListItem\",\"position\":2,\"name\":\"Shop\",\"item\":\"https:\/\/jardfe.com\/shop\/\"},{\"@type\":\"ListItem\",\"position\":3,\"name\":\"Laguz Golden Glyph Rune Pendant Necklace\"}]},{\"@type\":\"WebSite\",\"@id\":\"https:\/\/jardfe.com\/#website\",\"url\":\"https:\/\/jardfe.com\/\",\"name\":\"jar\u00f0fe\",\"description\":\"Authentic Viking Jewelry Hand Made in Norway\",\"publisher\":{\"@id\":\"https:\/\/jardfe.com\/#organization\"},\"potentialAction\":[{\"@type\":\"SearchAction\",\"target\":{\"@type\":\"EntryPoint\",\"urlTemplate\":\"https:\/\/jardfe.com\/?s={search_term_string}\"},\"query-input\":{\"@type\":\"PropertyValueSpecification\",\"valueRequired\":true,\"valueName\":\"search_term_string\"}}],\"inLanguage\":\"nb-NO\"},{\"@type\":\"Organization\",\"@id\":\"https:\/\/jardfe.com\/#organization\",\"name\":\"jar\u00f0fe\",\"url\":\"https:\/\/jardfe.com\/\",\"logo\":{\"@type\":\"ImageObject\",\"inLanguage\":\"nb-NO\",\"@id\":\"https:\/\/jardfe.com\/#\/schema\/logo\/image\/\",\"url\":\"https:\/\/jardfe.com\/wp-content\/uploads\/2024\/02\/jardfe-logo.png\",\"contentUrl\":\"https:\/\/jardfe.com\/wp-content\/uploads\/2024\/02\/jardfe-logo.png\",\"width\":845,\"height\":425,\"caption\":\"jar\u00f0fe\"},\"image\":{\"@id\":\"https:\/\/jardfe.com\/#\/schema\/logo\/image\/\"}}]}<\/script>\n<!-- \/ Yoast SEO plugin. -->","yoast_head_json":{"title":"Laguz Golden Glyph Rune Pendant Necklace - jar\u00f0fe","description":"Embrace the nurturing powers of water and growth with the Laguz Golden Glyph Rune Pendant Necklace, a symbol of life\u2019s flow and fertility in true Viking tradition.","robots":{"index":"index","follow":"follow","max-snippet":"max-snippet:-1","max-image-preview":"max-image-preview:large","max-video-preview":"max-video-preview:-1"},"canonical":"https:\/\/jardfe.com\/no\/produkt\/laguz-golden-glyph-rune-pendant-necklace\/","og_locale":"nb_NO","og_type":"article","og_title":"Laguz Golden Glyph Rune Pendant Necklace - jar\u00f0fe","og_description":"Embrace the nurturing powers of water and growth with the Laguz Golden Glyph Rune Pendant Necklace, a symbol of life\u2019s flow and fertility in true Viking tradition.","og_url":"https:\/\/jardfe.com\/no\/produkt\/laguz-golden-glyph-rune-pendant-necklace\/","og_site_name":"jar\u00f0fe","article_modified_time":"2024-08-07T16:19:51+00:00","og_image":[{"width":2560,"height":1707,"url":"https:\/\/jardfe.com\/wp-content\/uploads\/2024\/02\/P2011_01-scaled.jpg","type":"image\/jpeg"}],"twitter_card":"summary_large_image","twitter_misc":{"Ansl. lesetid":"1 minutt"},"schema":{"@context":"https:\/\/schema.org","@graph":[{"@type":"WebPage","@id":"https:\/\/jardfe.com\/product\/laguz-golden-glyph-rune-pendant-necklace\/","url":"https:\/\/jardfe.com\/product\/laguz-golden-glyph-rune-pendant-necklace\/","name":"Laguz Golden Glyph Rune Pendant Necklace - jar\u00f0fe","isPartOf":{"@id":"https:\/\/jardfe.com\/#website"},"primaryImageOfPage":{"@id":"https:\/\/jardfe.com\/product\/laguz-golden-glyph-rune-pendant-necklace\/#primaryimage"},"image":{"@id":"https:\/\/jardfe.com\/product\/laguz-golden-glyph-rune-pendant-necklace\/#primaryimage"},"thumbnailUrl":"https:\/\/jardfe.com\/wp-content\/uploads\/2024\/02\/P2011_01-scaled.jpg","datePublished":"2024-03-05T18:48:55+00:00","dateModified":"2024-08-07T16:19:51+00:00","description":"Embrace the nurturing powers of water and growth with the Laguz Golden Glyph Rune Pendant Necklace, a symbol of life\u2019s flow and fertility in true Viking tradition.","breadcrumb":{"@id":"https:\/\/jardfe.com\/product\/laguz-golden-glyph-rune-pendant-necklace\/#breadcrumb"},"inLanguage":"nb-NO","potentialAction":[{"@type":"ReadAction","target":["https:\/\/jardfe.com\/product\/laguz-golden-glyph-rune-pendant-necklace\/"]}]},{"@type":"ImageObject","inLanguage":"nb-NO","@id":"https:\/\/jardfe.com\/product\/laguz-golden-glyph-rune-pendant-necklace\/#primaryimage","url":"https:\/\/jardfe.com\/wp-content\/uploads\/2024\/02\/P2011_01-scaled.jpg","contentUrl":"https:\/\/jardfe.com\/wp-content\/uploads\/2024\/02\/P2011_01-scaled.jpg","width":2560,"height":1707,"caption":"handmade silver and gold futhark initial pendant necklace"},{"@type":"BreadcrumbList","@id":"https:\/\/jardfe.com\/product\/laguz-golden-glyph-rune-pendant-necklace\/#breadcrumb","itemListElement":[{"@type":"ListItem","position":1,"name":"Home","item":"https:\/\/jardfe.com\/"},{"@type":"ListItem","position":2,"name":"Shop","item":"https:\/\/jardfe.com\/shop\/"},{"@type":"ListItem","position":3,"name":"Laguz Golden Glyph Rune Pendant Necklace"}]},{"@type":"WebSite","@id":"https:\/\/jardfe.com\/#website","url":"https:\/\/jardfe.com\/","name":"jar\u00f0fe","description":"Authentic Viking Jewelry Hand Made in Norway","publisher":{"@id":"https:\/\/jardfe.com\/#organization"},"potentialAction":[{"@type":"SearchAction","target":{"@type":"EntryPoint","urlTemplate":"https:\/\/jardfe.com\/?s={search_term_string}"},"query-input":{"@type":"PropertyValueSpecification","valueRequired":true,"valueName":"search_term_string"}}],"inLanguage":"nb-NO"},{"@type":"Organization","@id":"https:\/\/jardfe.com\/#organization","name":"jar\u00f0fe","url":"https:\/\/jardfe.com\/","logo":{"@type":"ImageObject","inLanguage":"nb-NO","@id":"https:\/\/jardfe.com\/#\/schema\/logo\/image\/","url":"https:\/\/jardfe.com\/wp-content\/uploads\/2024\/02\/jardfe-logo.png","contentUrl":"https:\/\/jardfe.com\/wp-content\/uploads\/2024\/02\/jardfe-logo.png","width":845,"height":425,"caption":"jar\u00f0fe"},"image":{"@id":"https:\/\/jardfe.com\/#\/schema\/logo\/image\/"}}]}},"_links":{"self":[{"href":"https:\/\/jardfe.com\/no\/wp-json\/wp\/v2\/product\/2342","targetHints":{"allow":["GET"]}}],"collection":[{"href":"https:\/\/jardfe.com\/no\/wp-json\/wp\/v2\/product"}],"about":[{"href":"https:\/\/jardfe.com\/no\/wp-json\/wp\/v2\/types\/product"}],"replies":[{"embeddable":true,"href":"https:\/\/jardfe.com\/no\/wp-json\/wp\/v2\/comments?post=2342"}],"wp:featuredmedia":[{"embeddable":true,"href":"https:\/\/jardfe.com\/no\/wp-json\/wp\/v2\/media\/1998"}],"wp:attachment":[{"href":"https:\/\/jardfe.com\/no\/wp-json\/wp\/v2\/media?parent=2342"}],"wp:term":[{"taxonomy":"product_cat","embeddable":true,"href":"https:\/\/jardfe.com\/no\/wp-json\/wp\/v2\/product_cat?post=2342"},{"taxonomy":"product_tag","embeddable":true,"href":"https:\/\/jardfe.com\/no\/wp-json\/wp\/v2\/product_tag?post=2342"}],"curies":[{"name":"wp","href":"https:\/\/api.w.org\/{rel}","templated":true}]}}