{"id":6120,"date":"2024-08-05T11:55:08","date_gmt":"2024-08-05T11:55:58","guid":{"rendered":"https:\/\/jardfe.com\/?page_id=6120"},"modified":"2024-08-07T10:09:36","modified_gmt":"2024-08-07T10:09:36","slug":"idunn","status":"publish","type":"page","link":"https:\/\/jardfe.com\/no\/viking-gods\/idunn\/","title":{"rendered":"I\u00f0unn"},"content":{"rendered":"<div data-elementor-type=\"wp-page\" data-elementor-id=\"6120\" class=\"elementor elementor-6120\">\n\t\t\t\t<div class=\"elementor-element elementor-element-35ccecd e-con-full e-flex e-con e-parent\" data-id=\"35ccecd\" data-element_type=\"container\" data-settings=\"{&quot;background_background&quot;:&quot;classic&quot;}\">\n\t\t<div class=\"elementor-element elementor-element-bfedd22 e-con-full e-flex e-con e-child\" data-id=\"bfedd22\" data-element_type=\"container\">\n\t\t\t\t<div class=\"elementor-element elementor-element-a2b04ae elementor-widget elementor-widget-heading\" data-id=\"a2b04ae\" data-element_type=\"widget\" data-widget_type=\"heading.default\">\n\t\t\t\t<div class=\"elementor-widget-container\">\n\t\t\t<style>\/*! elementor - v3.23.0 - 05-08-2024 *\/\n.elementor-heading-title{padding:0;margin:0;line-height:1}.elementor-widget-heading .elementor-heading-title[class*=elementor-size-]>a{color:inherit;font-size:inherit;line-height:inherit}.elementor-widget-heading .elementor-heading-title.elementor-size-small{font-size:15px}.elementor-widget-heading .elementor-heading-title.elementor-size-medium{font-size:19px}.elementor-widget-heading .elementor-heading-title.elementor-size-large{font-size:29px}.elementor-widget-heading .elementor-heading-title.elementor-size-xl{font-size:39px}.elementor-widget-heading .elementor-heading-title.elementor-size-xxl{font-size:59px}<\/style><h2 class=\"elementor-heading-title elementor-size-default\">I\u00f0unn<\/h2>\t\t<\/div>\n\t\t\t\t<\/div>\n\t\t\t\t<\/div>\n\t\t\t\t<\/div>\n\t\t<div class=\"elementor-element elementor-element-ddb7271 e-flex e-con-boxed e-con e-parent\" data-id=\"ddb7271\" data-element_type=\"container\">\n\t\t\t\t\t<div class=\"e-con-inner\">\n\t\t\t\t<div class=\"elementor-element elementor-element-8d2ff37 elementor-widget elementor-widget-text-editor\" data-id=\"8d2ff37\" data-element_type=\"widget\" data-widget_type=\"text-editor.default\">\n\t\t\t\t<div class=\"elementor-widget-container\">\n\t\t\t<style>\/*! elementor - v3.23.0 - 05-08-2024 *\/\n.elementor-widget-text-editor.elementor-drop-cap-view-stacked .elementor-drop-cap{background-color:#69727d;color:#fff}.elementor-widget-text-editor.elementor-drop-cap-view-framed .elementor-drop-cap{color:#69727d;border:3px solid;background-color:transparent}.elementor-widget-text-editor:not(.elementor-drop-cap-view-default) .elementor-drop-cap{margin-top:8px}.elementor-widget-text-editor:not(.elementor-drop-cap-view-default) .elementor-drop-cap-letter{width:1em;height:1em}.elementor-widget-text-editor .elementor-drop-cap{float:left;text-align:center;line-height:1;font-size:50px}.elementor-widget-text-editor .elementor-drop-cap-letter{display:inline-block}<\/style>\t\t\t\t<p>In Norse mythology, I\u00f0unn is the keeper of the magical apples that grant the gods eternal youth, signifying rejuvenation and immortality.<\/p>\t\t\t\t\t\t<\/div>\n\t\t\t\t<\/div>\n\t\t\t\t<div class=\"elementor-element elementor-element-3e1bcfb elementor-widget elementor-widget-text-editor\" data-id=\"3e1bcfb\" data-element_type=\"widget\" data-widget_type=\"text-editor.default\">\n\t\t\t\t<div class=\"elementor-widget-container\">\n\t\t\t\t\t\t\t<blockquote><p>Hon var\u00f0veitir \u00ed eski s\u00ednu epli \u00feau, er go\u00f0in skulu \u00e1 b\u00edta \u00fe\u00e1 er \u00feau eldast, ok ver\u00f0a \u00fe\u00e1 allir ungir, ok sv\u00e1 mun vera allt til ragnar\u00f6krs.<\/p><p>She protects in her box the apples that the gods must take a bite of when they grow old, and then they all become young, and this way it will be until Ragnar\u00f6k.<\/p><\/blockquote>\t\t\t\t\t\t<\/div>\n\t\t\t\t<\/div>\n\t\t\t\t<div class=\"elementor-element elementor-element-6eed8f8 elementor-widget elementor-widget-text-editor\" data-id=\"6eed8f8\" data-element_type=\"widget\" data-widget_type=\"text-editor.default\">\n\t\t\t\t<div class=\"elementor-widget-container\">\n\t\t\t\t\t\t\t<blockquote><p>Hvernig skal kenna I\u00f0unni? Sv\u00e1, at kalla hana konu Braga ok g\u00e6tandi eplanna, en eplin ellilyf \u00e1sanna.<\/p><p>How should one address I\u00f0unn? Thus, by calling her Bragi&#8217;s wife and protector of apples, and the apples [should be called] the \u00c6sir&#8217;s old age elixir.<\/p><\/blockquote>\t\t\t\t\t\t<\/div>\n\t\t\t\t<\/div>\n\t\t\t\t<div class=\"elementor-element elementor-element-6b03dc1 elementor-widget elementor-widget-heading\" data-id=\"6b03dc1\" data-element_type=\"widget\" data-widget_type=\"heading.default\">\n\t\t\t\t<div class=\"elementor-widget-container\">\n\t\t\t<h3 class=\"elementor-heading-title elementor-size-default\">The Sagas<\/h3>\t\t<\/div>\n\t\t\t\t<\/div>\n\t\t\t\t<div class=\"elementor-element elementor-element-2e35315 elementor-widget elementor-widget-text-editor\" data-id=\"2e35315\" data-element_type=\"widget\" data-widget_type=\"text-editor.default\">\n\t\t\t\t<div class=\"elementor-widget-container\">\n\t\t\t\t\t\t\t<p>Sk\u00e1ldskaparm\u00e1l tells the story of how I\u00f0unn has a wooden box (old Norse &#8220;eski&#8221;, similar to current-day Norwegian &#8220;eske&#8221; or Danish &#8220;\u00e6ske&#8221;) in which she keeps her apples. The apples are magical and she allows the other Gods to take a bite of them once in a while which keeps them from aging. <\/p>\t\t\t\t\t\t<\/div>\n\t\t\t\t<\/div>\n\t\t\t\t<div class=\"elementor-element elementor-element-a2621d1 elementor-widget elementor-widget-heading\" data-id=\"a2621d1\" data-element_type=\"widget\" data-widget_type=\"heading.default\">\n\t\t\t\t<div class=\"elementor-widget-container\">\n\t\t\t<h4 class=\"elementor-heading-title elementor-size-default\">The jotun \u00dejazi kidnapps Idunn and her apples<\/h4>\t\t<\/div>\n\t\t\t\t<\/div>\n\t\t\t\t<div class=\"elementor-element elementor-element-6a2499e elementor-widget elementor-widget-text-editor\" data-id=\"6a2499e\" data-element_type=\"widget\" data-widget_type=\"text-editor.default\">\n\t\t\t\t<div class=\"elementor-widget-container\">\n\t\t\t\t\t\t\t<p>Loki lures I\u00f0unn and her apples out of Asgard and into the jotunn \u00dejazi&#8217;s captivity under the pretense that he has found some apples, even better than the ones she have, and she should bring hers so she can compare. When the Gods find out both I\u00f0unn and her apples are missing they are not only infuriated but also quickly start aging. The Gods therefore quickly arrange an assembly &#8211; a thing &#8211; to learn who has seen I\u00f0unn last so they might find her. They quickly discover she was last seen leaving Asgard with Loki, who is subsequently captured, and when threatened with torture and death. Loki then asks to borrow Freyja&#8217;s falcon cloak so he might go look for her and he then flies to \u00dejazi&#8217;s home in J\u00f6tunheimr. Here he finds I\u00f0unn locked up alone, so he transforms her into a nut and flies away with her. When \u00dejazi comes home and sees I\u00f0unn missing he sets off after Loki in his eagle cloak.<\/p><p>When the Gods later sees a falcon with a nut in its claws with an eagle following close behind, they decide to build a large fire right behind the walls of Asgard. Loki in his falcon cloak easily dive in behind the wall, but \u00dejazi in his eagle shape can&#8217;t stop that quickly and he flies right above the flame, burning his feathers and crashing to the ground. The Gods quickly jump on him and kill him.<\/p><p>This story is quite interesting in the context of the old Norse sagas. Specifically it demonstrates the importance of I\u00f0unn and her apples to the Gods, not only because of the resoluteness they have when getting her back, but also that the whole pantheon of the Gods are involved in retrieving her. I\u00f0unn&#8217;s apples are completely intrinsic to the survival of the \u00c6sir. The sagas also tells how this is how it will go until<\/p>\t\t\t\t\t\t<\/div>\n\t\t\t\t<\/div>\n\t\t\t\t<div class=\"elementor-element elementor-element-64b501b elementor-widget elementor-widget-heading\" data-id=\"64b501b\" data-element_type=\"widget\" data-widget_type=\"heading.default\">\n\t\t\t\t<div class=\"elementor-widget-container\">\n\t\t\t<h4 class=\"elementor-heading-title elementor-size-default\">Her Apples<\/h4>\t\t<\/div>\n\t\t\t\t<\/div>\n\t\t\t\t<div class=\"elementor-element elementor-element-e7b4dde elementor-widget elementor-widget-text-editor\" data-id=\"e7b4dde\" data-element_type=\"widget\" data-widget_type=\"text-editor.default\">\n\t\t\t\t<div class=\"elementor-widget-container\">\n\t\t\t\t\t\t\t<p>The apple is and has been a significant symbol of life, fertility and knowledge in many cultures through the times, not only the old Norse. I\u00f0unn&#8217;s apples are no different. <\/p><p><a href=\"https:\/\/jardfe.com\/viking-symbols\/idunns-apples\/\">You can read our dedicated article about I\u00f0unn&#8217;s apples for a more in-depth view specifically about them and their symbolism here.<\/a><\/p>\t\t\t\t\t\t<\/div>\n\t\t\t\t<\/div>\n\t\t\t\t<div class=\"elementor-element elementor-element-8fd8a4e premium-woo-product-align-center premium-qv-hidden-yes elementor-widget elementor-widget-premium-woo-products\" data-id=\"8fd8a4e\" data-element_type=\"widget\" data-settings=\"{&quot;products_show&quot;:3,&quot;products_show_tablet&quot;:2,&quot;products_show_mobile&quot;:1,&quot;products_on_scroll&quot;:1}\" data-widget_type=\"premium-woo-products.grid-2\">\n\t\t\t\t<div class=\"elementor-widget-container\">\n\t\t\t<div class=\"premium-carousel-hidden premium-woocommerce premium-woo-products-carousel premium-woo-skin-grid-2 premium-woo-query-custom\" data-woo_carousel=\"{&quot;slidesToShow&quot;:3,&quot;slidesToScroll&quot;:1,&quot;autoplaySpeed&quot;:3000,&quot;autoplay&quot;:true,&quot;infinite&quot;:true,&quot;pauseOnHover&quot;:false,&quot;speed&quot;:500,&quot;arrows&quot;:true,&quot;dots&quot;:true,&quot;rtl&quot;:false,&quot;prevArrow&quot;:&quot;&lt;a type=\\&quot;button\\&quot; data-role=\\&quot;none\\&quot; class=\\&quot;carousel-arrow carousel-prev\\&quot; aria-label=\\&quot;Previous\\&quot; role=\\&quot;button\\&quot; style=\\&quot;\\&quot;&gt;&lt;i class=\\&quot;fas fa-angle-left\\&quot; aria-hidden=\\&quot;true\\&quot;&gt;&lt;\\\/i&gt;&lt;\\\/a&gt;&quot;,&quot;nextArrow&quot;:&quot;&lt;a type=\\&quot;button\\&quot; data-role=\\&quot;none\\&quot; class=\\&quot;carousel-arrow carousel-next\\&quot; aria-label=\\&quot;Next\\&quot; role=\\&quot;button\\&quot; style=\\&quot;\\&quot;&gt;&lt;i class=\\&quot;fas fa-angle-right\\&quot; aria-hidden=\\&quot;true\\&quot;&gt;&lt;\\\/i&gt;&lt;\\\/a&gt;&quot;,&quot;responsive&quot;:[{&quot;breakpoint&quot;:1024,&quot;settings&quot;:{&quot;slidesToShow&quot;:2,&quot;slidesToScroll&quot;:2}},{&quot;breakpoint&quot;:767,&quot;settings&quot;:{&quot;slidesToShow&quot;:1,&quot;slidesToScroll&quot;:1}}]}\" data-page-id=\"6120\" data-skin=\"grid_2\" data-quick-view=\"yes\"><div class=\"premium-woo-products-inner premium-woo-product__hover-swap\"><ul class=\"products columns-3\">\n\n<li class=\"post-6103 product first instock taxable shipping-taxable purchasable product-type-simple\">\n\t<div class=\"premium-woo-product-wrapper\">\n\t\t<div class=\"premium-woo-product-thumbnail\"><a href=\"https:\/\/jardfe.com\/no\/product\/idunns-apple-pendant\/\" class=\"woocommerce-LoopProduct-link woocommerce-loop-product__link\"><img decoding=\"async\" src=\"https:\/\/jardfe.com\/wp-content\/uploads\/2024\/08\/P21015_02-768x512.jpg\" alt=\"idduns apple handmade viking pendant\"><img fetchpriority=\"high\" decoding=\"async\" width=\"768\" height=\"512\" src=\"https:\/\/jardfe.com\/wp-content\/uploads\/2024\/08\/P21014_01-768x512.jpg\" class=\"premium-woo-product__on_hover\" alt=\"idduns apple handmade viking pendant\" \/><\/a><div class=\"premium-woo-products-details-wrap\"><div class=\"premium-woo-product-details\"><a href=\"https:\/\/jardfe.com\/no\/product\/idunns-apple-pendant\/\" class=\"premium-woo-product__link\"><h2 class=\"woocommerce-loop-product__title\">I\u00f0unns Apple Pendant<\/h2><\/a>\t\t\t<span class=\"premium-woo-product-category\">\n\t\t\t\tIdunns Apple\t\t\t<\/span>\n\t\t\t<div class=\"star-rating\"><span style=\"width:0%\" data-no-translation=\"\" data-trp-gettext=\"\">Vurdert <strong class=\"rating\">0<\/strong> av 5<\/span><\/div>\n\t<span class=\"price\"><span class=\"woocommerce-Price-amount amount\"><bdi><span class=\"woocommerce-Price-currencySymbol\">NOK<\/span>&nbsp;1990<\/bdi><\/span><\/span>\n<\/div><div class=\"premium-woo-product-actions-wrapper\"><div class=\"premium-woo-atc-button\" data-variations=\"&quot;true&quot;\"><a href=\"?add-to-cart=6103\" aria-describedby=\"woocommerce_loop_add_to_cart_link_describedby_6103\" data-quantity=\"1\" class=\"button product_type_simple add_to_cart_button ajax_add_to_cart\" data-product_id=\"6103\" data-product_sku=\"P21015\" aria-label=\"Legg i handlekurven: \u201cI\u00f0unns Apple Pendant\u201d\" rel=\"nofollow\" data-no-translation=\"\" data-trp-gettext=\"\" data-no-translation-aria-label=\"\">Legg i handlekurv<\/a><span id=\"woocommerce_loop_add_to_cart_link_describedby_6103\" class=\"screen-reader-text\">\n\t<\/span>\n<\/div><div class=\"premium-woo-qv-btn button\" data-product-id=\"6103\">Quick View<\/div><\/div><\/div><\/div>\t<\/div>\n<\/li>\n<\/ul>\n<\/div><\/div><div id=\"premium-woo-quick-view-8fd8a4e\" class=\"premium-woo-quick-view-8fd8a4e\">\r\n\t<div class=\"premium-woo-quick-view-back\">\r\n\t\t<div class=\"premium-woo-quick-view-loader\"><\/div>\r\n\t<\/div>\r\n\t<div id=\"premium-woo-quick-view-modal\">\r\n\t\t<div class=\"premium-woo-content-main-wrapper\"><!--\r\n\t\t--><div class=\"premium-woo-content-main\">\r\n\t\t\t\t<div class=\"premium-woo-lightbox-content\">\r\n\r\n\t\t\t\t\t<a href=\"#\" class=\"premium-woo-quick-view-close fa fa-close\"><\/a>\r\n\r\n\t\t\t\t\t<div id=\"premium-woo-quick-view-content\" class=\"woocommerce single-product\"><\/div>\r\n\t\t\t\t<\/div>\r\n\t\t\t<\/div>\r\n\t\t<\/div>\r\n\t<\/div>\r\n<\/div>\r\n\t\t<\/div>\n\t\t\t\t<\/div>\n\t\t\t\t\t<\/div>\n\t\t\t\t<\/div>\n\t\t\t\t<\/div>","protected":false},"excerpt":{"rendered":"<p>I\u00f0unn In Norse mythology, I\u00f0unn is the keeper of the magical apples that grant the gods eternal youth, signifying rejuvenation [&hellip;]<\/p>","protected":false},"author":3,"featured_media":6104,"parent":6118,"menu_order":0,"comment_status":"closed","ping_status":"closed","template":"","meta":{"site-sidebar-layout":"no-sidebar","site-content-layout":"page-builder","ast-site-content-layout":"full-width-container","site-content-style":"default","site-sidebar-style":"default","ast-global-header-display":"","ast-banner-title-visibility":"","ast-main-header-display":"","ast-hfb-above-header-display":"","ast-hfb-below-header-display":"","ast-hfb-mobile-header-display":"","site-post-title":"disabled","ast-breadcrumbs-content":"","ast-featured-img":"disabled","footer-sml-layout":"","theme-transparent-header-meta":"","adv-header-id-meta":"","stick-header-meta":"","header-above-stick-meta":"","header-main-stick-meta":"","header-below-stick-meta":"","astra-migrate-meta-layouts":"set","ast-page-background-enabled":"default","ast-page-background-meta":{"desktop":{"background-color":"var(--ast-global-color-4)","background-image":"","background-repeat":"repeat","background-position":"center center","background-size":"auto","background-attachment":"scroll","background-type":"","background-media":"","overlay-type":"","overlay-color":"","overlay-opacity":"","overlay-gradient":""},"tablet":{"background-color":"","background-image":"","background-repeat":"repeat","background-position":"center center","background-size":"auto","background-attachment":"scroll","background-type":"","background-media":"","overlay-type":"","overlay-color":"","overlay-opacity":"","overlay-gradient":""},"mobile":{"background-color":"","background-image":"","background-repeat":"repeat","background-position":"center center","background-size":"auto","background-attachment":"scroll","background-type":"","background-media":"","overlay-type":"","overlay-color":"","overlay-opacity":"","overlay-gradient":""}},"ast-content-background-meta":{"desktop":{"background-color":"var(--ast-global-color-5)","background-image":"","background-repeat":"repeat","background-position":"center center","background-size":"auto","background-attachment":"scroll","background-type":"","background-media":"","overlay-type":"","overlay-color":"","overlay-opacity":"","overlay-gradient":""},"tablet":{"background-color":"var(--ast-global-color-5)","background-image":"","background-repeat":"repeat","background-position":"center center","background-size":"auto","background-attachment":"scroll","background-type":"","background-media":"","overlay-type":"","overlay-color":"","overlay-opacity":"","overlay-gradient":""},"mobile":{"background-color":"var(--ast-global-color-5)","background-image":"","background-repeat":"repeat","background-position":"center center","background-size":"auto","background-attachment":"scroll","background-type":"","background-media":"","overlay-type":"","overlay-color":"","overlay-opacity":"","overlay-gradient":""}},"footnotes":""},"class_list":["post-6120","page","type-page","status-publish","has-post-thumbnail","hentry","desktop-align-left","tablet-align-left","mobile-align-left"],"yoast_head":"<!-- This site is optimized with the Yoast SEO plugin v23.4 - https:\/\/yoast.com\/wordpress\/plugins\/seo\/ -->\n<title>I\u00f0unn - jar\u00f0fe<\/title>\n<meta name=\"robots\" content=\"index, follow, max-snippet:-1, max-image-preview:large, max-video-preview:-1\" \/>\n<link rel=\"canonical\" href=\"https:\/\/jardfe.com\/no\/viking-gods\/idunn\/\" \/>\n<meta property=\"og:locale\" content=\"nb_NO\" \/>\n<meta property=\"og:type\" content=\"article\" \/>\n<meta property=\"og:title\" content=\"I\u00f0unn - jar\u00f0fe\" \/>\n<meta property=\"og:description\" content=\"I\u00f0unn In Norse mythology, I\u00f0unn is the keeper of the magical apples that grant the gods eternal youth, signifying rejuvenation [&hellip;]\" \/>\n<meta property=\"og:url\" content=\"https:\/\/jardfe.com\/no\/viking-gods\/idunn\/\" \/>\n<meta property=\"og:site_name\" content=\"jar\u00f0fe\" \/>\n<meta property=\"article:modified_time\" content=\"2024-08-07T10:09:36+00:00\" \/>\n<meta property=\"og:image\" content=\"https:\/\/jardfe.com\/wp-content\/uploads\/2024\/08\/idunn.webp\" \/>\n\t<meta property=\"og:image:width\" content=\"1792\" \/>\n\t<meta property=\"og:image:height\" content=\"1024\" \/>\n\t<meta property=\"og:image:type\" content=\"image\/webp\" \/>\n<meta name=\"twitter:card\" content=\"summary_large_image\" \/>\n<meta name=\"twitter:label1\" content=\"Ansl. lesetid\" \/>\n\t<meta name=\"twitter:data1\" content=\"3 minutter\" \/>\n<script type=\"application\/ld+json\" class=\"yoast-schema-graph\">{\"@context\":\"https:\/\/schema.org\",\"@graph\":[{\"@type\":\"WebPage\",\"@id\":\"https:\/\/jardfe.com\/viking-gods\/idunn\/\",\"url\":\"https:\/\/jardfe.com\/viking-gods\/idunn\/\",\"name\":\"I\u00f0unn - jar\u00f0fe\",\"isPartOf\":{\"@id\":\"https:\/\/jardfe.com\/#website\"},\"primaryImageOfPage\":{\"@id\":\"https:\/\/jardfe.com\/viking-gods\/idunn\/#primaryimage\"},\"image\":{\"@id\":\"https:\/\/jardfe.com\/viking-gods\/idunn\/#primaryimage\"},\"thumbnailUrl\":\"https:\/\/jardfe.com\/wp-content\/uploads\/2024\/08\/idunn.webp\",\"datePublished\":\"2024-08-05T11:55:58+00:00\",\"dateModified\":\"2024-08-07T10:09:36+00:00\",\"breadcrumb\":{\"@id\":\"https:\/\/jardfe.com\/viking-gods\/idunn\/#breadcrumb\"},\"inLanguage\":\"nb-NO\",\"potentialAction\":[{\"@type\":\"ReadAction\",\"target\":[\"https:\/\/jardfe.com\/viking-gods\/idunn\/\"]}]},{\"@type\":\"ImageObject\",\"inLanguage\":\"nb-NO\",\"@id\":\"https:\/\/jardfe.com\/viking-gods\/idunn\/#primaryimage\",\"url\":\"https:\/\/jardfe.com\/wp-content\/uploads\/2024\/08\/idunn.webp\",\"contentUrl\":\"https:\/\/jardfe.com\/wp-content\/uploads\/2024\/08\/idunn.webp\",\"width\":1792,\"height\":1024},{\"@type\":\"BreadcrumbList\",\"@id\":\"https:\/\/jardfe.com\/viking-gods\/idunn\/#breadcrumb\",\"itemListElement\":[{\"@type\":\"ListItem\",\"position\":1,\"name\":\"Home\",\"item\":\"https:\/\/jardfe.com\/\"},{\"@type\":\"ListItem\",\"position\":2,\"name\":\"The Viking Gods\",\"item\":\"https:\/\/jardfe.com\/viking-gods\/\"},{\"@type\":\"ListItem\",\"position\":3,\"name\":\"I\u00f0unn\"}]},{\"@type\":\"WebSite\",\"@id\":\"https:\/\/jardfe.com\/#website\",\"url\":\"https:\/\/jardfe.com\/\",\"name\":\"jar\u00f0fe\",\"description\":\"Authentic Viking Jewelry Hand Made in Norway\",\"publisher\":{\"@id\":\"https:\/\/jardfe.com\/#organization\"},\"potentialAction\":[{\"@type\":\"SearchAction\",\"target\":{\"@type\":\"EntryPoint\",\"urlTemplate\":\"https:\/\/jardfe.com\/?s={search_term_string}\"},\"query-input\":{\"@type\":\"PropertyValueSpecification\",\"valueRequired\":true,\"valueName\":\"search_term_string\"}}],\"inLanguage\":\"nb-NO\"},{\"@type\":\"Organization\",\"@id\":\"https:\/\/jardfe.com\/#organization\",\"name\":\"jar\u00f0fe\",\"url\":\"https:\/\/jardfe.com\/\",\"logo\":{\"@type\":\"ImageObject\",\"inLanguage\":\"nb-NO\",\"@id\":\"https:\/\/jardfe.com\/#\/schema\/logo\/image\/\",\"url\":\"https:\/\/jardfe.com\/wp-content\/uploads\/2024\/02\/jardfe-logo.png\",\"contentUrl\":\"https:\/\/jardfe.com\/wp-content\/uploads\/2024\/02\/jardfe-logo.png\",\"width\":845,\"height\":425,\"caption\":\"jar\u00f0fe\"},\"image\":{\"@id\":\"https:\/\/jardfe.com\/#\/schema\/logo\/image\/\"}}]}<\/script>\n<!-- \/ Yoast SEO plugin. -->","yoast_head_json":{"title":"I\u00f0unn - jar\u00f0fe","robots":{"index":"index","follow":"follow","max-snippet":"max-snippet:-1","max-image-preview":"max-image-preview:large","max-video-preview":"max-video-preview:-1"},"canonical":"https:\/\/jardfe.com\/no\/viking-gods\/idunn\/","og_locale":"nb_NO","og_type":"article","og_title":"I\u00f0unn - jar\u00f0fe","og_description":"I\u00f0unn In Norse mythology, I\u00f0unn is the keeper of the magical apples that grant the gods eternal youth, signifying rejuvenation [&hellip;]","og_url":"https:\/\/jardfe.com\/no\/viking-gods\/idunn\/","og_site_name":"jar\u00f0fe","article_modified_time":"2024-08-07T10:09:36+00:00","og_image":[{"width":1792,"height":1024,"url":"https:\/\/jardfe.com\/wp-content\/uploads\/2024\/08\/idunn.webp","type":"image\/webp"}],"twitter_card":"summary_large_image","twitter_misc":{"Ansl. lesetid":"3 minutter"},"schema":{"@context":"https:\/\/schema.org","@graph":[{"@type":"WebPage","@id":"https:\/\/jardfe.com\/viking-gods\/idunn\/","url":"https:\/\/jardfe.com\/viking-gods\/idunn\/","name":"I\u00f0unn - jar\u00f0fe","isPartOf":{"@id":"https:\/\/jardfe.com\/#website"},"primaryImageOfPage":{"@id":"https:\/\/jardfe.com\/viking-gods\/idunn\/#primaryimage"},"image":{"@id":"https:\/\/jardfe.com\/viking-gods\/idunn\/#primaryimage"},"thumbnailUrl":"https:\/\/jardfe.com\/wp-content\/uploads\/2024\/08\/idunn.webp","datePublished":"2024-08-05T11:55:58+00:00","dateModified":"2024-08-07T10:09:36+00:00","breadcrumb":{"@id":"https:\/\/jardfe.com\/viking-gods\/idunn\/#breadcrumb"},"inLanguage":"nb-NO","potentialAction":[{"@type":"ReadAction","target":["https:\/\/jardfe.com\/viking-gods\/idunn\/"]}]},{"@type":"ImageObject","inLanguage":"nb-NO","@id":"https:\/\/jardfe.com\/viking-gods\/idunn\/#primaryimage","url":"https:\/\/jardfe.com\/wp-content\/uploads\/2024\/08\/idunn.webp","contentUrl":"https:\/\/jardfe.com\/wp-content\/uploads\/2024\/08\/idunn.webp","width":1792,"height":1024},{"@type":"BreadcrumbList","@id":"https:\/\/jardfe.com\/viking-gods\/idunn\/#breadcrumb","itemListElement":[{"@type":"ListItem","position":1,"name":"Home","item":"https:\/\/jardfe.com\/"},{"@type":"ListItem","position":2,"name":"The Viking Gods","item":"https:\/\/jardfe.com\/viking-gods\/"},{"@type":"ListItem","position":3,"name":"I\u00f0unn"}]},{"@type":"WebSite","@id":"https:\/\/jardfe.com\/#website","url":"https:\/\/jardfe.com\/","name":"jar\u00f0fe","description":"Authentic Viking Jewelry Hand Made in Norway","publisher":{"@id":"https:\/\/jardfe.com\/#organization"},"potentialAction":[{"@type":"SearchAction","target":{"@type":"EntryPoint","urlTemplate":"https:\/\/jardfe.com\/?s={search_term_string}"},"query-input":{"@type":"PropertyValueSpecification","valueRequired":true,"valueName":"search_term_string"}}],"inLanguage":"nb-NO"},{"@type":"Organization","@id":"https:\/\/jardfe.com\/#organization","name":"jar\u00f0fe","url":"https:\/\/jardfe.com\/","logo":{"@type":"ImageObject","inLanguage":"nb-NO","@id":"https:\/\/jardfe.com\/#\/schema\/logo\/image\/","url":"https:\/\/jardfe.com\/wp-content\/uploads\/2024\/02\/jardfe-logo.png","contentUrl":"https:\/\/jardfe.com\/wp-content\/uploads\/2024\/02\/jardfe-logo.png","width":845,"height":425,"caption":"jar\u00f0fe"},"image":{"@id":"https:\/\/jardfe.com\/#\/schema\/logo\/image\/"}}]}},"_links":{"self":[{"href":"https:\/\/jardfe.com\/no\/wp-json\/wp\/v2\/pages\/6120","targetHints":{"allow":["GET"]}}],"collection":[{"href":"https:\/\/jardfe.com\/no\/wp-json\/wp\/v2\/pages"}],"about":[{"href":"https:\/\/jardfe.com\/no\/wp-json\/wp\/v2\/types\/page"}],"author":[{"embeddable":true,"href":"https:\/\/jardfe.com\/no\/wp-json\/wp\/v2\/users\/3"}],"replies":[{"embeddable":true,"href":"https:\/\/jardfe.com\/no\/wp-json\/wp\/v2\/comments?post=6120"}],"version-history":[{"count":20,"href":"https:\/\/jardfe.com\/no\/wp-json\/wp\/v2\/pages\/6120\/revisions"}],"predecessor-version":[{"id":6178,"href":"https:\/\/jardfe.com\/no\/wp-json\/wp\/v2\/pages\/6120\/revisions\/6178"}],"up":[{"embeddable":true,"href":"https:\/\/jardfe.com\/no\/wp-json\/wp\/v2\/pages\/6118"}],"wp:featuredmedia":[{"embeddable":true,"href":"https:\/\/jardfe.com\/no\/wp-json\/wp\/v2\/media\/6104"}],"wp:attachment":[{"href":"https:\/\/jardfe.com\/no\/wp-json\/wp\/v2\/media?parent=6120"}],"curies":[{"name":"wp","href":"https:\/\/api.w.org\/{rel}","templated":true}]}}