{"id":2856,"date":"2024-03-21T10:45:02","date_gmt":"2024-03-21T10:45:02","guid":{"rendered":"https:\/\/jardfe.com\/?page_id=2856"},"modified":"2024-06-14T15:51:33","modified_gmt":"2024-06-14T15:51:33","slug":"tyr","status":"publish","type":"page","link":"https:\/\/jardfe.com\/no\/runes\/runes-younger-futhark\/tyr\/","title":{"rendered":"T\u00fdr"},"content":{"rendered":"<div data-elementor-type=\"wp-page\" data-elementor-id=\"2856\" class=\"elementor elementor-2856\">\n\t\t\t\t<div class=\"elementor-element elementor-element-2a000ef e-flex e-con-boxed e-con e-parent\" data-id=\"2a000ef\" data-element_type=\"container\">\n\t\t\t\t\t<div class=\"e-con-inner\">\n\t\t\t\t<div class=\"elementor-element elementor-element-4d99d65 elementor-widget elementor-widget-heading\" data-id=\"4d99d65\" data-element_type=\"widget\" id=\"tyr\" data-widget_type=\"heading.default\">\n\t\t\t\t<div class=\"elementor-widget-container\">\n\t\t\t<style>\/*! elementor - v3.23.0 - 05-08-2024 *\/\n.elementor-heading-title{padding:0;margin:0;line-height:1}.elementor-widget-heading .elementor-heading-title[class*=elementor-size-]>a{color:inherit;font-size:inherit;line-height:inherit}.elementor-widget-heading .elementor-heading-title.elementor-size-small{font-size:15px}.elementor-widget-heading .elementor-heading-title.elementor-size-medium{font-size:19px}.elementor-widget-heading .elementor-heading-title.elementor-size-large{font-size:29px}.elementor-widget-heading .elementor-heading-title.elementor-size-xl{font-size:39px}.elementor-widget-heading .elementor-heading-title.elementor-size-xxl{font-size:59px}<\/style><h2 class=\"elementor-heading-title elementor-size-default\">T\u00fdr<\/h2>\t\t<\/div>\n\t\t\t\t<\/div>\n\t\t<div class=\"elementor-element elementor-element-86466fa e-con-full e-flex e-con e-child\" data-id=\"86466fa\" data-element_type=\"container\">\n\t\t<div class=\"elementor-element elementor-element-8a1759c e-flex e-con-boxed e-con e-child\" data-id=\"8a1759c\" data-element_type=\"container\">\n\t\t\t\t\t<div class=\"e-con-inner\">\n\t\t\t\t<div class=\"elementor-element elementor-element-1e20647 elementor-widget elementor-widget-image\" data-id=\"1e20647\" data-element_type=\"widget\" data-widget_type=\"image.default\">\n\t\t\t\t<div class=\"elementor-widget-container\">\n\t\t\t<style>\/*! elementor - v3.23.0 - 05-08-2024 *\/\n.elementor-widget-image{text-align:center}.elementor-widget-image a{display:inline-block}.elementor-widget-image a img[src$=\".svg\"]{width:48px}.elementor-widget-image img{vertical-align:middle;display:inline-block}<\/style>\t\t\t\t\t\t\t\t\t\t<img fetchpriority=\"high\" decoding=\"async\" width=\"300\" height=\"300\" src=\"https:\/\/jardfe.com\/wp-content\/uploads\/2024\/06\/tyr_square-300x300.png\" class=\"attachment-medium size-medium wp-image-5659\" alt=\"tyr rune\" srcset=\"https:\/\/jardfe.com\/wp-content\/uploads\/2024\/06\/tyr_square-300x300.png 300w, https:\/\/jardfe.com\/wp-content\/uploads\/2024\/06\/tyr_square-150x150.png 150w, https:\/\/jardfe.com\/wp-content\/uploads\/2024\/06\/tyr_square-768x768.png 768w, https:\/\/jardfe.com\/wp-content\/uploads\/2024\/06\/tyr_square-12x12.png 12w, https:\/\/jardfe.com\/wp-content\/uploads\/2024\/06\/tyr_square-100x100.png 100w, https:\/\/jardfe.com\/wp-content\/uploads\/2024\/06\/tyr_square.png 996w\" sizes=\"(max-width: 300px) 100vw, 300px\" \/>\t\t\t\t\t\t\t\t\t\t\t\t\t<\/div>\n\t\t\t\t<\/div>\n\t\t\t\t\t<\/div>\n\t\t\t\t<\/div>\n\t\t<div class=\"elementor-element elementor-element-78f78fb e-flex e-con-boxed e-con e-child\" data-id=\"78f78fb\" data-element_type=\"container\">\n\t\t\t\t\t<div class=\"e-con-inner\">\n\t\t\t\t<div class=\"elementor-element elementor-element-2ef1445 elementor-widget elementor-widget-image\" data-id=\"2ef1445\" data-element_type=\"widget\" data-widget_type=\"image.default\">\n\t\t\t\t<div class=\"elementor-widget-container\">\n\t\t\t\t\t\t\t\t\t\t\t\t\t<img decoding=\"async\" width=\"300\" height=\"300\" src=\"https:\/\/jardfe.com\/wp-content\/uploads\/2024\/06\/tyr_square_short-300x300.png\" class=\"attachment-medium size-medium wp-image-5888\" alt=\"\" srcset=\"https:\/\/jardfe.com\/wp-content\/uploads\/2024\/06\/tyr_square_short-300x300.png 300w, https:\/\/jardfe.com\/wp-content\/uploads\/2024\/06\/tyr_square_short-150x150.png 150w, https:\/\/jardfe.com\/wp-content\/uploads\/2024\/06\/tyr_square_short-768x768.png 768w, https:\/\/jardfe.com\/wp-content\/uploads\/2024\/06\/tyr_square_short-12x12.png 12w, https:\/\/jardfe.com\/wp-content\/uploads\/2024\/06\/tyr_square_short-100x100.png 100w, https:\/\/jardfe.com\/wp-content\/uploads\/2024\/06\/tyr_square_short.png 996w\" sizes=\"(max-width: 300px) 100vw, 300px\" \/>\t\t\t\t\t\t\t\t\t\t\t\t\t<\/div>\n\t\t\t\t<\/div>\n\t\t\t\t\t<\/div>\n\t\t\t\t<\/div>\n\t\t\t\t<\/div>\n\t\t\t\t<div class=\"elementor-element elementor-element-a16af85 elementor-widget elementor-widget-text-editor\" data-id=\"a16af85\" data-element_type=\"widget\" data-widget_type=\"text-editor.default\">\n\t\t\t\t<div class=\"elementor-widget-container\">\n\t\t\t<style>\/*! elementor - v3.23.0 - 05-08-2024 *\/\n.elementor-widget-text-editor.elementor-drop-cap-view-stacked .elementor-drop-cap{background-color:#69727d;color:#fff}.elementor-widget-text-editor.elementor-drop-cap-view-framed .elementor-drop-cap{color:#69727d;border:3px solid;background-color:transparent}.elementor-widget-text-editor:not(.elementor-drop-cap-view-default) .elementor-drop-cap{margin-top:8px}.elementor-widget-text-editor:not(.elementor-drop-cap-view-default) .elementor-drop-cap-letter{width:1em;height:1em}.elementor-widget-text-editor .elementor-drop-cap{float:left;text-align:center;line-height:1;font-size:50px}.elementor-widget-text-editor .elementor-drop-cap-letter{display:inline-block}<\/style>\t\t\t\t<p><strong>T\u00fdr<\/strong> in old Norse, representing the viking rune letter <strong>T<\/strong> or <strong>D<\/strong>, and <a href=\"https:\/\/jardfe.com\/runes-older-futhark\/tiwaz\/\"><strong>tiwaz\/teiwaz<\/strong><\/a> in proto-Germanic <a href=\"https:\/\/jardfe.com\/runes-elder-futhark\/\">elder futhark<\/a> is named after the god <strong>Tyr<\/strong>. The &#8220;long-branch&#8221; rune, mainly found in Denmark, is similar to an upwards-pointing arrow. The &#8220;short-branch&#8221; rune, mostly found in Sweden and Norway, is similar to the long-branch, but with only the left-hand part of the arrow point.<\/p><blockquote><p>S\u00e1 er enn \u00e1ss, er T\u00fdr heitir.<br \/>Hann er djarfastr ok bezt huga\u00f0r, ok hann r\u00e6\u00f0r mj\u00f6k sigri \u00ed orrostum.<br \/>\u00c1 hann er gott at heita hreystim\u00f6nnum.<\/p><p>There is another Aas, called Tyr.<br \/>He is very bold and brave, and he decides over victory in war.<br \/>Warriors should invoke him.<\/p><\/blockquote><p><strong>T\u00fdr<\/strong> is the Norse god of war and justice, embodies principles of courage, sacrifice, and the lawful order of the cosmos. <strong>T\u00fdr<\/strong> was an important deity in Norse mythology, so significant as to have his own day &#8211; Tuesday, from <strong>Tiwesd\u00e6g<\/strong>, meaning <strong>Tiw&#8217;s day<\/strong>, the old English name for <strong>Tyr<\/strong>. In current Nordic languages this also holds true. For example <strong>Tirsdag<\/strong> in Norwegian or Danish and <strong>Tisdag<\/strong> in Swedish all derive from the old Norse <strong>tysdagr<\/strong>.<\/p><p>As the quote above attests to, warriors should invoke <strong>T\u00fdr<\/strong>, who sacrificed his hand to bind the Fenrir, a symbol of the bravery required to uphold order and righteousness. <strong>T\u00fdr<\/strong> therefore represents not only martial valor but also the willingness to make personal sacrifices for the greater good, embodying a complex blend of justice, honor, and leadership.<\/p><p><strong>T\u00fdr<\/strong> serves as a potent reminder of the values of courage, integrity, and the importance of making difficult choices for the sake of justice. It encourages us to face our fears and challenges with bravery and to stand up for what is right, even at a personal cost.<\/p><p>By embracing the spirit of <strong>T\u00fdr<\/strong>, we can draw upon ancient wisdom to navigate the complexities of modern life, enhancing our spiritual resilience and commitment to ethical action.<\/p>\t\t\t\t\t\t<\/div>\n\t\t\t\t<\/div>\n\t\t\t\t<div class=\"elementor-element elementor-element-3eb1bc2 premium-woo-product-align-center premium-qv-hidden-yes elementor-widget elementor-widget-premium-woo-products\" data-id=\"3eb1bc2\" data-element_type=\"widget\" data-settings=\"{&quot;products_show&quot;:3,&quot;products_show_tablet&quot;:2,&quot;products_show_mobile&quot;:1,&quot;products_on_scroll&quot;:1}\" data-widget_type=\"premium-woo-products.grid-2\">\n\t\t\t\t<div class=\"elementor-widget-container\">\n\t\t\t<div class=\"premium-carousel-hidden premium-woocommerce premium-woo-products-carousel premium-woo-skin-grid-2 premium-woo-query-custom\" data-woo_carousel=\"{&quot;slidesToShow&quot;:3,&quot;slidesToScroll&quot;:1,&quot;autoplaySpeed&quot;:3000,&quot;autoplay&quot;:true,&quot;infinite&quot;:true,&quot;pauseOnHover&quot;:false,&quot;speed&quot;:500,&quot;arrows&quot;:true,&quot;dots&quot;:true,&quot;rtl&quot;:false,&quot;prevArrow&quot;:&quot;&lt;a type=\\&quot;button\\&quot; data-role=\\&quot;none\\&quot; class=\\&quot;carousel-arrow carousel-prev\\&quot; aria-label=\\&quot;Previous\\&quot; role=\\&quot;button\\&quot; style=\\&quot;\\&quot;&gt;&lt;i class=\\&quot;fas fa-angle-left\\&quot; aria-hidden=\\&quot;true\\&quot;&gt;&lt;\\\/i&gt;&lt;\\\/a&gt;&quot;,&quot;nextArrow&quot;:&quot;&lt;a type=\\&quot;button\\&quot; data-role=\\&quot;none\\&quot; class=\\&quot;carousel-arrow carousel-next\\&quot; aria-label=\\&quot;Next\\&quot; role=\\&quot;button\\&quot; style=\\&quot;\\&quot;&gt;&lt;i class=\\&quot;fas fa-angle-right\\&quot; aria-hidden=\\&quot;true\\&quot;&gt;&lt;\\\/i&gt;&lt;\\\/a&gt;&quot;,&quot;responsive&quot;:[{&quot;breakpoint&quot;:1024,&quot;settings&quot;:{&quot;slidesToShow&quot;:2,&quot;slidesToScroll&quot;:2}},{&quot;breakpoint&quot;:767,&quot;settings&quot;:{&quot;slidesToShow&quot;:1,&quot;slidesToScroll&quot;:1}}]}\" data-page-id=\"2856\" data-skin=\"grid_2\" data-quick-view=\"yes\"><div class=\"premium-woo-products-inner premium-woo-product__hover-swap\"><ul class=\"products columns-3\">\n\n<li class=\"post-5764 product first instock taxable shipping-taxable purchasable product-type-simple\">\n\t<div class=\"premium-woo-product-wrapper\">\n\t\t<div class=\"premium-woo-product-thumbnail\"><a href=\"https:\/\/jardfe.com\/no\/product\/tyr-golden-glyph-rune-pendant-necklace\/\" class=\"woocommerce-LoopProduct-link woocommerce-loop-product__link\"><img decoding=\"async\" src=\"https:\/\/jardfe.com\/wp-content\/uploads\/2024\/02\/P2009_01-768x499.jpg\" alt=\"handmade silver and gold futhark initial pendant necklace\"><img decoding=\"async\" width=\"768\" height=\"512\" src=\"https:\/\/jardfe.com\/wp-content\/uploads\/2024\/03\/P2009_handheld-768x512.jpg\" class=\"premium-woo-product__on_hover\" alt=\"handmade silver and gold futhark initial pendant necklace\" \/><\/a><div class=\"premium-woo-products-details-wrap\"><div class=\"premium-woo-product-details\"><a href=\"https:\/\/jardfe.com\/no\/product\/tyr-golden-glyph-rune-pendant-necklace\/\" class=\"premium-woo-product__link\"><h2 class=\"woocommerce-loop-product__title\">T\u00fdr Golden Glyph Rune Pendant Necklace<\/h2><\/a>\t\t\t<span class=\"premium-woo-product-category\">\n\t\t\t\tGolden Glyph Pendants\t\t\t<\/span>\n\t\t\t<div class=\"star-rating\"><span style=\"width:0%\" data-no-translation=\"\" data-trp-gettext=\"\">Vurdert <strong class=\"rating\">0<\/strong> av 5<\/span><\/div>\n\t<span class=\"price\"><span class=\"woocommerce-Price-amount amount\"><bdi><span class=\"woocommerce-Price-currencySymbol\">NOK<\/span>&nbsp;1990<\/bdi><\/span><\/span>\n<\/div><div class=\"premium-woo-product-actions-wrapper\"><div class=\"premium-woo-atc-button\" data-variations=\"&quot;true&quot;\"><a href=\"?add-to-cart=5764\" aria-describedby=\"woocommerce_loop_add_to_cart_link_describedby_5764\" data-quantity=\"1\" class=\"button product_type_simple add_to_cart_button ajax_add_to_cart\" data-product_id=\"5764\" data-product_sku=\"\" aria-label=\"Legg i handlekurven: \u201cT\u00fdr Golden Glyph Rune Pendant Necklace\u201d\" rel=\"nofollow\" data-no-translation=\"\" data-trp-gettext=\"\" data-no-translation-aria-label=\"\">Legg i handlekurv<\/a><span id=\"woocommerce_loop_add_to_cart_link_describedby_5764\" class=\"screen-reader-text\">\n\t<\/span>\n<\/div><div class=\"premium-woo-qv-btn button\" data-product-id=\"5764\">Quick View<\/div><\/div><\/div><\/div>\t<\/div>\n<\/li>\n<\/ul>\n<\/div><\/div><div id=\"premium-woo-quick-view-3eb1bc2\" class=\"premium-woo-quick-view-3eb1bc2\">\r\n\t<div class=\"premium-woo-quick-view-back\">\r\n\t\t<div class=\"premium-woo-quick-view-loader\"><\/div>\r\n\t<\/div>\r\n\t<div id=\"premium-woo-quick-view-modal\">\r\n\t\t<div class=\"premium-woo-content-main-wrapper\"><!--\r\n\t\t--><div class=\"premium-woo-content-main\">\r\n\t\t\t\t<div class=\"premium-woo-lightbox-content\">\r\n\r\n\t\t\t\t\t<a href=\"#\" class=\"premium-woo-quick-view-close fa fa-close\"><\/a>\r\n\r\n\t\t\t\t\t<div id=\"premium-woo-quick-view-content\" class=\"woocommerce single-product\"><\/div>\r\n\t\t\t\t<\/div>\r\n\t\t\t<\/div>\r\n\t\t<\/div>\r\n\t<\/div>\r\n<\/div>\r\n\t\t<\/div>\n\t\t\t\t<\/div>\n\t\t\t\t\t<\/div>\n\t\t\t\t<\/div>\n\t\t\t\t<\/div>","protected":false},"excerpt":{"rendered":"<p>T\u00fdr T\u00fdr in old Norse, representing the viking rune letter T or D, and tiwaz\/teiwaz in proto-Germanic elder futhark is [&hellip;]<\/p>","protected":false},"author":3,"featured_media":5659,"parent":2446,"menu_order":11,"comment_status":"closed","ping_status":"closed","template":"","meta":{"site-sidebar-layout":"no-sidebar","site-content-layout":"page-builder","ast-site-content-layout":"full-width-container","site-content-style":"default","site-sidebar-style":"default","ast-global-header-display":"","ast-banner-title-visibility":"","ast-main-header-display":"","ast-hfb-above-header-display":"","ast-hfb-below-header-display":"","ast-hfb-mobile-header-display":"","site-post-title":"disabled","ast-breadcrumbs-content":"","ast-featured-img":"disabled","footer-sml-layout":"","theme-transparent-header-meta":"","adv-header-id-meta":"","stick-header-meta":"","header-above-stick-meta":"","header-main-stick-meta":"","header-below-stick-meta":"","astra-migrate-meta-layouts":"set","ast-page-background-enabled":"default","ast-page-background-meta":{"desktop":{"background-color":"var(--ast-global-color-4)","background-image":"","background-repeat":"repeat","background-position":"center center","background-size":"auto","background-attachment":"scroll","background-type":"","background-media":"","overlay-type":"","overlay-color":"","overlay-opacity":"","overlay-gradient":""},"tablet":{"background-color":"","background-image":"","background-repeat":"repeat","background-position":"center center","background-size":"auto","background-attachment":"scroll","background-type":"","background-media":"","overlay-type":"","overlay-color":"","overlay-opacity":"","overlay-gradient":""},"mobile":{"background-color":"","background-image":"","background-repeat":"repeat","background-position":"center center","background-size":"auto","background-attachment":"scroll","background-type":"","background-media":"","overlay-type":"","overlay-color":"","overlay-opacity":"","overlay-gradient":""}},"ast-content-background-meta":{"desktop":{"background-color":"var(--ast-global-color-5)","background-image":"","background-repeat":"repeat","background-position":"center center","background-size":"auto","background-attachment":"scroll","background-type":"","background-media":"","overlay-type":"","overlay-color":"","overlay-opacity":"","overlay-gradient":""},"tablet":{"background-color":"var(--ast-global-color-5)","background-image":"","background-repeat":"repeat","background-position":"center center","background-size":"auto","background-attachment":"scroll","background-type":"","background-media":"","overlay-type":"","overlay-color":"","overlay-opacity":"","overlay-gradient":""},"mobile":{"background-color":"var(--ast-global-color-5)","background-image":"","background-repeat":"repeat","background-position":"center center","background-size":"auto","background-attachment":"scroll","background-type":"","background-media":"","overlay-type":"","overlay-color":"","overlay-opacity":"","overlay-gradient":""}},"footnotes":""},"class_list":["post-2856","page","type-page","status-publish","has-post-thumbnail","hentry","desktop-align-left","tablet-align-left","mobile-align-left"],"yoast_head":"<!-- This site is optimized with the Yoast SEO plugin v23.4 - https:\/\/yoast.com\/wordpress\/plugins\/seo\/ -->\n<title>T\u00fdr - jar\u00f0fe<\/title>\n<meta name=\"description\" content=\"T\u00fdr, the viking rune letter T, the Norse deity of war and justice, epitomizes courage, sacrifice, and moral integrity, inspiring righteousness and ethical decision-making.\" \/>\n<meta name=\"robots\" content=\"index, follow, max-snippet:-1, max-image-preview:large, max-video-preview:-1\" \/>\n<link rel=\"canonical\" href=\"https:\/\/jardfe.com\/no\/runes\/runes-younger-futhark\/tyr\/\" \/>\n<meta property=\"og:locale\" content=\"nb_NO\" \/>\n<meta property=\"og:type\" content=\"article\" \/>\n<meta property=\"og:title\" content=\"T\u00fdr - jar\u00f0fe\" \/>\n<meta property=\"og:description\" content=\"T\u00fdr, the viking rune letter T, the Norse deity of war and justice, epitomizes courage, sacrifice, and moral integrity, inspiring righteousness and ethical decision-making.\" \/>\n<meta property=\"og:url\" content=\"https:\/\/jardfe.com\/no\/runes\/runes-younger-futhark\/tyr\/\" \/>\n<meta property=\"og:site_name\" content=\"jar\u00f0fe\" \/>\n<meta property=\"article:modified_time\" content=\"2024-06-14T15:51:33+00:00\" \/>\n<meta property=\"og:image\" content=\"https:\/\/jardfe.com\/wp-content\/uploads\/2024\/06\/tyr_square.png\" \/>\n\t<meta property=\"og:image:width\" content=\"996\" \/>\n\t<meta property=\"og:image:height\" content=\"996\" \/>\n\t<meta property=\"og:image:type\" content=\"image\/png\" \/>\n<meta name=\"twitter:card\" content=\"summary_large_image\" \/>\n<meta name=\"twitter:label1\" content=\"Ansl. lesetid\" \/>\n\t<meta name=\"twitter:data1\" content=\"3 minutter\" \/>\n<script type=\"application\/ld+json\" class=\"yoast-schema-graph\">{\"@context\":\"https:\/\/schema.org\",\"@graph\":[{\"@type\":\"WebPage\",\"@id\":\"https:\/\/jardfe.com\/en\/runes\/runes-younger-futhark\/tyr\/\",\"url\":\"https:\/\/jardfe.com\/en\/runes\/runes-younger-futhark\/tyr\/\",\"name\":\"T\u00fdr - jar\u00f0fe\",\"isPartOf\":{\"@id\":\"https:\/\/jardfe.com\/#website\"},\"primaryImageOfPage\":{\"@id\":\"https:\/\/jardfe.com\/en\/runes\/runes-younger-futhark\/tyr\/#primaryimage\"},\"image\":{\"@id\":\"https:\/\/jardfe.com\/en\/runes\/runes-younger-futhark\/tyr\/#primaryimage\"},\"thumbnailUrl\":\"https:\/\/jardfe.com\/wp-content\/uploads\/2024\/06\/tyr_square.png\",\"datePublished\":\"2024-03-21T10:45:02+00:00\",\"dateModified\":\"2024-06-14T15:51:33+00:00\",\"description\":\"T\u00fdr, the viking rune letter T, the Norse deity of war and justice, epitomizes courage, sacrifice, and moral integrity, inspiring righteousness and ethical decision-making.\",\"breadcrumb\":{\"@id\":\"https:\/\/jardfe.com\/en\/runes\/runes-younger-futhark\/tyr\/#breadcrumb\"},\"inLanguage\":\"nb-NO\",\"potentialAction\":[{\"@type\":\"ReadAction\",\"target\":[\"https:\/\/jardfe.com\/en\/runes\/runes-younger-futhark\/tyr\/\"]}]},{\"@type\":\"ImageObject\",\"inLanguage\":\"nb-NO\",\"@id\":\"https:\/\/jardfe.com\/en\/runes\/runes-younger-futhark\/tyr\/#primaryimage\",\"url\":\"https:\/\/jardfe.com\/wp-content\/uploads\/2024\/06\/tyr_square.png\",\"contentUrl\":\"https:\/\/jardfe.com\/wp-content\/uploads\/2024\/06\/tyr_square.png\",\"width\":996,\"height\":996,\"caption\":\"tyr rune\"},{\"@type\":\"BreadcrumbList\",\"@id\":\"https:\/\/jardfe.com\/en\/runes\/runes-younger-futhark\/tyr\/#breadcrumb\",\"itemListElement\":[{\"@type\":\"ListItem\",\"position\":1,\"name\":\"Home\",\"item\":\"https:\/\/jardfe.com\/\"},{\"@type\":\"ListItem\",\"position\":2,\"name\":\"Runes\",\"item\":\"https:\/\/jardfe.com\/en\/runes\/\"},{\"@type\":\"ListItem\",\"position\":3,\"name\":\"Runes &#8211; Younger Futhark\",\"item\":\"https:\/\/jardfe.com\/runes\/runes-younger-futhark\/\"},{\"@type\":\"ListItem\",\"position\":4,\"name\":\"T\u00fdr\"}]},{\"@type\":\"WebSite\",\"@id\":\"https:\/\/jardfe.com\/#website\",\"url\":\"https:\/\/jardfe.com\/\",\"name\":\"jar\u00f0fe\",\"description\":\"Authentic Viking Jewelry Hand Made in Norway\",\"publisher\":{\"@id\":\"https:\/\/jardfe.com\/#organization\"},\"potentialAction\":[{\"@type\":\"SearchAction\",\"target\":{\"@type\":\"EntryPoint\",\"urlTemplate\":\"https:\/\/jardfe.com\/?s={search_term_string}\"},\"query-input\":{\"@type\":\"PropertyValueSpecification\",\"valueRequired\":true,\"valueName\":\"search_term_string\"}}],\"inLanguage\":\"nb-NO\"},{\"@type\":\"Organization\",\"@id\":\"https:\/\/jardfe.com\/#organization\",\"name\":\"jar\u00f0fe\",\"url\":\"https:\/\/jardfe.com\/\",\"logo\":{\"@type\":\"ImageObject\",\"inLanguage\":\"nb-NO\",\"@id\":\"https:\/\/jardfe.com\/#\/schema\/logo\/image\/\",\"url\":\"https:\/\/jardfe.com\/wp-content\/uploads\/2024\/02\/jardfe-logo.png\",\"contentUrl\":\"https:\/\/jardfe.com\/wp-content\/uploads\/2024\/02\/jardfe-logo.png\",\"width\":845,\"height\":425,\"caption\":\"jar\u00f0fe\"},\"image\":{\"@id\":\"https:\/\/jardfe.com\/#\/schema\/logo\/image\/\"}}]}<\/script>\n<!-- \/ Yoast SEO plugin. -->","yoast_head_json":{"title":"T\u00fdr - jar\u00f0fe","description":"T\u00fdr, the viking rune letter T, the Norse deity of war and justice, epitomizes courage, sacrifice, and moral integrity, inspiring righteousness and ethical decision-making.","robots":{"index":"index","follow":"follow","max-snippet":"max-snippet:-1","max-image-preview":"max-image-preview:large","max-video-preview":"max-video-preview:-1"},"canonical":"https:\/\/jardfe.com\/no\/runes\/runes-younger-futhark\/tyr\/","og_locale":"nb_NO","og_type":"article","og_title":"T\u00fdr - jar\u00f0fe","og_description":"T\u00fdr, the viking rune letter T, the Norse deity of war and justice, epitomizes courage, sacrifice, and moral integrity, inspiring righteousness and ethical decision-making.","og_url":"https:\/\/jardfe.com\/no\/runes\/runes-younger-futhark\/tyr\/","og_site_name":"jar\u00f0fe","article_modified_time":"2024-06-14T15:51:33+00:00","og_image":[{"width":996,"height":996,"url":"https:\/\/jardfe.com\/wp-content\/uploads\/2024\/06\/tyr_square.png","type":"image\/png"}],"twitter_card":"summary_large_image","twitter_misc":{"Ansl. lesetid":"3 minutter"},"schema":{"@context":"https:\/\/schema.org","@graph":[{"@type":"WebPage","@id":"https:\/\/jardfe.com\/en\/runes\/runes-younger-futhark\/tyr\/","url":"https:\/\/jardfe.com\/en\/runes\/runes-younger-futhark\/tyr\/","name":"T\u00fdr - jar\u00f0fe","isPartOf":{"@id":"https:\/\/jardfe.com\/#website"},"primaryImageOfPage":{"@id":"https:\/\/jardfe.com\/en\/runes\/runes-younger-futhark\/tyr\/#primaryimage"},"image":{"@id":"https:\/\/jardfe.com\/en\/runes\/runes-younger-futhark\/tyr\/#primaryimage"},"thumbnailUrl":"https:\/\/jardfe.com\/wp-content\/uploads\/2024\/06\/tyr_square.png","datePublished":"2024-03-21T10:45:02+00:00","dateModified":"2024-06-14T15:51:33+00:00","description":"T\u00fdr, the viking rune letter T, the Norse deity of war and justice, epitomizes courage, sacrifice, and moral integrity, inspiring righteousness and ethical decision-making.","breadcrumb":{"@id":"https:\/\/jardfe.com\/en\/runes\/runes-younger-futhark\/tyr\/#breadcrumb"},"inLanguage":"nb-NO","potentialAction":[{"@type":"ReadAction","target":["https:\/\/jardfe.com\/en\/runes\/runes-younger-futhark\/tyr\/"]}]},{"@type":"ImageObject","inLanguage":"nb-NO","@id":"https:\/\/jardfe.com\/en\/runes\/runes-younger-futhark\/tyr\/#primaryimage","url":"https:\/\/jardfe.com\/wp-content\/uploads\/2024\/06\/tyr_square.png","contentUrl":"https:\/\/jardfe.com\/wp-content\/uploads\/2024\/06\/tyr_square.png","width":996,"height":996,"caption":"tyr rune"},{"@type":"BreadcrumbList","@id":"https:\/\/jardfe.com\/en\/runes\/runes-younger-futhark\/tyr\/#breadcrumb","itemListElement":[{"@type":"ListItem","position":1,"name":"Home","item":"https:\/\/jardfe.com\/"},{"@type":"ListItem","position":2,"name":"Runes","item":"https:\/\/jardfe.com\/en\/runes\/"},{"@type":"ListItem","position":3,"name":"Runes &#8211; Younger Futhark","item":"https:\/\/jardfe.com\/runes\/runes-younger-futhark\/"},{"@type":"ListItem","position":4,"name":"T\u00fdr"}]},{"@type":"WebSite","@id":"https:\/\/jardfe.com\/#website","url":"https:\/\/jardfe.com\/","name":"jar\u00f0fe","description":"Authentic Viking Jewelry Hand Made in Norway","publisher":{"@id":"https:\/\/jardfe.com\/#organization"},"potentialAction":[{"@type":"SearchAction","target":{"@type":"EntryPoint","urlTemplate":"https:\/\/jardfe.com\/?s={search_term_string}"},"query-input":{"@type":"PropertyValueSpecification","valueRequired":true,"valueName":"search_term_string"}}],"inLanguage":"nb-NO"},{"@type":"Organization","@id":"https:\/\/jardfe.com\/#organization","name":"jar\u00f0fe","url":"https:\/\/jardfe.com\/","logo":{"@type":"ImageObject","inLanguage":"nb-NO","@id":"https:\/\/jardfe.com\/#\/schema\/logo\/image\/","url":"https:\/\/jardfe.com\/wp-content\/uploads\/2024\/02\/jardfe-logo.png","contentUrl":"https:\/\/jardfe.com\/wp-content\/uploads\/2024\/02\/jardfe-logo.png","width":845,"height":425,"caption":"jar\u00f0fe"},"image":{"@id":"https:\/\/jardfe.com\/#\/schema\/logo\/image\/"}}]}},"_links":{"self":[{"href":"https:\/\/jardfe.com\/no\/wp-json\/wp\/v2\/pages\/2856","targetHints":{"allow":["GET"]}}],"collection":[{"href":"https:\/\/jardfe.com\/no\/wp-json\/wp\/v2\/pages"}],"about":[{"href":"https:\/\/jardfe.com\/no\/wp-json\/wp\/v2\/types\/page"}],"author":[{"embeddable":true,"href":"https:\/\/jardfe.com\/no\/wp-json\/wp\/v2\/users\/3"}],"replies":[{"embeddable":true,"href":"https:\/\/jardfe.com\/no\/wp-json\/wp\/v2\/comments?post=2856"}],"version-history":[{"count":10,"href":"https:\/\/jardfe.com\/no\/wp-json\/wp\/v2\/pages\/2856\/revisions"}],"predecessor-version":[{"id":5892,"href":"https:\/\/jardfe.com\/no\/wp-json\/wp\/v2\/pages\/2856\/revisions\/5892"}],"up":[{"embeddable":true,"href":"https:\/\/jardfe.com\/no\/wp-json\/wp\/v2\/pages\/2446"}],"wp:featuredmedia":[{"embeddable":true,"href":"https:\/\/jardfe.com\/no\/wp-json\/wp\/v2\/media\/5659"}],"wp:attachment":[{"href":"https:\/\/jardfe.com\/no\/wp-json\/wp\/v2\/media?parent=2856"}],"curies":[{"name":"wp","href":"https:\/\/api.w.org\/{rel}","templated":true}]}}