{"id":2486,"date":"2024-03-20T17:34:18","date_gmt":"2024-03-20T17:34:18","guid":{"rendered":"http:\/\/viking.site\/?page_id=2486"},"modified":"2024-06-10T10:16:43","modified_gmt":"2024-06-10T10:16:43","slug":"ansuz","status":"publish","type":"page","link":"https:\/\/jardfe.com\/no\/runes\/runes-elder-futhark\/ansuz\/","title":{"rendered":"Ansuz"},"content":{"rendered":"<div data-elementor-type=\"wp-page\" data-elementor-id=\"2486\" class=\"elementor elementor-2486\">\n\t\t\t\t<div class=\"elementor-element elementor-element-2a000ef e-flex e-con-boxed e-con e-parent\" data-id=\"2a000ef\" data-element_type=\"container\">\n\t\t\t\t\t<div class=\"e-con-inner\">\n\t\t\t\t<div class=\"elementor-element elementor-element-4d99d65 elementor-widget elementor-widget-heading\" data-id=\"4d99d65\" data-element_type=\"widget\" id=\"ansuz\" data-widget_type=\"heading.default\">\n\t\t\t\t<div class=\"elementor-widget-container\">\n\t\t\t<style>\/*! elementor - v3.23.0 - 05-08-2024 *\/\n.elementor-heading-title{padding:0;margin:0;line-height:1}.elementor-widget-heading .elementor-heading-title[class*=elementor-size-]>a{color:inherit;font-size:inherit;line-height:inherit}.elementor-widget-heading .elementor-heading-title.elementor-size-small{font-size:15px}.elementor-widget-heading .elementor-heading-title.elementor-size-medium{font-size:19px}.elementor-widget-heading .elementor-heading-title.elementor-size-large{font-size:29px}.elementor-widget-heading .elementor-heading-title.elementor-size-xl{font-size:39px}.elementor-widget-heading .elementor-heading-title.elementor-size-xxl{font-size:59px}<\/style><h2 class=\"elementor-heading-title elementor-size-default\">Ansuz<\/h2>\t\t<\/div>\n\t\t\t\t<\/div>\n\t\t\t\t<div class=\"elementor-element elementor-element-a0dba2e elementor-widget elementor-widget-image\" data-id=\"a0dba2e\" data-element_type=\"widget\" data-widget_type=\"image.default\">\n\t\t\t\t<div class=\"elementor-widget-container\">\n\t\t\t<style>\/*! elementor - v3.23.0 - 05-08-2024 *\/\n.elementor-widget-image{text-align:center}.elementor-widget-image a{display:inline-block}.elementor-widget-image a img[src$=\".svg\"]{width:48px}.elementor-widget-image img{vertical-align:middle;display:inline-block}<\/style>\t\t\t\t\t\t\t\t\t\t<img decoding=\"async\" width=\"111\" height=\"300\" src=\"https:\/\/jardfe.com\/wp-content\/uploads\/2024\/03\/ansuz-111x300.png\" class=\"attachment-medium size-medium wp-image-2583\" alt=\"\" srcset=\"https:\/\/jardfe.com\/wp-content\/uploads\/2024\/03\/ansuz-111x300.png 111w, https:\/\/jardfe.com\/wp-content\/uploads\/2024\/03\/ansuz-4x12.png 4w, https:\/\/jardfe.com\/wp-content\/uploads\/2024\/03\/ansuz.png 378w\" sizes=\"(max-width: 111px) 100vw, 111px\" \/>\t\t\t\t\t\t\t\t\t\t\t\t\t<\/div>\n\t\t\t\t<\/div>\n\t\t\t\t<div class=\"elementor-element elementor-element-a16af85 elementor-widget elementor-widget-text-editor\" data-id=\"a16af85\" data-element_type=\"widget\" data-widget_type=\"text-editor.default\">\n\t\t\t\t<div class=\"elementor-widget-container\">\n\t\t\t<style>\/*! elementor - v3.23.0 - 05-08-2024 *\/\n.elementor-widget-text-editor.elementor-drop-cap-view-stacked .elementor-drop-cap{background-color:#69727d;color:#fff}.elementor-widget-text-editor.elementor-drop-cap-view-framed .elementor-drop-cap{color:#69727d;border:3px solid;background-color:transparent}.elementor-widget-text-editor:not(.elementor-drop-cap-view-default) .elementor-drop-cap{margin-top:8px}.elementor-widget-text-editor:not(.elementor-drop-cap-view-default) .elementor-drop-cap-letter{width:1em;height:1em}.elementor-widget-text-editor .elementor-drop-cap{float:left;text-align:center;line-height:1;font-size:50px}.elementor-widget-text-editor .elementor-drop-cap-letter{display:inline-block}<\/style>\t\t\t\t<p><strong>Ansuz<\/strong> in proto-Germanic, representing the rune letter <strong>A<\/strong>, or <a href=\"https:\/\/jardfe.com\/runes-younger-futhark\/oss\/\">\u00f3ss or <strong>as<\/strong><\/a> in old Norse&#8217;s <a href=\"https:\/\/jardfe.com\/runes-younger-futhark\/\">younger futhark<\/a> and means &#8220;God&#8221; or specifically it refers to the \u00c6sir &#8211; the main family group of gods in Norse mythology. In the old Icelandic rune poem <strong>\u00f3ss<\/strong> refers to Odin directly.<\/p><blockquote><p>\u00d3\u00f0inn er \u00e6\u00f0str ok elztr \u00e1sanna. Hann r\u00e6\u00f0r \u00f6llum hlutum, ok sv\u00e1 sem \u00f6nnur go\u00f0in eru m\u00e1ttug, \u00fe\u00e1 \u00fej\u00f3na honum \u00f6ll sv\u00e1 sem b\u00f6rn f\u00f6\u00f0ur [&#8230;]<\/p><p>Odin is the highest and oldest of the \u00c6sir. He rules over all things, and no matter their power, all the other gods obey him like they were his children [&#8230;]<\/p><\/blockquote><p>Odin was not only the god of war, but also that of wisdom and poetry. He importantly sacrificed one of his eyes to drink from Mimir&#8217;s well, making him all-knowing. Odin has two ravens, Hugin and Munin, returning to him each day to relay him information of everything that happens. The summoning of Odin is an invocation of divine inspiration, the pursuit of truth and knowledge, and the ability to shape one&#8217;s destiny through language and understanding.<\/p><p><strong>Ansuz<\/strong> embodies the concept of communication, divine inspiration, and the transmission of wisdom from the gods. It signifies the power of speech, language, and the spoken word as vehicles for expressing truth, wisdom, and divine guidance. It encourages clear communication and effective expression, urging individuals to listen attentively to the messages of the gods and to communicate with integrity and authenticity.<\/p><p><strong>Ansuz<\/strong> encourages us to recognize the importance of divine inspiration and spiritual insight in guiding our actions and decisions. It serves as a reminder that our words are the architects of our fates, and our silence the sanctuary of our thoughts. By attuning to the wisdom of the divine and speaking with honesty and clarity, individuals can align themselves with higher truths and cultivate deeper connections with the divine forces that shape our lives.<\/p>\t\t\t\t\t\t<\/div>\n\t\t\t\t<\/div>\n\t\t\t\t<div class=\"elementor-element elementor-element-746bfd6 premium-woo-product-align-center premium-qv-hidden-yes elementor-widget elementor-widget-premium-woo-products\" data-id=\"746bfd6\" data-element_type=\"widget\" data-settings=\"{&quot;products_show&quot;:3,&quot;products_show_tablet&quot;:2,&quot;products_show_mobile&quot;:1,&quot;products_on_scroll&quot;:1}\" data-widget_type=\"premium-woo-products.grid-2\">\n\t\t\t\t<div class=\"elementor-widget-container\">\n\t\t\t<div class=\"premium-carousel-hidden premium-woocommerce premium-woo-products-carousel premium-woo-skin-grid-2 premium-woo-query-custom\" data-woo_carousel=\"{&quot;slidesToShow&quot;:3,&quot;slidesToScroll&quot;:1,&quot;autoplaySpeed&quot;:3000,&quot;autoplay&quot;:true,&quot;infinite&quot;:true,&quot;pauseOnHover&quot;:false,&quot;speed&quot;:500,&quot;arrows&quot;:true,&quot;dots&quot;:true,&quot;rtl&quot;:false,&quot;prevArrow&quot;:&quot;&lt;a type=\\&quot;button\\&quot; data-role=\\&quot;none\\&quot; class=\\&quot;carousel-arrow carousel-prev\\&quot; aria-label=\\&quot;Previous\\&quot; role=\\&quot;button\\&quot; style=\\&quot;\\&quot;&gt;&lt;i class=\\&quot;fas fa-angle-left\\&quot; aria-hidden=\\&quot;true\\&quot;&gt;&lt;\\\/i&gt;&lt;\\\/a&gt;&quot;,&quot;nextArrow&quot;:&quot;&lt;a type=\\&quot;button\\&quot; data-role=\\&quot;none\\&quot; class=\\&quot;carousel-arrow carousel-next\\&quot; aria-label=\\&quot;Next\\&quot; role=\\&quot;button\\&quot; style=\\&quot;\\&quot;&gt;&lt;i class=\\&quot;fas fa-angle-right\\&quot; aria-hidden=\\&quot;true\\&quot;&gt;&lt;\\\/i&gt;&lt;\\\/a&gt;&quot;,&quot;responsive&quot;:[{&quot;breakpoint&quot;:1024,&quot;settings&quot;:{&quot;slidesToShow&quot;:2,&quot;slidesToScroll&quot;:2}},{&quot;breakpoint&quot;:767,&quot;settings&quot;:{&quot;slidesToShow&quot;:1,&quot;slidesToScroll&quot;:1}}]}\" data-page-id=\"2486\" data-skin=\"grid_2\" data-quick-view=\"yes\"><div class=\"premium-woo-products-inner premium-woo-product__hover-swap\"><ul class=\"products columns-3\">\n\n<li class=\"post-2017 product first instock taxable shipping-taxable purchasable product-type-simple\">\n\t<div class=\"premium-woo-product-wrapper\">\n\t\t<div class=\"premium-woo-product-thumbnail\"><a href=\"https:\/\/jardfe.com\/no\/produkt\/ansuz-golden-glyph-rune-pendant-necklace\/\" class=\"woocommerce-LoopProduct-link woocommerce-loop-product__link\"><img decoding=\"async\" src=\"https:\/\/jardfe.com\/wp-content\/uploads\/2024\/02\/P2007_01-768x512.jpg\" alt=\"\"><img fetchpriority=\"high\" decoding=\"async\" width=\"768\" height=\"512\" src=\"https:\/\/jardfe.com\/wp-content\/uploads\/2024\/02\/P2007_handheld-768x512.jpg\" class=\"premium-woo-product__on_hover\" alt=\"handmade silver and gold futhark initial pendant necklace\" \/><\/a><div class=\"premium-woo-products-details-wrap\"><div class=\"premium-woo-product-details\"><a href=\"https:\/\/jardfe.com\/no\/produkt\/ansuz-golden-glyph-rune-pendant-necklace\/\" class=\"premium-woo-product__link\"><h2 class=\"woocommerce-loop-product__title\">Ansuz Golden Glyph Rune Pendant Necklace<\/h2><\/a>\t\t\t<span class=\"premium-woo-product-category\">\n\t\t\t\tAnsuz\t\t\t<\/span>\n\t\t\t<div class=\"star-rating\"><span style=\"width:0%\" data-no-translation=\"\" data-trp-gettext=\"\">Vurdert <strong class=\"rating\">0<\/strong> av 5<\/span><\/div>\n\t<span class=\"price\"><span class=\"woocommerce-Price-amount amount\"><bdi><span class=\"woocommerce-Price-currencySymbol\">NOK<\/span>&nbsp;1990<\/bdi><\/span><\/span>\n<\/div><div class=\"premium-woo-product-actions-wrapper\"><div class=\"premium-woo-atc-button\" data-variations=\"&quot;true&quot;\"><a href=\"?add-to-cart=2017\" aria-describedby=\"woocommerce_loop_add_to_cart_link_describedby_2017\" data-quantity=\"1\" class=\"button product_type_simple add_to_cart_button ajax_add_to_cart\" data-product_id=\"2017\" data-product_sku=\"\" aria-label=\"Legg i handlekurven: \u201cAnsuz Golden Glyph Rune Pendant Necklace\u201d\" rel=\"nofollow\" data-no-translation=\"\" data-trp-gettext=\"\" data-no-translation-aria-label=\"\">Legg i handlekurv<\/a><span id=\"woocommerce_loop_add_to_cart_link_describedby_2017\" class=\"screen-reader-text\">\n\t<\/span>\n<\/div><div class=\"premium-woo-qv-btn button\" data-product-id=\"2017\">Quick View<\/div><\/div><\/div><\/div>\t<\/div>\n<\/li>\n<\/ul>\n<\/div><\/div><div id=\"premium-woo-quick-view-746bfd6\" class=\"premium-woo-quick-view-746bfd6\">\r\n\t<div class=\"premium-woo-quick-view-back\">\r\n\t\t<div class=\"premium-woo-quick-view-loader\"><\/div>\r\n\t<\/div>\r\n\t<div id=\"premium-woo-quick-view-modal\">\r\n\t\t<div class=\"premium-woo-content-main-wrapper\"><!--\r\n\t\t--><div class=\"premium-woo-content-main\">\r\n\t\t\t\t<div class=\"premium-woo-lightbox-content\">\r\n\r\n\t\t\t\t\t<a href=\"#\" class=\"premium-woo-quick-view-close fa fa-close\"><\/a>\r\n\r\n\t\t\t\t\t<div id=\"premium-woo-quick-view-content\" class=\"woocommerce single-product\"><\/div>\r\n\t\t\t\t<\/div>\r\n\t\t\t<\/div>\r\n\t\t<\/div>\r\n\t<\/div>\r\n<\/div>\r\n\t\t<\/div>\n\t\t\t\t<\/div>\n\t\t\t\t\t<\/div>\n\t\t\t\t<\/div>\n\t\t\t\t<\/div>","protected":false},"excerpt":{"rendered":"<p>Ansuz Ansuz in proto-Germanic, representing the rune letter A, or \u00f3ss or as in old Norse&#8217;s younger futhark and means [&hellip;]<\/p>","protected":false},"author":1,"featured_media":5455,"parent":2443,"menu_order":3,"comment_status":"closed","ping_status":"closed","template":"","meta":{"site-sidebar-layout":"no-sidebar","site-content-layout":"page-builder","ast-site-content-layout":"full-width-container","site-content-style":"default","site-sidebar-style":"default","ast-global-header-display":"","ast-banner-title-visibility":"","ast-main-header-display":"","ast-hfb-above-header-display":"","ast-hfb-below-header-display":"","ast-hfb-mobile-header-display":"","site-post-title":"disabled","ast-breadcrumbs-content":"","ast-featured-img":"disabled","footer-sml-layout":"","theme-transparent-header-meta":"","adv-header-id-meta":"","stick-header-meta":"","header-above-stick-meta":"","header-main-stick-meta":"","header-below-stick-meta":"","astra-migrate-meta-layouts":"set","ast-page-background-enabled":"default","ast-page-background-meta":{"desktop":{"background-color":"var(--ast-global-color-4)","background-image":"","background-repeat":"repeat","background-position":"center center","background-size":"auto","background-attachment":"scroll","background-type":"","background-media":"","overlay-type":"","overlay-color":"","overlay-opacity":"","overlay-gradient":""},"tablet":{"background-color":"","background-image":"","background-repeat":"repeat","background-position":"center center","background-size":"auto","background-attachment":"scroll","background-type":"","background-media":"","overlay-type":"","overlay-color":"","overlay-opacity":"","overlay-gradient":""},"mobile":{"background-color":"","background-image":"","background-repeat":"repeat","background-position":"center center","background-size":"auto","background-attachment":"scroll","background-type":"","background-media":"","overlay-type":"","overlay-color":"","overlay-opacity":"","overlay-gradient":""}},"ast-content-background-meta":{"desktop":{"background-color":"var(--ast-global-color-5)","background-image":"","background-repeat":"repeat","background-position":"center center","background-size":"auto","background-attachment":"scroll","background-type":"","background-media":"","overlay-type":"","overlay-color":"","overlay-opacity":"","overlay-gradient":""},"tablet":{"background-color":"var(--ast-global-color-5)","background-image":"","background-repeat":"repeat","background-position":"center center","background-size":"auto","background-attachment":"scroll","background-type":"","background-media":"","overlay-type":"","overlay-color":"","overlay-opacity":"","overlay-gradient":""},"mobile":{"background-color":"var(--ast-global-color-5)","background-image":"","background-repeat":"repeat","background-position":"center center","background-size":"auto","background-attachment":"scroll","background-type":"","background-media":"","overlay-type":"","overlay-color":"","overlay-opacity":"","overlay-gradient":""}},"footnotes":""},"class_list":["post-2486","page","type-page","status-publish","has-post-thumbnail","hentry","desktop-align-left","tablet-align-left","mobile-align-left"],"yoast_head":"<!-- This site is optimized with the Yoast SEO plugin v23.4 - https:\/\/yoast.com\/wordpress\/plugins\/seo\/ -->\n<title>Ansuz - jar\u00f0fe<\/title>\n<meta name=\"description\" content=\"Ansuz rune - runic A - symbolizes divine wisdom and communication, reflecting Odin&#039;s guidance in truth and speech, encouraging integrity and spiritual connection.\" \/>\n<meta name=\"robots\" content=\"index, follow, max-snippet:-1, max-image-preview:large, max-video-preview:-1\" \/>\n<link rel=\"canonical\" href=\"https:\/\/jardfe.com\/no\/runes\/runes-elder-futhark\/ansuz\/\" \/>\n<meta property=\"og:locale\" content=\"nb_NO\" \/>\n<meta property=\"og:type\" content=\"article\" \/>\n<meta property=\"og:title\" content=\"Ansuz - jar\u00f0fe\" \/>\n<meta property=\"og:description\" content=\"Ansuz rune - runic A - symbolizes divine wisdom and communication, reflecting Odin&#039;s guidance in truth and speech, encouraging integrity and spiritual connection.\" \/>\n<meta property=\"og:url\" content=\"https:\/\/jardfe.com\/no\/runes\/runes-elder-futhark\/ansuz\/\" \/>\n<meta property=\"og:site_name\" content=\"jar\u00f0fe\" \/>\n<meta property=\"article:modified_time\" content=\"2024-06-10T10:16:43+00:00\" \/>\n<meta property=\"og:image\" content=\"https:\/\/jardfe.com\/wp-content\/uploads\/2024\/06\/ansuz_square.png\" \/>\n\t<meta property=\"og:image:width\" content=\"1023\" \/>\n\t<meta property=\"og:image:height\" content=\"1023\" \/>\n\t<meta property=\"og:image:type\" content=\"image\/png\" \/>\n<meta name=\"twitter:card\" content=\"summary_large_image\" \/>\n<meta name=\"twitter:label1\" content=\"Ansl. lesetid\" \/>\n\t<meta name=\"twitter:data1\" content=\"2 minutter\" \/>\n<script type=\"application\/ld+json\" class=\"yoast-schema-graph\">{\"@context\":\"https:\/\/schema.org\",\"@graph\":[{\"@type\":\"WebPage\",\"@id\":\"https:\/\/jardfe.com\/en\/runes\/runes-elder-futhark\/ansuz\/\",\"url\":\"https:\/\/jardfe.com\/en\/runes\/runes-elder-futhark\/ansuz\/\",\"name\":\"Ansuz - jar\u00f0fe\",\"isPartOf\":{\"@id\":\"https:\/\/jardfe.com\/#website\"},\"primaryImageOfPage\":{\"@id\":\"https:\/\/jardfe.com\/en\/runes\/runes-elder-futhark\/ansuz\/#primaryimage\"},\"image\":{\"@id\":\"https:\/\/jardfe.com\/en\/runes\/runes-elder-futhark\/ansuz\/#primaryimage\"},\"thumbnailUrl\":\"https:\/\/jardfe.com\/wp-content\/uploads\/2024\/06\/ansuz_square.png\",\"datePublished\":\"2024-03-20T17:34:18+00:00\",\"dateModified\":\"2024-06-10T10:16:43+00:00\",\"description\":\"Ansuz rune - runic A - symbolizes divine wisdom and communication, reflecting Odin's guidance in truth and speech, encouraging integrity and spiritual connection.\",\"breadcrumb\":{\"@id\":\"https:\/\/jardfe.com\/en\/runes\/runes-elder-futhark\/ansuz\/#breadcrumb\"},\"inLanguage\":\"nb-NO\",\"potentialAction\":[{\"@type\":\"ReadAction\",\"target\":[\"https:\/\/jardfe.com\/en\/runes\/runes-elder-futhark\/ansuz\/\"]}]},{\"@type\":\"ImageObject\",\"inLanguage\":\"nb-NO\",\"@id\":\"https:\/\/jardfe.com\/en\/runes\/runes-elder-futhark\/ansuz\/#primaryimage\",\"url\":\"https:\/\/jardfe.com\/wp-content\/uploads\/2024\/06\/ansuz_square.png\",\"contentUrl\":\"https:\/\/jardfe.com\/wp-content\/uploads\/2024\/06\/ansuz_square.png\",\"width\":1023,\"height\":1023,\"caption\":\"ansuz rune\"},{\"@type\":\"BreadcrumbList\",\"@id\":\"https:\/\/jardfe.com\/en\/runes\/runes-elder-futhark\/ansuz\/#breadcrumb\",\"itemListElement\":[{\"@type\":\"ListItem\",\"position\":1,\"name\":\"Home\",\"item\":\"https:\/\/jardfe.com\/\"},{\"@type\":\"ListItem\",\"position\":2,\"name\":\"Runes\",\"item\":\"https:\/\/jardfe.com\/en\/runes\/\"},{\"@type\":\"ListItem\",\"position\":3,\"name\":\"Runes &#8211; Elder Futhark\",\"item\":\"https:\/\/jardfe.com\/runes\/runes-elder-futhark\/\"},{\"@type\":\"ListItem\",\"position\":4,\"name\":\"Ansuz\"}]},{\"@type\":\"WebSite\",\"@id\":\"https:\/\/jardfe.com\/#website\",\"url\":\"https:\/\/jardfe.com\/\",\"name\":\"jar\u00f0fe\",\"description\":\"Authentic Viking Jewelry Hand Made in Norway\",\"publisher\":{\"@id\":\"https:\/\/jardfe.com\/#organization\"},\"potentialAction\":[{\"@type\":\"SearchAction\",\"target\":{\"@type\":\"EntryPoint\",\"urlTemplate\":\"https:\/\/jardfe.com\/?s={search_term_string}\"},\"query-input\":{\"@type\":\"PropertyValueSpecification\",\"valueRequired\":true,\"valueName\":\"search_term_string\"}}],\"inLanguage\":\"nb-NO\"},{\"@type\":\"Organization\",\"@id\":\"https:\/\/jardfe.com\/#organization\",\"name\":\"jar\u00f0fe\",\"url\":\"https:\/\/jardfe.com\/\",\"logo\":{\"@type\":\"ImageObject\",\"inLanguage\":\"nb-NO\",\"@id\":\"https:\/\/jardfe.com\/#\/schema\/logo\/image\/\",\"url\":\"https:\/\/jardfe.com\/wp-content\/uploads\/2024\/02\/jardfe-logo.png\",\"contentUrl\":\"https:\/\/jardfe.com\/wp-content\/uploads\/2024\/02\/jardfe-logo.png\",\"width\":845,\"height\":425,\"caption\":\"jar\u00f0fe\"},\"image\":{\"@id\":\"https:\/\/jardfe.com\/#\/schema\/logo\/image\/\"}}]}<\/script>\n<!-- \/ Yoast SEO plugin. -->","yoast_head_json":{"title":"Ansuz - jar\u00f0fe","description":"Ansuz rune - runic A - symbolizes divine wisdom and communication, reflecting Odin's guidance in truth and speech, encouraging integrity and spiritual connection.","robots":{"index":"index","follow":"follow","max-snippet":"max-snippet:-1","max-image-preview":"max-image-preview:large","max-video-preview":"max-video-preview:-1"},"canonical":"https:\/\/jardfe.com\/no\/runes\/runes-elder-futhark\/ansuz\/","og_locale":"nb_NO","og_type":"article","og_title":"Ansuz - jar\u00f0fe","og_description":"Ansuz rune - runic A - symbolizes divine wisdom and communication, reflecting Odin's guidance in truth and speech, encouraging integrity and spiritual connection.","og_url":"https:\/\/jardfe.com\/no\/runes\/runes-elder-futhark\/ansuz\/","og_site_name":"jar\u00f0fe","article_modified_time":"2024-06-10T10:16:43+00:00","og_image":[{"width":1023,"height":1023,"url":"https:\/\/jardfe.com\/wp-content\/uploads\/2024\/06\/ansuz_square.png","type":"image\/png"}],"twitter_card":"summary_large_image","twitter_misc":{"Ansl. lesetid":"2 minutter"},"schema":{"@context":"https:\/\/schema.org","@graph":[{"@type":"WebPage","@id":"https:\/\/jardfe.com\/en\/runes\/runes-elder-futhark\/ansuz\/","url":"https:\/\/jardfe.com\/en\/runes\/runes-elder-futhark\/ansuz\/","name":"Ansuz - jar\u00f0fe","isPartOf":{"@id":"https:\/\/jardfe.com\/#website"},"primaryImageOfPage":{"@id":"https:\/\/jardfe.com\/en\/runes\/runes-elder-futhark\/ansuz\/#primaryimage"},"image":{"@id":"https:\/\/jardfe.com\/en\/runes\/runes-elder-futhark\/ansuz\/#primaryimage"},"thumbnailUrl":"https:\/\/jardfe.com\/wp-content\/uploads\/2024\/06\/ansuz_square.png","datePublished":"2024-03-20T17:34:18+00:00","dateModified":"2024-06-10T10:16:43+00:00","description":"Ansuz rune - runic A - symbolizes divine wisdom and communication, reflecting Odin's guidance in truth and speech, encouraging integrity and spiritual connection.","breadcrumb":{"@id":"https:\/\/jardfe.com\/en\/runes\/runes-elder-futhark\/ansuz\/#breadcrumb"},"inLanguage":"nb-NO","potentialAction":[{"@type":"ReadAction","target":["https:\/\/jardfe.com\/en\/runes\/runes-elder-futhark\/ansuz\/"]}]},{"@type":"ImageObject","inLanguage":"nb-NO","@id":"https:\/\/jardfe.com\/en\/runes\/runes-elder-futhark\/ansuz\/#primaryimage","url":"https:\/\/jardfe.com\/wp-content\/uploads\/2024\/06\/ansuz_square.png","contentUrl":"https:\/\/jardfe.com\/wp-content\/uploads\/2024\/06\/ansuz_square.png","width":1023,"height":1023,"caption":"ansuz rune"},{"@type":"BreadcrumbList","@id":"https:\/\/jardfe.com\/en\/runes\/runes-elder-futhark\/ansuz\/#breadcrumb","itemListElement":[{"@type":"ListItem","position":1,"name":"Home","item":"https:\/\/jardfe.com\/"},{"@type":"ListItem","position":2,"name":"Runes","item":"https:\/\/jardfe.com\/en\/runes\/"},{"@type":"ListItem","position":3,"name":"Runes &#8211; Elder Futhark","item":"https:\/\/jardfe.com\/runes\/runes-elder-futhark\/"},{"@type":"ListItem","position":4,"name":"Ansuz"}]},{"@type":"WebSite","@id":"https:\/\/jardfe.com\/#website","url":"https:\/\/jardfe.com\/","name":"jar\u00f0fe","description":"Authentic Viking Jewelry Hand Made in Norway","publisher":{"@id":"https:\/\/jardfe.com\/#organization"},"potentialAction":[{"@type":"SearchAction","target":{"@type":"EntryPoint","urlTemplate":"https:\/\/jardfe.com\/?s={search_term_string}"},"query-input":{"@type":"PropertyValueSpecification","valueRequired":true,"valueName":"search_term_string"}}],"inLanguage":"nb-NO"},{"@type":"Organization","@id":"https:\/\/jardfe.com\/#organization","name":"jar\u00f0fe","url":"https:\/\/jardfe.com\/","logo":{"@type":"ImageObject","inLanguage":"nb-NO","@id":"https:\/\/jardfe.com\/#\/schema\/logo\/image\/","url":"https:\/\/jardfe.com\/wp-content\/uploads\/2024\/02\/jardfe-logo.png","contentUrl":"https:\/\/jardfe.com\/wp-content\/uploads\/2024\/02\/jardfe-logo.png","width":845,"height":425,"caption":"jar\u00f0fe"},"image":{"@id":"https:\/\/jardfe.com\/#\/schema\/logo\/image\/"}}]}},"_links":{"self":[{"href":"https:\/\/jardfe.com\/no\/wp-json\/wp\/v2\/pages\/2486","targetHints":{"allow":["GET"]}}],"collection":[{"href":"https:\/\/jardfe.com\/no\/wp-json\/wp\/v2\/pages"}],"about":[{"href":"https:\/\/jardfe.com\/no\/wp-json\/wp\/v2\/types\/page"}],"author":[{"embeddable":true,"href":"https:\/\/jardfe.com\/no\/wp-json\/wp\/v2\/users\/1"}],"replies":[{"embeddable":true,"href":"https:\/\/jardfe.com\/no\/wp-json\/wp\/v2\/comments?post=2486"}],"version-history":[{"count":7,"href":"https:\/\/jardfe.com\/no\/wp-json\/wp\/v2\/pages\/2486\/revisions"}],"predecessor-version":[{"id":5483,"href":"https:\/\/jardfe.com\/no\/wp-json\/wp\/v2\/pages\/2486\/revisions\/5483"}],"up":[{"embeddable":true,"href":"https:\/\/jardfe.com\/no\/wp-json\/wp\/v2\/pages\/2443"}],"wp:featuredmedia":[{"embeddable":true,"href":"https:\/\/jardfe.com\/no\/wp-json\/wp\/v2\/media\/5455"}],"wp:attachment":[{"href":"https:\/\/jardfe.com\/no\/wp-json\/wp\/v2\/media?parent=2486"}],"curies":[{"name":"wp","href":"https:\/\/api.w.org\/{rel}","templated":true}]}}