{"id":2445,"date":"2024-03-20T15:58:40","date_gmt":"2024-03-20T15:58:40","guid":{"rendered":"http:\/\/viking.site\/?page_id=2375"},"modified":"2024-06-10T10:17:58","modified_gmt":"2024-06-10T10:17:58","slug":"fehu","status":"publish","type":"page","link":"https:\/\/jardfe.com\/no\/runes\/runes-elder-futhark\/fehu\/","title":{"rendered":"Fehu"},"content":{"rendered":"<div data-elementor-type=\"wp-page\" data-elementor-id=\"2445\" class=\"elementor elementor-2445\">\n\t\t\t\t<div class=\"elementor-element elementor-element-d9aaab6 e-flex e-con-boxed e-con e-parent\" data-id=\"d9aaab6\" data-element_type=\"container\">\n\t\t\t\t\t<div class=\"e-con-inner\">\n\t\t\t\t<div class=\"elementor-element elementor-element-6b08d45 elementor-widget elementor-widget-heading\" data-id=\"6b08d45\" data-element_type=\"widget\" id=\"fehu\" data-widget_type=\"heading.default\">\n\t\t\t\t<div class=\"elementor-widget-container\">\n\t\t\t<style>\/*! elementor - v3.23.0 - 05-08-2024 *\/\n.elementor-heading-title{padding:0;margin:0;line-height:1}.elementor-widget-heading .elementor-heading-title[class*=elementor-size-]>a{color:inherit;font-size:inherit;line-height:inherit}.elementor-widget-heading .elementor-heading-title.elementor-size-small{font-size:15px}.elementor-widget-heading .elementor-heading-title.elementor-size-medium{font-size:19px}.elementor-widget-heading .elementor-heading-title.elementor-size-large{font-size:29px}.elementor-widget-heading .elementor-heading-title.elementor-size-xl{font-size:39px}.elementor-widget-heading .elementor-heading-title.elementor-size-xxl{font-size:59px}<\/style><h2 class=\"elementor-heading-title elementor-size-default\">Fehu<\/h2>\t\t<\/div>\n\t\t\t\t<\/div>\n\t\t\t\t<div class=\"elementor-element elementor-element-aef79d3 elementor-widget elementor-widget-image\" data-id=\"aef79d3\" data-element_type=\"widget\" data-widget_type=\"image.default\">\n\t\t\t\t<div class=\"elementor-widget-container\">\n\t\t\t<style>\/*! elementor - v3.23.0 - 05-08-2024 *\/\n.elementor-widget-image{text-align:center}.elementor-widget-image a{display:inline-block}.elementor-widget-image a img[src$=\".svg\"]{width:48px}.elementor-widget-image img{vertical-align:middle;display:inline-block}<\/style>\t\t\t\t\t\t\t\t\t\t<img decoding=\"async\" width=\"144\" height=\"300\" src=\"https:\/\/jardfe.com\/wp-content\/uploads\/2024\/03\/fehu-144x300.png\" class=\"attachment-medium size-medium wp-image-2590\" alt=\"\" srcset=\"https:\/\/jardfe.com\/wp-content\/uploads\/2024\/03\/fehu-144x300.png 144w, https:\/\/jardfe.com\/wp-content\/uploads\/2024\/03\/fehu-6x12.png 6w, https:\/\/jardfe.com\/wp-content\/uploads\/2024\/03\/fehu.png 475w\" sizes=\"(max-width: 144px) 100vw, 144px\" \/>\t\t\t\t\t\t\t\t\t\t\t\t\t<\/div>\n\t\t\t\t<\/div>\n\t\t\t\t<div class=\"elementor-element elementor-element-fef9bfd elementor-widget elementor-widget-text-editor\" data-id=\"fef9bfd\" data-element_type=\"widget\" data-widget_type=\"text-editor.default\">\n\t\t\t\t<div class=\"elementor-widget-container\">\n\t\t\t<style>\/*! elementor - v3.23.0 - 05-08-2024 *\/\n.elementor-widget-text-editor.elementor-drop-cap-view-stacked .elementor-drop-cap{background-color:#69727d;color:#fff}.elementor-widget-text-editor.elementor-drop-cap-view-framed .elementor-drop-cap{color:#69727d;border:3px solid;background-color:transparent}.elementor-widget-text-editor:not(.elementor-drop-cap-view-default) .elementor-drop-cap{margin-top:8px}.elementor-widget-text-editor:not(.elementor-drop-cap-view-default) .elementor-drop-cap-letter{width:1em;height:1em}.elementor-widget-text-editor .elementor-drop-cap{float:left;text-align:center;line-height:1;font-size:50px}.elementor-widget-text-editor .elementor-drop-cap-letter{display:inline-block}<\/style>\t\t\t\t<p><strong>Fehu<\/strong> in proto-Germanic or <a href=\"https:\/\/jardfe.com\/runes-younger-futhark\/fe\/\">f\u00e9<\/a> in old Norse from the <a href=\"https:\/\/jardfe.com\/runes-younger-futhark\/\">younger futhark<\/a>, is the rune letter<strong> F<\/strong> or sometimes <strong>V<\/strong>, means cattle or wealth. In old Norse times livestock was directly related to wealth and security, as it ensured one would not starve even if harvest failed.<\/p><blockquote><p>Ef ma\u00f0r grefr fe sit i ior\u00f0 til hirzlo gull e\u00fea silfr oc var\u00f0ar \u00feat fiorbavgs gar\u00f0.<\/p><p>If a man digs his goods in the ground to hide gold and silver, he shall be punished with banishment.<\/p><\/blockquote><p><strong>Fehu<\/strong> symbolizes material and spiritual prosperity, as well as the importance of sustenance and resources for survival. It signifies wealth not only in terms of tangible assets but also in terms of inner richness, including health, relationships, and personal growth.<\/p><p><strong>Fehu<\/strong> inspires a recognition of our innate ability to attract abundance and to manifest desires through focused intention and hard work. It emphasizes the cyclical nature of wealth, highlighting the importance of sharing and circulating resources to maintain balance and harmony.\u00a0<strong>Fehu<\/strong> encourages gratitude for the blessings already present in our lives while motivating continuous effort towards achieving greater prosperity and fulfillment in all aspects of existence.<\/p>\t\t\t\t\t\t<\/div>\n\t\t\t\t<\/div>\n\t\t\t\t<div class=\"elementor-element elementor-element-c443054 premium-woo-product-align-center premium-qv-hidden-yes elementor-widget elementor-widget-premium-woo-products\" data-id=\"c443054\" data-element_type=\"widget\" data-settings=\"{&quot;products_show&quot;:3,&quot;products_show_tablet&quot;:2,&quot;products_show_mobile&quot;:1,&quot;products_on_scroll&quot;:1}\" data-widget_type=\"premium-woo-products.grid-2\">\n\t\t\t\t<div class=\"elementor-widget-container\">\n\t\t\t<div class=\"premium-carousel-hidden premium-woocommerce premium-woo-products-carousel premium-woo-skin-grid-2 premium-woo-query-custom\" data-woo_carousel=\"{&quot;slidesToShow&quot;:3,&quot;slidesToScroll&quot;:1,&quot;autoplaySpeed&quot;:3000,&quot;autoplay&quot;:true,&quot;infinite&quot;:true,&quot;pauseOnHover&quot;:false,&quot;speed&quot;:500,&quot;arrows&quot;:true,&quot;dots&quot;:true,&quot;rtl&quot;:false,&quot;prevArrow&quot;:&quot;&lt;a type=\\&quot;button\\&quot; data-role=\\&quot;none\\&quot; class=\\&quot;carousel-arrow carousel-prev\\&quot; aria-label=\\&quot;Previous\\&quot; role=\\&quot;button\\&quot; style=\\&quot;\\&quot;&gt;&lt;i class=\\&quot;fas fa-angle-left\\&quot; aria-hidden=\\&quot;true\\&quot;&gt;&lt;\\\/i&gt;&lt;\\\/a&gt;&quot;,&quot;nextArrow&quot;:&quot;&lt;a type=\\&quot;button\\&quot; data-role=\\&quot;none\\&quot; class=\\&quot;carousel-arrow carousel-next\\&quot; aria-label=\\&quot;Next\\&quot; role=\\&quot;button\\&quot; style=\\&quot;\\&quot;&gt;&lt;i class=\\&quot;fas fa-angle-right\\&quot; aria-hidden=\\&quot;true\\&quot;&gt;&lt;\\\/i&gt;&lt;\\\/a&gt;&quot;,&quot;responsive&quot;:[{&quot;breakpoint&quot;:1024,&quot;settings&quot;:{&quot;slidesToShow&quot;:2,&quot;slidesToScroll&quot;:2}},{&quot;breakpoint&quot;:767,&quot;settings&quot;:{&quot;slidesToShow&quot;:1,&quot;slidesToScroll&quot;:1}}]}\" data-page-id=\"2445\" data-skin=\"grid_2\" data-quick-view=\"yes\"><div class=\"premium-woo-products-inner premium-woo-product__hover-swap\"><ul class=\"products columns-3\">\n\n<li class=\"post-5986 product first instock taxable shipping-taxable purchasable product-type-variable\">\n\t<div class=\"premium-woo-product-wrapper\">\n\t\t<div class=\"premium-woo-product-thumbnail\"><a href=\"https:\/\/jardfe.com\/no\/product\/fehu-golden-glyph-viking-rune-ring\/\" class=\"woocommerce-LoopProduct-link woocommerce-loop-product__link\"><img decoding=\"async\" src=\"https:\/\/jardfe.com\/wp-content\/uploads\/2024\/07\/0084_01-768x512.jpg\" alt=\"fe fehu rune signet ring for men in silver and gold\"><img fetchpriority=\"high\" decoding=\"async\" width=\"768\" height=\"512\" src=\"https:\/\/jardfe.com\/wp-content\/uploads\/2024\/07\/0084_02-768x512.jpg\" class=\"premium-woo-product__on_hover\" alt=\"fe fehu rune signet ring for men in silver and gold\" \/><\/a><div class=\"premium-woo-products-details-wrap\"><div class=\"premium-woo-product-details\"><a href=\"https:\/\/jardfe.com\/no\/product\/fehu-golden-glyph-viking-rune-ring\/\" class=\"premium-woo-product__link\"><h2 class=\"woocommerce-loop-product__title\">Fehu Golden Glyph Viking Rune Ring<\/h2><\/a>\t\t\t<span class=\"premium-woo-product-category\">\n\t\t\t\tFe\t\t\t<\/span>\n\t\t\t<div class=\"star-rating\"><span style=\"width:0%\" data-no-translation=\"\" data-trp-gettext=\"\">Vurdert <strong class=\"rating\">0<\/strong> av 5<\/span><\/div>\n\t<span class=\"price\"><span class=\"woocommerce-Price-amount amount\"><bdi><span class=\"woocommerce-Price-currencySymbol\">NOK<\/span>&nbsp;2990<\/bdi><\/span><\/span>\n<\/div><div class=\"premium-woo-product-actions-wrapper\"><div class=\"premium-woo-atc-button\" data-variations=\"&quot;true&quot;\"><a href=\"https:\/\/jardfe.com\/no\/product\/fehu-golden-glyph-viking-rune-ring\/\" aria-describedby=\"woocommerce_loop_add_to_cart_link_describedby_5986\" data-quantity=\"1\" class=\"button product_type_variable add_to_cart_button\" data-product_id=\"5986\" data-product_sku=\"0084\" aria-label=\"Velg instillinger for \u201cFehu Golden Glyph Viking Rune Ring\u201d\" rel=\"nofollow\" data-no-translation=\"\" data-trp-gettext=\"\" data-no-translation-aria-label=\"\">Velg alternativ<\/a><span id=\"woocommerce_loop_add_to_cart_link_describedby_5986\" class=\"screen-reader-text\">\n\tDette produktet har flere varianter. Alternativene kan velges p\u00e5 produktsiden<\/span>\n<\/div><div class=\"premium-woo-qv-btn button\" data-product-id=\"5986\">Quick View<\/div><\/div><\/div><\/div>\t<\/div>\n<\/li>\n\n<li class=\"post-1980 product  instock taxable shipping-taxable purchasable product-type-simple\">\n\t<div class=\"premium-woo-product-wrapper\">\n\t\t<div class=\"premium-woo-product-thumbnail\"><a href=\"https:\/\/jardfe.com\/no\/product\/fehu-golden-glyph-rune-pendant-necklace\/\" class=\"woocommerce-LoopProduct-link woocommerce-loop-product__link\"><img decoding=\"async\" src=\"https:\/\/jardfe.com\/wp-content\/uploads\/2024\/02\/P2004_01-768x512.jpg\" alt=\"\"><img decoding=\"async\" width=\"768\" height=\"512\" src=\"https:\/\/jardfe.com\/wp-content\/uploads\/2024\/02\/P2004_handheld-768x512.jpg\" class=\"premium-woo-product__on_hover\" alt=\"handmade silver and gold futhark initial pendant necklace\" \/><\/a><div class=\"premium-woo-products-details-wrap\"><div class=\"premium-woo-product-details\"><a href=\"https:\/\/jardfe.com\/no\/product\/fehu-golden-glyph-rune-pendant-necklace\/\" class=\"premium-woo-product__link\"><h2 class=\"woocommerce-loop-product__title\">Fehu Golden Glyph Rune Pendant Necklace<\/h2><\/a>\t\t\t<span class=\"premium-woo-product-category\">\n\t\t\t\tFehu\t\t\t<\/span>\n\t\t\t<div class=\"star-rating\"><span style=\"width:0%\" data-no-translation=\"\" data-trp-gettext=\"\">Vurdert <strong class=\"rating\">0<\/strong> av 5<\/span><\/div>\n\t<span class=\"price\"><span class=\"woocommerce-Price-amount amount\"><bdi><span class=\"woocommerce-Price-currencySymbol\">NOK<\/span>&nbsp;1990<\/bdi><\/span><\/span>\n<\/div><div class=\"premium-woo-product-actions-wrapper\"><div class=\"premium-woo-atc-button\" data-variations=\"&quot;true&quot;\"><a href=\"?add-to-cart=1980\" aria-describedby=\"woocommerce_loop_add_to_cart_link_describedby_1980\" data-quantity=\"1\" class=\"button product_type_simple add_to_cart_button ajax_add_to_cart\" data-product_id=\"1980\" data-product_sku=\"\" aria-label=\"Legg i handlekurven: \u201cFehu Golden Glyph Rune Pendant Necklace\u201d\" rel=\"nofollow\" data-no-translation=\"\" data-trp-gettext=\"\" data-no-translation-aria-label=\"\">Legg i handlekurv<\/a><span id=\"woocommerce_loop_add_to_cart_link_describedby_1980\" class=\"screen-reader-text\">\n\t<\/span>\n<\/div><div class=\"premium-woo-qv-btn button\" data-product-id=\"1980\">Quick View<\/div><\/div><\/div><\/div>\t<\/div>\n<\/li>\n<\/ul>\n<\/div><\/div><div id=\"premium-woo-quick-view-c443054\" class=\"premium-woo-quick-view-c443054\">\r\n\t<div class=\"premium-woo-quick-view-back\">\r\n\t\t<div class=\"premium-woo-quick-view-loader\"><\/div>\r\n\t<\/div>\r\n\t<div id=\"premium-woo-quick-view-modal\">\r\n\t\t<div class=\"premium-woo-content-main-wrapper\"><!--\r\n\t\t--><div class=\"premium-woo-content-main\">\r\n\t\t\t\t<div class=\"premium-woo-lightbox-content\">\r\n\r\n\t\t\t\t\t<a href=\"#\" class=\"premium-woo-quick-view-close fa fa-close\"><\/a>\r\n\r\n\t\t\t\t\t<div id=\"premium-woo-quick-view-content\" class=\"woocommerce single-product\"><\/div>\r\n\t\t\t\t<\/div>\r\n\t\t\t<\/div>\r\n\t\t<\/div>\r\n\t<\/div>\r\n<\/div>\r\n\t\t<\/div>\n\t\t\t\t<\/div>\n\t\t\t\t\t<\/div>\n\t\t\t\t<\/div>\n\t\t\t\t<\/div>","protected":false},"excerpt":{"rendered":"<p>Fehu Fehu in proto-Germanic or f\u00e9 in old Norse from the younger futhark, is the rune letter F or sometimes [&hellip;]<\/p>","protected":false},"author":1,"featured_media":5440,"parent":2443,"menu_order":0,"comment_status":"closed","ping_status":"closed","template":"","meta":{"site-sidebar-layout":"no-sidebar","site-content-layout":"page-builder","ast-site-content-layout":"full-width-container","site-content-style":"default","site-sidebar-style":"default","ast-global-header-display":"","ast-banner-title-visibility":"","ast-main-header-display":"","ast-hfb-above-header-display":"","ast-hfb-below-header-display":"","ast-hfb-mobile-header-display":"","site-post-title":"disabled","ast-breadcrumbs-content":"","ast-featured-img":"disabled","footer-sml-layout":"","theme-transparent-header-meta":"","adv-header-id-meta":"","stick-header-meta":"","header-above-stick-meta":"","header-main-stick-meta":"","header-below-stick-meta":"","astra-migrate-meta-layouts":"set","ast-page-background-enabled":"default","ast-page-background-meta":{"desktop":{"background-color":"var(--ast-global-color-4)","background-image":"","background-repeat":"repeat","background-position":"center center","background-size":"auto","background-attachment":"scroll","background-type":"","background-media":"","overlay-type":"","overlay-color":"","overlay-opacity":"","overlay-gradient":""},"tablet":{"background-color":"","background-image":"","background-repeat":"repeat","background-position":"center center","background-size":"auto","background-attachment":"scroll","background-type":"","background-media":"","overlay-type":"","overlay-color":"","overlay-opacity":"","overlay-gradient":""},"mobile":{"background-color":"","background-image":"","background-repeat":"repeat","background-position":"center center","background-size":"auto","background-attachment":"scroll","background-type":"","background-media":"","overlay-type":"","overlay-color":"","overlay-opacity":"","overlay-gradient":""}},"ast-content-background-meta":{"desktop":{"background-color":"var(--ast-global-color-5)","background-image":"","background-repeat":"repeat","background-position":"center center","background-size":"auto","background-attachment":"scroll","background-type":"","background-media":"","overlay-type":"","overlay-color":"","overlay-opacity":"","overlay-gradient":""},"tablet":{"background-color":"var(--ast-global-color-5)","background-image":"","background-repeat":"repeat","background-position":"center center","background-size":"auto","background-attachment":"scroll","background-type":"","background-media":"","overlay-type":"","overlay-color":"","overlay-opacity":"","overlay-gradient":""},"mobile":{"background-color":"var(--ast-global-color-5)","background-image":"","background-repeat":"repeat","background-position":"center center","background-size":"auto","background-attachment":"scroll","background-type":"","background-media":"","overlay-type":"","overlay-color":"","overlay-opacity":"","overlay-gradient":""}},"footnotes":""},"class_list":["post-2445","page","type-page","status-publish","has-post-thumbnail","hentry","desktop-align-left","tablet-align-left","mobile-align-left"],"yoast_head":"<!-- This site is optimized with the Yoast SEO plugin v23.4 - https:\/\/yoast.com\/wordpress\/plugins\/seo\/ -->\n<title>Fehu - jar\u00f0fe<\/title>\n<meta name=\"description\" content=\"Fehu - runic f - symbolizes wealth in tangible and intangible forms, emphasizing survival, prosperity, sharing, and gratitude. Read more here\" \/>\n<meta name=\"robots\" content=\"index, follow, max-snippet:-1, max-image-preview:large, max-video-preview:-1\" \/>\n<link rel=\"canonical\" href=\"https:\/\/jardfe.com\/no\/runes\/runes-elder-futhark\/fehu\/\" \/>\n<meta property=\"og:locale\" content=\"nb_NO\" \/>\n<meta property=\"og:type\" content=\"article\" \/>\n<meta property=\"og:title\" content=\"Fehu - jar\u00f0fe\" \/>\n<meta property=\"og:description\" content=\"Fehu - runic f - symbolizes wealth in tangible and intangible forms, emphasizing survival, prosperity, sharing, and gratitude. Read more here\" \/>\n<meta property=\"og:url\" content=\"https:\/\/jardfe.com\/no\/runes\/runes-elder-futhark\/fehu\/\" \/>\n<meta property=\"og:site_name\" content=\"jar\u00f0fe\" \/>\n<meta property=\"article:modified_time\" content=\"2024-06-10T10:17:58+00:00\" \/>\n<meta property=\"og:image\" content=\"https:\/\/jardfe.com\/wp-content\/uploads\/2024\/06\/fehu_square.png\" \/>\n\t<meta property=\"og:image:width\" content=\"988\" \/>\n\t<meta property=\"og:image:height\" content=\"988\" \/>\n\t<meta property=\"og:image:type\" content=\"image\/png\" \/>\n<meta name=\"twitter:card\" content=\"summary_large_image\" \/>\n<meta name=\"twitter:label1\" content=\"Ansl. lesetid\" \/>\n\t<meta name=\"twitter:data1\" content=\"2 minutter\" \/>\n<script type=\"application\/ld+json\" class=\"yoast-schema-graph\">{\"@context\":\"https:\/\/schema.org\",\"@graph\":[{\"@type\":\"WebPage\",\"@id\":\"https:\/\/jardfe.com\/en\/runes\/runes-elder-futhark\/fehu\/\",\"url\":\"https:\/\/jardfe.com\/en\/runes\/runes-elder-futhark\/fehu\/\",\"name\":\"Fehu - jar\u00f0fe\",\"isPartOf\":{\"@id\":\"https:\/\/jardfe.com\/#website\"},\"primaryImageOfPage\":{\"@id\":\"https:\/\/jardfe.com\/en\/runes\/runes-elder-futhark\/fehu\/#primaryimage\"},\"image\":{\"@id\":\"https:\/\/jardfe.com\/en\/runes\/runes-elder-futhark\/fehu\/#primaryimage\"},\"thumbnailUrl\":\"https:\/\/jardfe.com\/wp-content\/uploads\/2024\/06\/fehu_square.png\",\"datePublished\":\"2024-03-20T15:58:40+00:00\",\"dateModified\":\"2024-06-10T10:17:58+00:00\",\"description\":\"Fehu - runic f - symbolizes wealth in tangible and intangible forms, emphasizing survival, prosperity, sharing, and gratitude. Read more here\",\"breadcrumb\":{\"@id\":\"https:\/\/jardfe.com\/en\/runes\/runes-elder-futhark\/fehu\/#breadcrumb\"},\"inLanguage\":\"nb-NO\",\"potentialAction\":[{\"@type\":\"ReadAction\",\"target\":[\"https:\/\/jardfe.com\/en\/runes\/runes-elder-futhark\/fehu\/\"]}]},{\"@type\":\"ImageObject\",\"inLanguage\":\"nb-NO\",\"@id\":\"https:\/\/jardfe.com\/en\/runes\/runes-elder-futhark\/fehu\/#primaryimage\",\"url\":\"https:\/\/jardfe.com\/wp-content\/uploads\/2024\/06\/fehu_square.png\",\"contentUrl\":\"https:\/\/jardfe.com\/wp-content\/uploads\/2024\/06\/fehu_square.png\",\"width\":988,\"height\":988,\"caption\":\"fehu\"},{\"@type\":\"BreadcrumbList\",\"@id\":\"https:\/\/jardfe.com\/en\/runes\/runes-elder-futhark\/fehu\/#breadcrumb\",\"itemListElement\":[{\"@type\":\"ListItem\",\"position\":1,\"name\":\"Home\",\"item\":\"https:\/\/jardfe.com\/\"},{\"@type\":\"ListItem\",\"position\":2,\"name\":\"Runes\",\"item\":\"https:\/\/jardfe.com\/en\/runes\/\"},{\"@type\":\"ListItem\",\"position\":3,\"name\":\"Runes &#8211; Elder Futhark\",\"item\":\"https:\/\/jardfe.com\/runes\/runes-elder-futhark\/\"},{\"@type\":\"ListItem\",\"position\":4,\"name\":\"Fehu\"}]},{\"@type\":\"WebSite\",\"@id\":\"https:\/\/jardfe.com\/#website\",\"url\":\"https:\/\/jardfe.com\/\",\"name\":\"jar\u00f0fe\",\"description\":\"Authentic Viking Jewelry Hand Made in Norway\",\"publisher\":{\"@id\":\"https:\/\/jardfe.com\/#organization\"},\"potentialAction\":[{\"@type\":\"SearchAction\",\"target\":{\"@type\":\"EntryPoint\",\"urlTemplate\":\"https:\/\/jardfe.com\/?s={search_term_string}\"},\"query-input\":{\"@type\":\"PropertyValueSpecification\",\"valueRequired\":true,\"valueName\":\"search_term_string\"}}],\"inLanguage\":\"nb-NO\"},{\"@type\":\"Organization\",\"@id\":\"https:\/\/jardfe.com\/#organization\",\"name\":\"jar\u00f0fe\",\"url\":\"https:\/\/jardfe.com\/\",\"logo\":{\"@type\":\"ImageObject\",\"inLanguage\":\"nb-NO\",\"@id\":\"https:\/\/jardfe.com\/#\/schema\/logo\/image\/\",\"url\":\"https:\/\/jardfe.com\/wp-content\/uploads\/2024\/02\/jardfe-logo.png\",\"contentUrl\":\"https:\/\/jardfe.com\/wp-content\/uploads\/2024\/02\/jardfe-logo.png\",\"width\":845,\"height\":425,\"caption\":\"jar\u00f0fe\"},\"image\":{\"@id\":\"https:\/\/jardfe.com\/#\/schema\/logo\/image\/\"}}]}<\/script>\n<!-- \/ Yoast SEO plugin. -->","yoast_head_json":{"title":"Fehu - jar\u00f0fe","description":"Fehu - runic f - symbolizes wealth in tangible and intangible forms, emphasizing survival, prosperity, sharing, and gratitude. Read more here","robots":{"index":"index","follow":"follow","max-snippet":"max-snippet:-1","max-image-preview":"max-image-preview:large","max-video-preview":"max-video-preview:-1"},"canonical":"https:\/\/jardfe.com\/no\/runes\/runes-elder-futhark\/fehu\/","og_locale":"nb_NO","og_type":"article","og_title":"Fehu - jar\u00f0fe","og_description":"Fehu - runic f - symbolizes wealth in tangible and intangible forms, emphasizing survival, prosperity, sharing, and gratitude. Read more here","og_url":"https:\/\/jardfe.com\/no\/runes\/runes-elder-futhark\/fehu\/","og_site_name":"jar\u00f0fe","article_modified_time":"2024-06-10T10:17:58+00:00","og_image":[{"width":988,"height":988,"url":"https:\/\/jardfe.com\/wp-content\/uploads\/2024\/06\/fehu_square.png","type":"image\/png"}],"twitter_card":"summary_large_image","twitter_misc":{"Ansl. lesetid":"2 minutter"},"schema":{"@context":"https:\/\/schema.org","@graph":[{"@type":"WebPage","@id":"https:\/\/jardfe.com\/en\/runes\/runes-elder-futhark\/fehu\/","url":"https:\/\/jardfe.com\/en\/runes\/runes-elder-futhark\/fehu\/","name":"Fehu - jar\u00f0fe","isPartOf":{"@id":"https:\/\/jardfe.com\/#website"},"primaryImageOfPage":{"@id":"https:\/\/jardfe.com\/en\/runes\/runes-elder-futhark\/fehu\/#primaryimage"},"image":{"@id":"https:\/\/jardfe.com\/en\/runes\/runes-elder-futhark\/fehu\/#primaryimage"},"thumbnailUrl":"https:\/\/jardfe.com\/wp-content\/uploads\/2024\/06\/fehu_square.png","datePublished":"2024-03-20T15:58:40+00:00","dateModified":"2024-06-10T10:17:58+00:00","description":"Fehu - runic f - symbolizes wealth in tangible and intangible forms, emphasizing survival, prosperity, sharing, and gratitude. Read more here","breadcrumb":{"@id":"https:\/\/jardfe.com\/en\/runes\/runes-elder-futhark\/fehu\/#breadcrumb"},"inLanguage":"nb-NO","potentialAction":[{"@type":"ReadAction","target":["https:\/\/jardfe.com\/en\/runes\/runes-elder-futhark\/fehu\/"]}]},{"@type":"ImageObject","inLanguage":"nb-NO","@id":"https:\/\/jardfe.com\/en\/runes\/runes-elder-futhark\/fehu\/#primaryimage","url":"https:\/\/jardfe.com\/wp-content\/uploads\/2024\/06\/fehu_square.png","contentUrl":"https:\/\/jardfe.com\/wp-content\/uploads\/2024\/06\/fehu_square.png","width":988,"height":988,"caption":"fehu"},{"@type":"BreadcrumbList","@id":"https:\/\/jardfe.com\/en\/runes\/runes-elder-futhark\/fehu\/#breadcrumb","itemListElement":[{"@type":"ListItem","position":1,"name":"Home","item":"https:\/\/jardfe.com\/"},{"@type":"ListItem","position":2,"name":"Runes","item":"https:\/\/jardfe.com\/en\/runes\/"},{"@type":"ListItem","position":3,"name":"Runes &#8211; Elder Futhark","item":"https:\/\/jardfe.com\/runes\/runes-elder-futhark\/"},{"@type":"ListItem","position":4,"name":"Fehu"}]},{"@type":"WebSite","@id":"https:\/\/jardfe.com\/#website","url":"https:\/\/jardfe.com\/","name":"jar\u00f0fe","description":"Authentic Viking Jewelry Hand Made in Norway","publisher":{"@id":"https:\/\/jardfe.com\/#organization"},"potentialAction":[{"@type":"SearchAction","target":{"@type":"EntryPoint","urlTemplate":"https:\/\/jardfe.com\/?s={search_term_string}"},"query-input":{"@type":"PropertyValueSpecification","valueRequired":true,"valueName":"search_term_string"}}],"inLanguage":"nb-NO"},{"@type":"Organization","@id":"https:\/\/jardfe.com\/#organization","name":"jar\u00f0fe","url":"https:\/\/jardfe.com\/","logo":{"@type":"ImageObject","inLanguage":"nb-NO","@id":"https:\/\/jardfe.com\/#\/schema\/logo\/image\/","url":"https:\/\/jardfe.com\/wp-content\/uploads\/2024\/02\/jardfe-logo.png","contentUrl":"https:\/\/jardfe.com\/wp-content\/uploads\/2024\/02\/jardfe-logo.png","width":845,"height":425,"caption":"jar\u00f0fe"},"image":{"@id":"https:\/\/jardfe.com\/#\/schema\/logo\/image\/"}}]}},"_links":{"self":[{"href":"https:\/\/jardfe.com\/no\/wp-json\/wp\/v2\/pages\/2445","targetHints":{"allow":["GET"]}}],"collection":[{"href":"https:\/\/jardfe.com\/no\/wp-json\/wp\/v2\/pages"}],"about":[{"href":"https:\/\/jardfe.com\/no\/wp-json\/wp\/v2\/types\/page"}],"author":[{"embeddable":true,"href":"https:\/\/jardfe.com\/no\/wp-json\/wp\/v2\/users\/1"}],"replies":[{"embeddable":true,"href":"https:\/\/jardfe.com\/no\/wp-json\/wp\/v2\/comments?post=2445"}],"version-history":[{"count":7,"href":"https:\/\/jardfe.com\/no\/wp-json\/wp\/v2\/pages\/2445\/revisions"}],"predecessor-version":[{"id":5492,"href":"https:\/\/jardfe.com\/no\/wp-json\/wp\/v2\/pages\/2445\/revisions\/5492"}],"up":[{"embeddable":true,"href":"https:\/\/jardfe.com\/no\/wp-json\/wp\/v2\/pages\/2443"}],"wp:featuredmedia":[{"embeddable":true,"href":"https:\/\/jardfe.com\/no\/wp-json\/wp\/v2\/media\/5440"}],"wp:attachment":[{"href":"https:\/\/jardfe.com\/no\/wp-json\/wp\/v2\/media?parent=2445"}],"curies":[{"name":"wp","href":"https:\/\/api.w.org\/{rel}","templated":true}]}}