{"id":2343,"date":"2024-03-05T19:12:27","date_gmt":"2024-03-05T19:12:27","guid":{"rendered":"https:\/\/jardfe.com\/?post_type=product&#038;p=2343"},"modified":"2024-08-07T16:19:52","modified_gmt":"2024-08-07T16:19:52","slug":"ingwaz-golden-glyph-rune-pendant-necklace","status":"publish","type":"product","link":"https:\/\/jardfe.com\/en\/product\/ingwaz-golden-glyph-rune-pendant-necklace\/","title":{"rendered":"Ingwaz Golden Glyph Rune Pendant Necklace"},"content":{"rendered":"<p>The Ingwaz Golden Glyph Rune Pendant Necklace serves as a profound link to the ancient fertility and agrarian deities of Norse mythology. By wearing this symbol, you align with the regenerative forces represented by Yngvi-Freyr, channeling the god\u2019s vitality and fruitful abundance into your own life.<\/p>\n<p>This Viking medallion is a sacred amulet that encapsulates the essence of Ingwaz, marking a commitment to personal growth, the nurturing of your goals, and the celebration of life\u2019s luxuries. It is an encouragement to recognize the abundance surrounding you and to foster conditions conducive to prosperity and peace.<\/p>\n<p>Incorporating this handmade, authentic talisman into your daily life not only adorns you with a piece of Norse heritage but also embeds the rich symbolism of renewal, pleasure, and the successful realization of one\u2019s deepest desires. Let the Ingwaz Golden Glyph Rune Pendant guide your endeavors, transforming the soil of your efforts into a harvest of abundance and joy.<\/p>\n<div class=\"runeinfo\"><h2>Ingwaz<\/h2>\t\t\n\t\t\t\t\t\t\t\t\t\t\t\t\t<img fetchpriority=\"high\" decoding=\"async\" width=\"300\" height=\"300\" src=\"https:\/\/jardfe.com\/wp-content\/uploads\/2024\/03\/ingwaz-300x300.png\" alt=\"ingwaz rune symbol\" srcset=\"https:\/\/jardfe.com\/wp-content\/uploads\/2024\/03\/ingwaz-300x300.png 300w, https:\/\/jardfe.com\/wp-content\/uploads\/2024\/03\/ingwaz-150x150.png 150w, https:\/\/jardfe.com\/wp-content\/uploads\/2024\/03\/ingwaz-12x12.png 12w, https:\/\/jardfe.com\/wp-content\/uploads\/2024\/03\/ingwaz.png 676w, https:\/\/jardfe.com\/wp-content\/uploads\/2024\/03\/ingwaz-100x100.png 100w\" sizes=\"(max-width: 300px) 100vw, 300px\" \/>\t\t\t\t\t\t\t\t\t\t\t\t\t\n\t\t<p><strong>Ingwaz<\/strong>, the rune letter <strong>NG <\/strong>or <strong><i>\u014b<\/i><\/strong>, is proto-germanic for the god <strong>Yngvi<\/strong> or <strong>Yngve<\/strong>, often also known as <strong>Yngve-Fr\u00f8y\/Freyr - Freyr<\/strong> meaning lord. <strong>Yngvi<\/strong> was the forefather of the <strong>ynglings<\/strong> (meaning descendants of <strong>Yngve<\/strong>), the bloodline written about in Snorre Sturlasson's Ynglinga saga, the first kings of the Nordics. <strong>Yngvi<\/strong> was in fact so significant a deity in Norse mythology, that most references to him are just made using Freyr - when one referred to the \"lord\" it was implied that the allusion was to <strong>Yngvi<\/strong>.<\/p><blockquote><p>Freyr er inn \u00e1g\u00e6tasti af \u00e1sum. Hann r\u00e6\u00f0r fyrir regni ok skini s\u00f3lar ok \u00fear me\u00f0 \u00e1vexti jar\u00f0ar, ok \u00e1 hann er gott at heita til \u00e1rs ok fri\u00f0ar. Hann r\u00e6\u00f0r ok f\u00e9s\u00e6lu manna.<\/p><p>Freyr is the foremost of the \u00c6sir; he rules over rain and sunshine, and thus the fruits of the earth, and it is good to invoke him for a good harvest and peace. He also rules over mens' prosperity.<\/p><\/blockquote><p>According to textual evidence from the time <strong>Yngvi<\/strong> is supposed to have been symbolized by a phallic statute in the Temple of Uppsala implying a very strong association with fertility and particularly the male fertility. Furthermore, as the quote above implies, Freyr was the god of agriculture, prosperity peace and pleasure.<\/p><p>Freyr, as a deity of the bountiful harvest, brings not only physical abundance but also spiritual fulfillment, and his powers underscore the interconnectedness of our well-being with the cycles of nature.<\/p><p><strong>Ingwaz<\/strong> encourages us to sow the seeds of our dreams with intention and care, reminding us that prosperity comes from hard work, and with it follows pleasure. <strong>Ingwaz<\/strong> inspires us to cultivate a fertile environment for our personal and spiritual endeavors. By embracing the energy of Freyr through <strong>Ingwaz<\/strong>, we enhance our spiritual life with the principles of abundance, renewal, and the joyful celebration of life's blessings.<\/p>\t\t\n\t\t\t<ul>\n<li>\n\t\t<a href=\"https:\/\/jardfe.com\/product\/ingwaz-golden-glyph-rune-pendant-necklace\/\"><img decoding=\"async\" src=\"https:\/\/jardfe.com\/wp-content\/uploads\/2024\/03\/P2023_01-768x499.jpg\" alt=\"handmade silver and gold futhark initial pendant necklace\"><img decoding=\"async\" width=\"768\" height=\"512\" src=\"https:\/\/jardfe.com\/wp-content\/uploads\/2024\/03\/2023_handheld_-768x512.jpg\" alt=\"handmade silver and gold futhark initial pendant necklace\" \/><\/a><a href=\"https:\/\/jardfe.com\/product\/ingwaz-golden-glyph-rune-pendant-necklace\/\"><h2>Ingwaz Golden Glyph Rune Pendant Necklace<\/h2><\/a>\t\t\t\n\t\t\t\tGolden Glyph Pendants\t\t\t\n\t\t\tRated <strong>0<\/strong> out of 5\n\t<bdi>NOK&nbsp;2010<\/bdi>\n<a href=\"?add-to-cart=2343\" data-quantity=\"1\" data-product_id=\"2343\" data-product_sku=\"\" aria-label=\"Add to cart: &ldquo;Ingwaz Golden Glyph Rune Pendant Necklace&rdquo;\" aria-describedby=\"\" rel=\"nofollow\">Add to cart<\/a>Quick View\t\n<\/li>\n<\/ul>\n\t\t<!--\n\t\t-->\n\t\t\t\t\t\t<a href=\"#\" id=\"premium-woo-quick-view-close\"><\/a><\/div>\n","protected":false},"excerpt":{"rendered":"<p>Harness the fertile energies of growth and renewal with the Ingwaz Golden Glyph Rune Pendant Necklace. This exquisite piece embodies Ingwaz, the rune of Yngvi-Freyr, the Norse god of fertility, prosperity, and well-being. Traditionally handcrafted, this authentic Norse necklace serves as a symbol of the bountiful harvests and spiritual richness, resonating with those who value the cultivation of their aspirations and well-being.<br \/>\nThe Ingwaz pendant is a beacon of potential, inspiring wearers to plant the seeds of their dreams with intention and nurture them towards fruition. It embodies the principles of abundance and pleasure, encouraging a connection with the natural cycles that govern growth and fulfillment. Ideal for anyone seeking to enhance their personal and communal environments, the Ingwaz Golden Glyph Rune Pendant Necklace is a testament to the power of hard work, perseverance, and the joy of life&#8217;s blessings.<\/p>\n","protected":false},"featured_media":3611,"comment_status":"open","ping_status":"closed","template":"","meta":{"site-sidebar-layout":"default","site-content-layout":"","ast-site-content-layout":"default","site-content-style":"default","site-sidebar-style":"default","ast-global-header-display":"","ast-banner-title-visibility":"","ast-main-header-display":"","ast-hfb-above-header-display":"","ast-hfb-below-header-display":"","ast-hfb-mobile-header-display":"","site-post-title":"","ast-breadcrumbs-content":"","ast-featured-img":"","footer-sml-layout":"","theme-transparent-header-meta":"default","adv-header-id-meta":"","stick-header-meta":"","header-above-stick-meta":"","header-main-stick-meta":"","header-below-stick-meta":"","astra-migrate-meta-layouts":"set","ast-page-background-enabled":"default","ast-page-background-meta":{"desktop":{"background-color":"var(--ast-global-color-4)","background-image":"","background-repeat":"repeat","background-position":"center center","background-size":"auto","background-attachment":"scroll","background-type":"","background-media":"","overlay-type":"","overlay-color":"","overlay-opacity":"","overlay-gradient":""},"tablet":{"background-color":"","background-image":"","background-repeat":"repeat","background-position":"center center","background-size":"auto","background-attachment":"scroll","background-type":"","background-media":"","overlay-type":"","overlay-color":"","overlay-opacity":"","overlay-gradient":""},"mobile":{"background-color":"","background-image":"","background-repeat":"repeat","background-position":"center center","background-size":"auto","background-attachment":"scroll","background-type":"","background-media":"","overlay-type":"","overlay-color":"","overlay-opacity":"","overlay-gradient":""}},"ast-content-background-meta":{"desktop":{"background-color":"var(--ast-global-color-5)","background-image":"","background-repeat":"repeat","background-position":"center center","background-size":"auto","background-attachment":"scroll","background-type":"","background-media":"","overlay-type":"","overlay-color":"","overlay-opacity":"","overlay-gradient":""},"tablet":{"background-color":"var(--ast-global-color-5)","background-image":"","background-repeat":"repeat","background-position":"center center","background-size":"auto","background-attachment":"scroll","background-type":"","background-media":"","overlay-type":"","overlay-color":"","overlay-opacity":"","overlay-gradient":""},"mobile":{"background-color":"var(--ast-global-color-5)","background-image":"","background-repeat":"repeat","background-position":"center center","background-size":"auto","background-attachment":"scroll","background-type":"","background-media":"","overlay-type":"","overlay-color":"","overlay-opacity":"","overlay-gradient":""}}},"product_cat":[29,68,28],"product_tag":[],"class_list":{"0":"post-2343","1":"product","2":"type-product","3":"status-publish","4":"has-post-thumbnail","6":"product_cat-golden-glyph-pendant","7":"product_cat-ingwaz-rune","8":"product_cat-pendants","9":"desktop-align-left","10":"tablet-align-left","11":"mobile-align-left","13":"first","14":"instock","15":"taxable","16":"shipping-taxable","17":"purchasable","18":"product-type-simple"},"yoast_head":"<!-- This site is optimized with the Yoast SEO plugin v23.4 - https:\/\/yoast.com\/wordpress\/plugins\/seo\/ -->\n<title>Ingwaz Golden Glyph Rune Pendant Necklace - jar\u00f0fe<\/title>\n<meta name=\"description\" content=\"Embrace fertility, growth, and prosperity with the Ingwaz Golden Glyph Rune Pendant Necklace, inspired by the Norse god Yngvi-Freyr.\" \/>\n<meta name=\"robots\" content=\"index, follow, max-snippet:-1, max-image-preview:large, max-video-preview:-1\" \/>\n<link rel=\"canonical\" href=\"https:\/\/jardfe.com\/en\/product\/ingwaz-golden-glyph-rune-pendant-necklace\/\" \/>\n<meta property=\"og:locale\" content=\"en_US\" \/>\n<meta property=\"og:type\" content=\"article\" \/>\n<meta property=\"og:title\" content=\"Ingwaz Golden Glyph Rune Pendant Necklace - jar\u00f0fe\" \/>\n<meta property=\"og:description\" content=\"Embrace fertility, growth, and prosperity with the Ingwaz Golden Glyph Rune Pendant Necklace, inspired by the Norse god Yngvi-Freyr.\" \/>\n<meta property=\"og:url\" content=\"https:\/\/jardfe.com\/en\/product\/ingwaz-golden-glyph-rune-pendant-necklace\/\" \/>\n<meta property=\"og:site_name\" content=\"jar\u00f0fe\" \/>\n<meta property=\"article:modified_time\" content=\"2024-08-07T16:19:52+00:00\" \/>\n<meta property=\"og:image\" content=\"https:\/\/jardfe.com\/wp-content\/uploads\/2024\/03\/P2023_01-scaled.jpg\" \/>\n\t<meta property=\"og:image:width\" content=\"2560\" \/>\n\t<meta property=\"og:image:height\" content=\"1663\" \/>\n\t<meta property=\"og:image:type\" content=\"image\/jpeg\" \/>\n<meta name=\"twitter:card\" content=\"summary_large_image\" \/>\n<meta name=\"twitter:label1\" content=\"Est. reading time\" \/>\n\t<meta name=\"twitter:data1\" content=\"1 minute\" \/>\n<script type=\"application\/ld+json\" class=\"yoast-schema-graph\">{\"@context\":\"https:\/\/schema.org\",\"@graph\":[{\"@type\":\"WebPage\",\"@id\":\"https:\/\/jardfe.com\/product\/ingwaz-golden-glyph-rune-pendant-necklace\/\",\"url\":\"https:\/\/jardfe.com\/product\/ingwaz-golden-glyph-rune-pendant-necklace\/\",\"name\":\"Ingwaz Golden Glyph Rune Pendant Necklace - jar\u00f0fe\",\"isPartOf\":{\"@id\":\"https:\/\/jardfe.com\/#website\"},\"primaryImageOfPage\":{\"@id\":\"https:\/\/jardfe.com\/product\/ingwaz-golden-glyph-rune-pendant-necklace\/#primaryimage\"},\"image\":{\"@id\":\"https:\/\/jardfe.com\/product\/ingwaz-golden-glyph-rune-pendant-necklace\/#primaryimage\"},\"thumbnailUrl\":\"https:\/\/jardfe.com\/wp-content\/uploads\/2024\/03\/P2023_01-scaled.jpg\",\"datePublished\":\"2024-03-05T19:12:27+00:00\",\"dateModified\":\"2024-08-07T16:19:52+00:00\",\"description\":\"Embrace fertility, growth, and prosperity with the Ingwaz Golden Glyph Rune Pendant Necklace, inspired by the Norse god Yngvi-Freyr.\",\"breadcrumb\":{\"@id\":\"https:\/\/jardfe.com\/product\/ingwaz-golden-glyph-rune-pendant-necklace\/#breadcrumb\"},\"inLanguage\":\"en-US\",\"potentialAction\":[{\"@type\":\"ReadAction\",\"target\":[\"https:\/\/jardfe.com\/product\/ingwaz-golden-glyph-rune-pendant-necklace\/\"]}]},{\"@type\":\"ImageObject\",\"inLanguage\":\"en-US\",\"@id\":\"https:\/\/jardfe.com\/product\/ingwaz-golden-glyph-rune-pendant-necklace\/#primaryimage\",\"url\":\"https:\/\/jardfe.com\/wp-content\/uploads\/2024\/03\/P2023_01-scaled.jpg\",\"contentUrl\":\"https:\/\/jardfe.com\/wp-content\/uploads\/2024\/03\/P2023_01-scaled.jpg\",\"width\":2560,\"height\":1663,\"caption\":\"handmade silver and gold futhark initial pendant necklace\"},{\"@type\":\"BreadcrumbList\",\"@id\":\"https:\/\/jardfe.com\/product\/ingwaz-golden-glyph-rune-pendant-necklace\/#breadcrumb\",\"itemListElement\":[{\"@type\":\"ListItem\",\"position\":1,\"name\":\"Home\",\"item\":\"https:\/\/jardfe.com\/\"},{\"@type\":\"ListItem\",\"position\":2,\"name\":\"Shop\",\"item\":\"https:\/\/jardfe.com\/shop\/\"},{\"@type\":\"ListItem\",\"position\":3,\"name\":\"Ingwaz Golden Glyph Rune Pendant Necklace\"}]},{\"@type\":\"WebSite\",\"@id\":\"https:\/\/jardfe.com\/#website\",\"url\":\"https:\/\/jardfe.com\/\",\"name\":\"jar\u00f0fe\",\"description\":\"Authentic Viking Jewelry Hand Made in Norway\",\"publisher\":{\"@id\":\"https:\/\/jardfe.com\/#organization\"},\"potentialAction\":[{\"@type\":\"SearchAction\",\"target\":{\"@type\":\"EntryPoint\",\"urlTemplate\":\"https:\/\/jardfe.com\/?s={search_term_string}\"},\"query-input\":{\"@type\":\"PropertyValueSpecification\",\"valueRequired\":true,\"valueName\":\"search_term_string\"}}],\"inLanguage\":\"en-US\"},{\"@type\":\"Organization\",\"@id\":\"https:\/\/jardfe.com\/#organization\",\"name\":\"jar\u00f0fe\",\"url\":\"https:\/\/jardfe.com\/\",\"logo\":{\"@type\":\"ImageObject\",\"inLanguage\":\"en-US\",\"@id\":\"https:\/\/jardfe.com\/#\/schema\/logo\/image\/\",\"url\":\"https:\/\/jardfe.com\/wp-content\/uploads\/2024\/02\/jardfe-logo.png\",\"contentUrl\":\"https:\/\/jardfe.com\/wp-content\/uploads\/2024\/02\/jardfe-logo.png\",\"width\":845,\"height\":425,\"caption\":\"jar\u00f0fe\"},\"image\":{\"@id\":\"https:\/\/jardfe.com\/#\/schema\/logo\/image\/\"}}]}<\/script>\n<!-- \/ Yoast SEO plugin. -->","yoast_head_json":{"title":"Ingwaz Golden Glyph Rune Pendant Necklace - jar\u00f0fe","description":"Embrace fertility, growth, and prosperity with the Ingwaz Golden Glyph Rune Pendant Necklace, inspired by the Norse god Yngvi-Freyr.","robots":{"index":"index","follow":"follow","max-snippet":"max-snippet:-1","max-image-preview":"max-image-preview:large","max-video-preview":"max-video-preview:-1"},"canonical":"https:\/\/jardfe.com\/en\/product\/ingwaz-golden-glyph-rune-pendant-necklace\/","og_locale":"en_US","og_type":"article","og_title":"Ingwaz Golden Glyph Rune Pendant Necklace - jar\u00f0fe","og_description":"Embrace fertility, growth, and prosperity with the Ingwaz Golden Glyph Rune Pendant Necklace, inspired by the Norse god Yngvi-Freyr.","og_url":"https:\/\/jardfe.com\/en\/product\/ingwaz-golden-glyph-rune-pendant-necklace\/","og_site_name":"jar\u00f0fe","article_modified_time":"2024-08-07T16:19:52+00:00","og_image":[{"width":2560,"height":1663,"url":"https:\/\/jardfe.com\/wp-content\/uploads\/2024\/03\/P2023_01-scaled.jpg","type":"image\/jpeg"}],"twitter_card":"summary_large_image","twitter_misc":{"Est. reading time":"1 minute"},"schema":{"@context":"https:\/\/schema.org","@graph":[{"@type":"WebPage","@id":"https:\/\/jardfe.com\/product\/ingwaz-golden-glyph-rune-pendant-necklace\/","url":"https:\/\/jardfe.com\/product\/ingwaz-golden-glyph-rune-pendant-necklace\/","name":"Ingwaz Golden Glyph Rune Pendant Necklace - jar\u00f0fe","isPartOf":{"@id":"https:\/\/jardfe.com\/#website"},"primaryImageOfPage":{"@id":"https:\/\/jardfe.com\/product\/ingwaz-golden-glyph-rune-pendant-necklace\/#primaryimage"},"image":{"@id":"https:\/\/jardfe.com\/product\/ingwaz-golden-glyph-rune-pendant-necklace\/#primaryimage"},"thumbnailUrl":"https:\/\/jardfe.com\/wp-content\/uploads\/2024\/03\/P2023_01-scaled.jpg","datePublished":"2024-03-05T19:12:27+00:00","dateModified":"2024-08-07T16:19:52+00:00","description":"Embrace fertility, growth, and prosperity with the Ingwaz Golden Glyph Rune Pendant Necklace, inspired by the Norse god Yngvi-Freyr.","breadcrumb":{"@id":"https:\/\/jardfe.com\/product\/ingwaz-golden-glyph-rune-pendant-necklace\/#breadcrumb"},"inLanguage":"en-US","potentialAction":[{"@type":"ReadAction","target":["https:\/\/jardfe.com\/product\/ingwaz-golden-glyph-rune-pendant-necklace\/"]}]},{"@type":"ImageObject","inLanguage":"en-US","@id":"https:\/\/jardfe.com\/product\/ingwaz-golden-glyph-rune-pendant-necklace\/#primaryimage","url":"https:\/\/jardfe.com\/wp-content\/uploads\/2024\/03\/P2023_01-scaled.jpg","contentUrl":"https:\/\/jardfe.com\/wp-content\/uploads\/2024\/03\/P2023_01-scaled.jpg","width":2560,"height":1663,"caption":"handmade silver and gold futhark initial pendant necklace"},{"@type":"BreadcrumbList","@id":"https:\/\/jardfe.com\/product\/ingwaz-golden-glyph-rune-pendant-necklace\/#breadcrumb","itemListElement":[{"@type":"ListItem","position":1,"name":"Home","item":"https:\/\/jardfe.com\/"},{"@type":"ListItem","position":2,"name":"Shop","item":"https:\/\/jardfe.com\/shop\/"},{"@type":"ListItem","position":3,"name":"Ingwaz Golden Glyph Rune Pendant Necklace"}]},{"@type":"WebSite","@id":"https:\/\/jardfe.com\/#website","url":"https:\/\/jardfe.com\/","name":"jar\u00f0fe","description":"Authentic Viking Jewelry Hand Made in Norway","publisher":{"@id":"https:\/\/jardfe.com\/#organization"},"potentialAction":[{"@type":"SearchAction","target":{"@type":"EntryPoint","urlTemplate":"https:\/\/jardfe.com\/?s={search_term_string}"},"query-input":{"@type":"PropertyValueSpecification","valueRequired":true,"valueName":"search_term_string"}}],"inLanguage":"en-US"},{"@type":"Organization","@id":"https:\/\/jardfe.com\/#organization","name":"jar\u00f0fe","url":"https:\/\/jardfe.com\/","logo":{"@type":"ImageObject","inLanguage":"en-US","@id":"https:\/\/jardfe.com\/#\/schema\/logo\/image\/","url":"https:\/\/jardfe.com\/wp-content\/uploads\/2024\/02\/jardfe-logo.png","contentUrl":"https:\/\/jardfe.com\/wp-content\/uploads\/2024\/02\/jardfe-logo.png","width":845,"height":425,"caption":"jar\u00f0fe"},"image":{"@id":"https:\/\/jardfe.com\/#\/schema\/logo\/image\/"}}]}},"_links":{"self":[{"href":"https:\/\/jardfe.com\/en\/wp-json\/wp\/v2\/product\/2343","targetHints":{"allow":["GET"]}}],"collection":[{"href":"https:\/\/jardfe.com\/en\/wp-json\/wp\/v2\/product"}],"about":[{"href":"https:\/\/jardfe.com\/en\/wp-json\/wp\/v2\/types\/product"}],"replies":[{"embeddable":true,"href":"https:\/\/jardfe.com\/en\/wp-json\/wp\/v2\/comments?post=2343"}],"wp:featuredmedia":[{"embeddable":true,"href":"https:\/\/jardfe.com\/en\/wp-json\/wp\/v2\/media\/3611"}],"wp:attachment":[{"href":"https:\/\/jardfe.com\/en\/wp-json\/wp\/v2\/media?parent=2343"}],"wp:term":[{"taxonomy":"product_cat","embeddable":true,"href":"https:\/\/jardfe.com\/en\/wp-json\/wp\/v2\/product_cat?post=2343"},{"taxonomy":"product_tag","embeddable":true,"href":"https:\/\/jardfe.com\/en\/wp-json\/wp\/v2\/product_tag?post=2343"}],"curies":[{"name":"wp","href":"https:\/\/api.w.org\/{rel}","templated":true}]}}