{"id":2339,"date":"2024-03-05T18:20:00","date_gmt":"2024-03-05T18:20:00","guid":{"rendered":"https:\/\/jardfe.com\/?post_type=product&#038;p=2339"},"modified":"2024-08-07T16:19:50","modified_gmt":"2024-08-07T16:19:50","slug":"berkanan-golden-glyph-rune-pendant-necklace","status":"publish","type":"product","link":"https:\/\/jardfe.com\/en\/product\/berkanan-golden-glyph-rune-pendant-necklace\/","title":{"rendered":"Berkanan Golden Glyph Rune Pendant Necklace"},"content":{"rendered":"<p>The Berkanan Golden Glyph Rune Pendant Necklace offers a profound connection to the transformative energies of nature as represented by the birch tree. By integrating this piece into your daily life, you align with the enduring cycles of growth and renewal inherent in the natural world.<\/p>\n<p>This Viking medallion is a reminder of the continuous possibilities for renewal and cleansing in our lives. Berkanan, symbolizing the onset of spring and the fertility of new ideas, encourages wearers to cleanse old patterns and embrace change with openness and optimism.<\/p>\n<p>Wearing this handmade and authentic talisman, you carry with you the purifying and protective energies of the birch tree. Whether as a guide through personal evolution, a celebration of new life, or a symbol of the burgeoning spring, the Berkanan rune pendant is a potent reminder that after every winter, the earth reawakens, bringing forth life anew.<\/p>\n<div class=\"runeinfo\"><h2>Berkanan<\/h2>\t\t\n\t\t\t\t\t\t\t\t\t\t\t\t\t<img decoding=\"async\" width=\"91\" height=\"300\" src=\"https:\/\/jardfe.com\/wp-content\/uploads\/2024\/03\/berkanan-91x300.png\" alt=\"berkanan rune symbol\" srcset=\"https:\/\/jardfe.com\/wp-content\/uploads\/2024\/03\/berkanan-91x300.png 91w, https:\/\/jardfe.com\/wp-content\/uploads\/2024\/03\/berkanan-4x12.png 4w, https:\/\/jardfe.com\/wp-content\/uploads\/2024\/03\/berkanan.png 307w\" sizes=\"(max-width: 91px) 100vw, 91px\" \/>\t\t\t\t\t\t\t\t\t\t\t\t\t\n\t\t<p><strong>Berkanan<\/strong>, the rune letter <strong>B<\/strong>, in proto-Germanic or <a href=\"https:\/\/jardfe.com\/runes-younger-futhark\/bjarkan\/\"><strong>bjarkan<\/strong><\/a> in old Norse <a href=\"https:\/\/jardfe.com\/runes-younger-futhark\/\">younger futhark<\/a> refers to the birch-tree. The more common old Norse phrase for birch would be <strong>bj\u00f6rk<\/strong>.<\/p><blockquote><p>B\u00f6\u00f0varr s\u00f3tti \u00e1 fund Elg-Fr\u00f3\u00f0a, br\u00f3\u00f0ur s\u00edns.<br \/>Hann ger\u00f0i umger\u00f0 at sver\u00f0inu af bj\u00f6rk.<\/p><p>B\u00f8dvar went to the meeting with Elk-Frode, his brother.<br \/>He made a scabbard for the sword out of birch.<\/p><\/blockquote><p>The birch held significant importance to the Vikings, both symbolically and in their daily lives, and this importance has been carried forward to current day Nordic culture. Its wood was used for building, crafting tools, and making writing materials, while the sap provided sweet nectar.<\/p><p>Symbolically, the birch represented fertility, renewal and purification. Birch is one of the first trees to break bud in the spring, it was a herald of the end of winter and the coming of new life, embodying the cycle of rebirth and rejuvenation. Birch has been attested several times in the old Norse literature as a symbol of fertility and birth. Even today birch twigs are used to decorate Nordic homes during spring holidays. The birch was also believed to have a purifying effect, for example in Finland people will still use a bunch of birch twigs (known as <strong>vihta<\/strong>\u00a0or <strong>vasta<\/strong>) to whip their backs said to clean the skin and relax the muscles. This made the birch a powerful symbol of new beginnings and cleansing.<\/p><p>From this follows that\u00a0<strong>Berkanan<\/strong> serves as a powerful symbol of fertility and a talisman valuable for couples looking to conceive, pregnant persons and new parents.<\/p><p>In a broader sense it can also be a representation of the fertility of ideas, projects, and personal growth.\u00a0<strong>Berkanan<\/strong> taps into the natural cycle of birth, growth, and rebirth. It encourages us to embrace change positively, to cleanse ourselves of past burdens, and to open our hearts to love and protection.<\/p>\t\t\n\t\t\t<ul>\n<li>\n\t\t<a href=\"https:\/\/jardfe.com\/product\/berkanan-golden-glyph-rune-pendant-necklace\/\"><img decoding=\"async\" src=\"https:\/\/jardfe.com\/wp-content\/uploads\/2024\/02\/P2002_01-768x512.jpg\" alt=\"handmade silver and gold futhark initial pendant necklace\"><img fetchpriority=\"high\" decoding=\"async\" width=\"768\" height=\"512\" src=\"https:\/\/jardfe.com\/wp-content\/uploads\/2024\/03\/P2002_02-768x512.jpg\" alt=\"handmade silver and gold futhark initial pendant necklace\" \/><\/a><a href=\"https:\/\/jardfe.com\/product\/berkanan-golden-glyph-rune-pendant-necklace\/\"><h2>Berkanan Golden Glyph Rune Pendant Necklace<\/h2><\/a>\t\t\t\n\t\t\t\tBerkanan\t\t\t\n\t\t\tRated <strong>0<\/strong> out of 5\n\t<bdi>NOK&nbsp;2010<\/bdi>\n<a href=\"?add-to-cart=2339\" data-quantity=\"1\" data-product_id=\"2339\" data-product_sku=\"\" aria-label=\"Add to cart: &ldquo;Berkanan Golden Glyph Rune Pendant Necklace&rdquo;\" aria-describedby=\"\" rel=\"nofollow\">Add to cart<\/a>Quick View\t\n<\/li>\n<\/ul>\n\t\t<!--\n\t\t-->\n\t\t\t\t\t\t<a href=\"#\" id=\"premium-woo-quick-view-close\"><\/a><\/div>\n","protected":false},"excerpt":{"rendered":"<p>Embrace the essence of renewal and purity with the Berkanan Golden Glyph Rune Pendant Necklace, inspired by the vitality and cleansing properties of the birch tree, a significant symbol in Norse culture. Traditionally handcrafted, this authentic Viking necklace embodies the spirit of new beginnings, fertility, and personal growth.<br \/>\nThe Berkanan pendant serves as a modern talisman for anyone seeking rejuvenation or looking to embark on new ventures. It symbolizes the awakening of nature, the fertility of the earth, and the cycle of rebirth, making it an ideal symbol for couples aspiring to conceive, individuals embarking on new projects, or anyone undergoing personal transformation.<br \/>\nIdeal for adorning during springtime celebrations or as a year-round reminder of the potential for renewal and growth, this Norse necklace is a beacon of hope and purification. Let the Berkanan Golden Glyph Rune Pendant Necklace guide you through life\u2019s transitions with grace, strength, and the freshness of a spring morning.<\/p>\n","protected":false},"featured_media":1990,"comment_status":"open","ping_status":"closed","template":"","meta":{"site-sidebar-layout":"default","site-content-layout":"","ast-site-content-layout":"default","site-content-style":"default","site-sidebar-style":"default","ast-global-header-display":"","ast-banner-title-visibility":"","ast-main-header-display":"","ast-hfb-above-header-display":"","ast-hfb-below-header-display":"","ast-hfb-mobile-header-display":"","site-post-title":"","ast-breadcrumbs-content":"","ast-featured-img":"","footer-sml-layout":"","theme-transparent-header-meta":"default","adv-header-id-meta":"","stick-header-meta":"","header-above-stick-meta":"","header-main-stick-meta":"","header-below-stick-meta":"","astra-migrate-meta-layouts":"set","ast-page-background-enabled":"default","ast-page-background-meta":{"desktop":{"background-color":"var(--ast-global-color-4)","background-image":"","background-repeat":"repeat","background-position":"center center","background-size":"auto","background-attachment":"scroll","background-type":"","background-media":"","overlay-type":"","overlay-color":"","overlay-opacity":"","overlay-gradient":""},"tablet":{"background-color":"","background-image":"","background-repeat":"repeat","background-position":"center center","background-size":"auto","background-attachment":"scroll","background-type":"","background-media":"","overlay-type":"","overlay-color":"","overlay-opacity":"","overlay-gradient":""},"mobile":{"background-color":"","background-image":"","background-repeat":"repeat","background-position":"center center","background-size":"auto","background-attachment":"scroll","background-type":"","background-media":"","overlay-type":"","overlay-color":"","overlay-opacity":"","overlay-gradient":""}},"ast-content-background-meta":{"desktop":{"background-color":"var(--ast-global-color-5)","background-image":"","background-repeat":"repeat","background-position":"center center","background-size":"auto","background-attachment":"scroll","background-type":"","background-media":"","overlay-type":"","overlay-color":"","overlay-opacity":"","overlay-gradient":""},"tablet":{"background-color":"var(--ast-global-color-5)","background-image":"","background-repeat":"repeat","background-position":"center center","background-size":"auto","background-attachment":"scroll","background-type":"","background-media":"","overlay-type":"","overlay-color":"","overlay-opacity":"","overlay-gradient":""},"mobile":{"background-color":"var(--ast-global-color-5)","background-image":"","background-repeat":"repeat","background-position":"center center","background-size":"auto","background-attachment":"scroll","background-type":"","background-media":"","overlay-type":"","overlay-color":"","overlay-opacity":"","overlay-gradient":""}}},"product_cat":[62,29,28],"product_tag":[],"class_list":{"0":"post-2339","1":"product","2":"type-product","3":"status-publish","4":"has-post-thumbnail","6":"product_cat-berkanan-rune","7":"product_cat-golden-glyph-pendant","8":"product_cat-pendants","9":"desktop-align-left","10":"tablet-align-left","11":"mobile-align-left","13":"first","14":"instock","15":"taxable","16":"shipping-taxable","17":"purchasable","18":"product-type-simple"},"yoast_head":"<!-- This site is optimized with the Yoast SEO plugin v23.4 - https:\/\/yoast.com\/wordpress\/plugins\/seo\/ -->\n<title>Berkanan Golden Glyph Rune Pendant Necklace - jar\u00f0fe<\/title>\n<meta name=\"description\" content=\"Renew your spirit with the Berkanan Golden Glyph Rune Pendant Necklace, a symbol of fertility, renewal, and new beginnings in viking and norse tradition.\" \/>\n<meta name=\"robots\" content=\"index, follow, max-snippet:-1, max-image-preview:large, max-video-preview:-1\" \/>\n<link rel=\"canonical\" href=\"https:\/\/jardfe.com\/en\/product\/berkanan-golden-glyph-rune-pendant-necklace\/\" \/>\n<meta property=\"og:locale\" content=\"en_US\" \/>\n<meta property=\"og:type\" content=\"article\" \/>\n<meta property=\"og:title\" content=\"Berkanan Golden Glyph Rune Pendant Necklace - jar\u00f0fe\" \/>\n<meta property=\"og:description\" content=\"Renew your spirit with the Berkanan Golden Glyph Rune Pendant Necklace, a symbol of fertility, renewal, and new beginnings in viking and norse tradition.\" \/>\n<meta property=\"og:url\" content=\"https:\/\/jardfe.com\/en\/product\/berkanan-golden-glyph-rune-pendant-necklace\/\" \/>\n<meta property=\"og:site_name\" content=\"jar\u00f0fe\" \/>\n<meta property=\"article:modified_time\" content=\"2024-08-07T16:19:50+00:00\" \/>\n<meta property=\"og:image\" content=\"https:\/\/jardfe.com\/wp-content\/uploads\/2024\/02\/P2002_01-scaled.jpg\" \/>\n\t<meta property=\"og:image:width\" content=\"2560\" \/>\n\t<meta property=\"og:image:height\" content=\"1707\" \/>\n\t<meta property=\"og:image:type\" content=\"image\/jpeg\" \/>\n<meta name=\"twitter:card\" content=\"summary_large_image\" \/>\n<meta name=\"twitter:label1\" content=\"Est. reading time\" \/>\n\t<meta name=\"twitter:data1\" content=\"1 minute\" \/>\n<script type=\"application\/ld+json\" class=\"yoast-schema-graph\">{\"@context\":\"https:\/\/schema.org\",\"@graph\":[{\"@type\":\"WebPage\",\"@id\":\"https:\/\/jardfe.com\/product\/berkanan-golden-glyph-rune-pendant-necklace\/\",\"url\":\"https:\/\/jardfe.com\/product\/berkanan-golden-glyph-rune-pendant-necklace\/\",\"name\":\"Berkanan Golden Glyph Rune Pendant Necklace - jar\u00f0fe\",\"isPartOf\":{\"@id\":\"https:\/\/jardfe.com\/#website\"},\"primaryImageOfPage\":{\"@id\":\"https:\/\/jardfe.com\/product\/berkanan-golden-glyph-rune-pendant-necklace\/#primaryimage\"},\"image\":{\"@id\":\"https:\/\/jardfe.com\/product\/berkanan-golden-glyph-rune-pendant-necklace\/#primaryimage\"},\"thumbnailUrl\":\"https:\/\/jardfe.com\/wp-content\/uploads\/2024\/02\/P2002_01-scaled.jpg\",\"datePublished\":\"2024-03-05T18:20:00+00:00\",\"dateModified\":\"2024-08-07T16:19:50+00:00\",\"description\":\"Renew your spirit with the Berkanan Golden Glyph Rune Pendant Necklace, a symbol of fertility, renewal, and new beginnings in viking and norse tradition.\",\"breadcrumb\":{\"@id\":\"https:\/\/jardfe.com\/product\/berkanan-golden-glyph-rune-pendant-necklace\/#breadcrumb\"},\"inLanguage\":\"en-US\",\"potentialAction\":[{\"@type\":\"ReadAction\",\"target\":[\"https:\/\/jardfe.com\/product\/berkanan-golden-glyph-rune-pendant-necklace\/\"]}]},{\"@type\":\"ImageObject\",\"inLanguage\":\"en-US\",\"@id\":\"https:\/\/jardfe.com\/product\/berkanan-golden-glyph-rune-pendant-necklace\/#primaryimage\",\"url\":\"https:\/\/jardfe.com\/wp-content\/uploads\/2024\/02\/P2002_01-scaled.jpg\",\"contentUrl\":\"https:\/\/jardfe.com\/wp-content\/uploads\/2024\/02\/P2002_01-scaled.jpg\",\"width\":2560,\"height\":1707,\"caption\":\"handmade silver and gold futhark initial pendant necklace\"},{\"@type\":\"BreadcrumbList\",\"@id\":\"https:\/\/jardfe.com\/product\/berkanan-golden-glyph-rune-pendant-necklace\/#breadcrumb\",\"itemListElement\":[{\"@type\":\"ListItem\",\"position\":1,\"name\":\"Home\",\"item\":\"https:\/\/jardfe.com\/\"},{\"@type\":\"ListItem\",\"position\":2,\"name\":\"Shop\",\"item\":\"https:\/\/jardfe.com\/shop\/\"},{\"@type\":\"ListItem\",\"position\":3,\"name\":\"Berkanan Golden Glyph Rune Pendant Necklace\"}]},{\"@type\":\"WebSite\",\"@id\":\"https:\/\/jardfe.com\/#website\",\"url\":\"https:\/\/jardfe.com\/\",\"name\":\"jar\u00f0fe\",\"description\":\"Authentic Viking Jewelry Hand Made in Norway\",\"publisher\":{\"@id\":\"https:\/\/jardfe.com\/#organization\"},\"potentialAction\":[{\"@type\":\"SearchAction\",\"target\":{\"@type\":\"EntryPoint\",\"urlTemplate\":\"https:\/\/jardfe.com\/?s={search_term_string}\"},\"query-input\":{\"@type\":\"PropertyValueSpecification\",\"valueRequired\":true,\"valueName\":\"search_term_string\"}}],\"inLanguage\":\"en-US\"},{\"@type\":\"Organization\",\"@id\":\"https:\/\/jardfe.com\/#organization\",\"name\":\"jar\u00f0fe\",\"url\":\"https:\/\/jardfe.com\/\",\"logo\":{\"@type\":\"ImageObject\",\"inLanguage\":\"en-US\",\"@id\":\"https:\/\/jardfe.com\/#\/schema\/logo\/image\/\",\"url\":\"https:\/\/jardfe.com\/wp-content\/uploads\/2024\/02\/jardfe-logo.png\",\"contentUrl\":\"https:\/\/jardfe.com\/wp-content\/uploads\/2024\/02\/jardfe-logo.png\",\"width\":845,\"height\":425,\"caption\":\"jar\u00f0fe\"},\"image\":{\"@id\":\"https:\/\/jardfe.com\/#\/schema\/logo\/image\/\"}}]}<\/script>\n<!-- \/ Yoast SEO plugin. -->","yoast_head_json":{"title":"Berkanan Golden Glyph Rune Pendant Necklace - jar\u00f0fe","description":"Renew your spirit with the Berkanan Golden Glyph Rune Pendant Necklace, a symbol of fertility, renewal, and new beginnings in viking and norse tradition.","robots":{"index":"index","follow":"follow","max-snippet":"max-snippet:-1","max-image-preview":"max-image-preview:large","max-video-preview":"max-video-preview:-1"},"canonical":"https:\/\/jardfe.com\/en\/product\/berkanan-golden-glyph-rune-pendant-necklace\/","og_locale":"en_US","og_type":"article","og_title":"Berkanan Golden Glyph Rune Pendant Necklace - jar\u00f0fe","og_description":"Renew your spirit with the Berkanan Golden Glyph Rune Pendant Necklace, a symbol of fertility, renewal, and new beginnings in viking and norse tradition.","og_url":"https:\/\/jardfe.com\/en\/product\/berkanan-golden-glyph-rune-pendant-necklace\/","og_site_name":"jar\u00f0fe","article_modified_time":"2024-08-07T16:19:50+00:00","og_image":[{"width":2560,"height":1707,"url":"https:\/\/jardfe.com\/wp-content\/uploads\/2024\/02\/P2002_01-scaled.jpg","type":"image\/jpeg"}],"twitter_card":"summary_large_image","twitter_misc":{"Est. reading time":"1 minute"},"schema":{"@context":"https:\/\/schema.org","@graph":[{"@type":"WebPage","@id":"https:\/\/jardfe.com\/product\/berkanan-golden-glyph-rune-pendant-necklace\/","url":"https:\/\/jardfe.com\/product\/berkanan-golden-glyph-rune-pendant-necklace\/","name":"Berkanan Golden Glyph Rune Pendant Necklace - jar\u00f0fe","isPartOf":{"@id":"https:\/\/jardfe.com\/#website"},"primaryImageOfPage":{"@id":"https:\/\/jardfe.com\/product\/berkanan-golden-glyph-rune-pendant-necklace\/#primaryimage"},"image":{"@id":"https:\/\/jardfe.com\/product\/berkanan-golden-glyph-rune-pendant-necklace\/#primaryimage"},"thumbnailUrl":"https:\/\/jardfe.com\/wp-content\/uploads\/2024\/02\/P2002_01-scaled.jpg","datePublished":"2024-03-05T18:20:00+00:00","dateModified":"2024-08-07T16:19:50+00:00","description":"Renew your spirit with the Berkanan Golden Glyph Rune Pendant Necklace, a symbol of fertility, renewal, and new beginnings in viking and norse tradition.","breadcrumb":{"@id":"https:\/\/jardfe.com\/product\/berkanan-golden-glyph-rune-pendant-necklace\/#breadcrumb"},"inLanguage":"en-US","potentialAction":[{"@type":"ReadAction","target":["https:\/\/jardfe.com\/product\/berkanan-golden-glyph-rune-pendant-necklace\/"]}]},{"@type":"ImageObject","inLanguage":"en-US","@id":"https:\/\/jardfe.com\/product\/berkanan-golden-glyph-rune-pendant-necklace\/#primaryimage","url":"https:\/\/jardfe.com\/wp-content\/uploads\/2024\/02\/P2002_01-scaled.jpg","contentUrl":"https:\/\/jardfe.com\/wp-content\/uploads\/2024\/02\/P2002_01-scaled.jpg","width":2560,"height":1707,"caption":"handmade silver and gold futhark initial pendant necklace"},{"@type":"BreadcrumbList","@id":"https:\/\/jardfe.com\/product\/berkanan-golden-glyph-rune-pendant-necklace\/#breadcrumb","itemListElement":[{"@type":"ListItem","position":1,"name":"Home","item":"https:\/\/jardfe.com\/"},{"@type":"ListItem","position":2,"name":"Shop","item":"https:\/\/jardfe.com\/shop\/"},{"@type":"ListItem","position":3,"name":"Berkanan Golden Glyph Rune Pendant Necklace"}]},{"@type":"WebSite","@id":"https:\/\/jardfe.com\/#website","url":"https:\/\/jardfe.com\/","name":"jar\u00f0fe","description":"Authentic Viking Jewelry Hand Made in Norway","publisher":{"@id":"https:\/\/jardfe.com\/#organization"},"potentialAction":[{"@type":"SearchAction","target":{"@type":"EntryPoint","urlTemplate":"https:\/\/jardfe.com\/?s={search_term_string}"},"query-input":{"@type":"PropertyValueSpecification","valueRequired":true,"valueName":"search_term_string"}}],"inLanguage":"en-US"},{"@type":"Organization","@id":"https:\/\/jardfe.com\/#organization","name":"jar\u00f0fe","url":"https:\/\/jardfe.com\/","logo":{"@type":"ImageObject","inLanguage":"en-US","@id":"https:\/\/jardfe.com\/#\/schema\/logo\/image\/","url":"https:\/\/jardfe.com\/wp-content\/uploads\/2024\/02\/jardfe-logo.png","contentUrl":"https:\/\/jardfe.com\/wp-content\/uploads\/2024\/02\/jardfe-logo.png","width":845,"height":425,"caption":"jar\u00f0fe"},"image":{"@id":"https:\/\/jardfe.com\/#\/schema\/logo\/image\/"}}]}},"_links":{"self":[{"href":"https:\/\/jardfe.com\/en\/wp-json\/wp\/v2\/product\/2339","targetHints":{"allow":["GET"]}}],"collection":[{"href":"https:\/\/jardfe.com\/en\/wp-json\/wp\/v2\/product"}],"about":[{"href":"https:\/\/jardfe.com\/en\/wp-json\/wp\/v2\/types\/product"}],"replies":[{"embeddable":true,"href":"https:\/\/jardfe.com\/en\/wp-json\/wp\/v2\/comments?post=2339"}],"wp:featuredmedia":[{"embeddable":true,"href":"https:\/\/jardfe.com\/en\/wp-json\/wp\/v2\/media\/1990"}],"wp:attachment":[{"href":"https:\/\/jardfe.com\/en\/wp-json\/wp\/v2\/media?parent=2339"}],"wp:term":[{"taxonomy":"product_cat","embeddable":true,"href":"https:\/\/jardfe.com\/en\/wp-json\/wp\/v2\/product_cat?post=2339"},{"taxonomy":"product_tag","embeddable":true,"href":"https:\/\/jardfe.com\/en\/wp-json\/wp\/v2\/product_tag?post=2339"}],"curies":[{"name":"wp","href":"https:\/\/api.w.org\/{rel}","templated":true}]}}