{"id":2932,"date":"2024-03-21T11:28:19","date_gmt":"2024-03-21T11:28:19","guid":{"rendered":"https:\/\/jardfe.com\/?page_id=2932"},"modified":"2024-06-10T12:08:07","modified_gmt":"2024-06-10T12:08:07","slug":"logr","status":"publish","type":"page","link":"https:\/\/jardfe.com\/en\/runes\/runes-younger-futhark\/logr\/","title":{"rendered":"L\u00f6gr"},"content":{"rendered":"\t\t<div data-elementor-type=\"wp-page\" data-elementor-id=\"2932\" class=\"elementor elementor-2932\">\n\t\t\t\t<div class=\"elementor-element elementor-element-2a000ef e-flex e-con-boxed e-con e-parent\" data-id=\"2a000ef\" data-element_type=\"container\">\n\t\t\t\t\t<div class=\"e-con-inner\">\n\t\t\t\t<div class=\"elementor-element elementor-element-4d99d65 elementor-widget elementor-widget-heading\" data-id=\"4d99d65\" data-element_type=\"widget\" id=\"logr\" data-widget_type=\"heading.default\">\n\t\t\t\t<div class=\"elementor-widget-container\">\n\t\t\t<style>\/*! elementor - v3.23.0 - 05-08-2024 *\/\n.elementor-heading-title{padding:0;margin:0;line-height:1}.elementor-widget-heading .elementor-heading-title[class*=elementor-size-]>a{color:inherit;font-size:inherit;line-height:inherit}.elementor-widget-heading .elementor-heading-title.elementor-size-small{font-size:15px}.elementor-widget-heading .elementor-heading-title.elementor-size-medium{font-size:19px}.elementor-widget-heading .elementor-heading-title.elementor-size-large{font-size:29px}.elementor-widget-heading .elementor-heading-title.elementor-size-xl{font-size:39px}.elementor-widget-heading .elementor-heading-title.elementor-size-xxl{font-size:59px}<\/style><h2 class=\"elementor-heading-title elementor-size-default\">L\u00f6gr<\/h2>\t\t<\/div>\n\t\t\t\t<\/div>\n\t\t\t\t<div class=\"elementor-element elementor-element-a0dba2e elementor-widget elementor-widget-image\" data-id=\"a0dba2e\" data-element_type=\"widget\" data-widget_type=\"image.default\">\n\t\t\t\t<div class=\"elementor-widget-container\">\n\t\t\t<style>\/*! elementor - v3.23.0 - 05-08-2024 *\/\n.elementor-widget-image{text-align:center}.elementor-widget-image a{display:inline-block}.elementor-widget-image a img[src$=\".svg\"]{width:48px}.elementor-widget-image img{vertical-align:middle;display:inline-block}<\/style>\t\t\t\t\t\t\t\t\t\t<img decoding=\"async\" width=\"127\" height=\"300\" src=\"https:\/\/jardfe.com\/wp-content\/uploads\/2024\/03\/logr-127x300.png\" class=\"attachment-medium size-medium wp-image-2936\" alt=\"logr rune symbol\" srcset=\"https:\/\/jardfe.com\/wp-content\/uploads\/2024\/03\/logr-127x300.png 127w, https:\/\/jardfe.com\/wp-content\/uploads\/2024\/03\/logr-5x12.png 5w, https:\/\/jardfe.com\/wp-content\/uploads\/2024\/03\/logr.png 407w\" sizes=\"(max-width: 127px) 100vw, 127px\" \/>\t\t\t\t\t\t\t\t\t\t\t\t\t<\/div>\n\t\t\t\t<\/div>\n\t\t\t\t<div class=\"elementor-element elementor-element-a16af85 elementor-widget elementor-widget-text-editor\" data-id=\"a16af85\" data-element_type=\"widget\" data-widget_type=\"text-editor.default\">\n\t\t\t\t<div class=\"elementor-widget-container\">\n\t\t\t<style>\/*! elementor - v3.23.0 - 05-08-2024 *\/\n.elementor-widget-text-editor.elementor-drop-cap-view-stacked .elementor-drop-cap{background-color:#69727d;color:#fff}.elementor-widget-text-editor.elementor-drop-cap-view-framed .elementor-drop-cap{color:#69727d;border:3px solid;background-color:transparent}.elementor-widget-text-editor:not(.elementor-drop-cap-view-default) .elementor-drop-cap{margin-top:8px}.elementor-widget-text-editor:not(.elementor-drop-cap-view-default) .elementor-drop-cap-letter{width:1em;height:1em}.elementor-widget-text-editor .elementor-drop-cap{float:left;text-align:center;line-height:1;font-size:50px}.elementor-widget-text-editor .elementor-drop-cap-letter{display:inline-block}<\/style>\t\t\t\t<p><strong>L\u00f6gr<\/strong> in old Norse, representing the viking rune letter L, means sea, lake, water or waterfall, while the same rune symbol in the <a href=\"https:\/\/jardfe.com\/runes-older-futhark\/\">elder futhark<\/a>, <strong><a href=\"https:\/\/jardfe.com\/runes-older-futhark\/laguz\/\">lauguz\/laguz\/laukaz<\/a>,<\/strong> means leek (equivalent to <strong>lauki<\/strong> in old Norse) or lake in proto-Germanic.<\/p><blockquote><p>L\u00f6gr \u00fev\u00e6r flaust, en fagrir,<br \/>fl\u00f3\u00f0s vaskar brim st\u00f3\u00f0um,<br \/>\u00fear er s\u00e6r \u00e1 hli\u00f0 hv\u00e1ra<br \/>hlymr, ve\u00f0rvitar glymja.<\/p><p>The lake washes the ship, but gently,<br \/>the sea surface washes steadily,<br \/>in that place where sea and river meet,<br \/>noise, the weather-beast splashes.<\/p><\/blockquote><p>For the Vikings, water and the sea was not just a vital resource but an integral part of life, serving as a pathway for exploration, raiding, and trade. Mastery of seafaring was a source of power, prestige, and vital for their survival and expansion, enabling the Vikings to amass wealth and resources and expanding their cultural influences.<\/p><p>Based on this <strong>l\u00f6gr<\/strong> inspires a deep connection to the nurturing forces of nature and our own potential for growth and regeneration. <strong>L\u00f6gr<\/strong> is life-giving, granting the bearer strength, resilience, fertility and good health. It also motivates us to embrace the life-giving aspects of our existence, encouraging us to flow with life&#8217;s changes and to cultivate fertility in our thoughts, actions, and relationships. By embracing the essence of <strong>l\u00f6gr<\/strong> we tap into the ancient wisdom that recognizes the vital forces of both water and earth as fundamental to nurturing the seeds of our future.<\/p>\t\t\t\t\t\t<\/div>\n\t\t\t\t<\/div>\n\t\t\t\t<div class=\"elementor-element elementor-element-3eb1bc2 premium-woo-product-align-center premium-qv-hidden-yes elementor-widget elementor-widget-premium-woo-products\" data-id=\"3eb1bc2\" data-element_type=\"widget\" data-settings=\"{&quot;products_show&quot;:3,&quot;products_show_tablet&quot;:2,&quot;products_show_mobile&quot;:1,&quot;products_on_scroll&quot;:1}\" data-widget_type=\"premium-woo-products.grid-2\">\n\t\t\t\t<div class=\"elementor-widget-container\">\n\t\t\t<div class=\"premium-carousel-hidden premium-woocommerce premium-woo-products-carousel premium-woo-skin-grid-2 premium-woo-query-custom\" data-woo_carousel=\"{&quot;slidesToShow&quot;:3,&quot;slidesToScroll&quot;:1,&quot;autoplaySpeed&quot;:3000,&quot;autoplay&quot;:true,&quot;infinite&quot;:true,&quot;pauseOnHover&quot;:false,&quot;speed&quot;:500,&quot;arrows&quot;:true,&quot;dots&quot;:true,&quot;rtl&quot;:false,&quot;prevArrow&quot;:&quot;&lt;a type=\\&quot;button\\&quot; data-role=\\&quot;none\\&quot; class=\\&quot;carousel-arrow carousel-prev\\&quot; aria-label=\\&quot;Previous\\&quot; role=\\&quot;button\\&quot; style=\\&quot;\\&quot;&gt;&lt;i class=\\&quot;fas fa-angle-left\\&quot; aria-hidden=\\&quot;true\\&quot;&gt;&lt;\\\/i&gt;&lt;\\\/a&gt;&quot;,&quot;nextArrow&quot;:&quot;&lt;a type=\\&quot;button\\&quot; data-role=\\&quot;none\\&quot; class=\\&quot;carousel-arrow carousel-next\\&quot; aria-label=\\&quot;Next\\&quot; role=\\&quot;button\\&quot; style=\\&quot;\\&quot;&gt;&lt;i class=\\&quot;fas fa-angle-right\\&quot; aria-hidden=\\&quot;true\\&quot;&gt;&lt;\\\/i&gt;&lt;\\\/a&gt;&quot;,&quot;responsive&quot;:[{&quot;breakpoint&quot;:1024,&quot;settings&quot;:{&quot;slidesToShow&quot;:2,&quot;slidesToScroll&quot;:2}},{&quot;breakpoint&quot;:767,&quot;settings&quot;:{&quot;slidesToShow&quot;:1,&quot;slidesToScroll&quot;:1}}]}\" data-page-id=\"2932\" data-skin=\"grid_2\" data-quick-view=\"yes\"><div class=\"premium-woo-products-inner premium-woo-product__hover-swap\"><ul class=\"products columns-3\">\n\n<li class=\"post-5748 product first instock taxable shipping-taxable purchasable product-type-simple\">\n\t<div class=\"premium-woo-product-wrapper\">\n\t\t<div class=\"premium-woo-product-thumbnail\"><a href=\"https:\/\/jardfe.com\/en\/product\/logr-golden-glyph-rune-pendant-necklace\/\" class=\"woocommerce-LoopProduct-link woocommerce-loop-product__link\"><img decoding=\"async\" src=\"https:\/\/jardfe.com\/wp-content\/uploads\/2024\/02\/P2011_01-768x512.jpg\" alt=\"handmade silver and gold futhark initial pendant necklace\"><img fetchpriority=\"high\" decoding=\"async\" width=\"768\" height=\"512\" src=\"https:\/\/jardfe.com\/wp-content\/uploads\/2024\/03\/P2011_handheld-768x512.jpg\" class=\"premium-woo-product__on_hover\" alt=\"handmade silver and gold futhark initial pendant necklace\" \/><\/a><div class=\"premium-woo-products-details-wrap\"><div class=\"premium-woo-product-details\"><a href=\"https:\/\/jardfe.com\/en\/product\/logr-golden-glyph-rune-pendant-necklace\/\" class=\"premium-woo-product__link\"><h2 class=\"woocommerce-loop-product__title\">L\u00f6gr Golden Glyph Rune Pendant Necklace<\/h2><\/a>\t\t\t<span class=\"premium-woo-product-category\">\n\t\t\t\tGolden Glyph Pendants\t\t\t<\/span>\n\t\t\t<div class=\"star-rating\"><span style=\"width:0%\">Rated <strong class=\"rating\">0<\/strong> out of 5<\/span><\/div>\n\t<span class=\"price\"><span class=\"woocommerce-Price-amount amount\"><bdi><span class=\"woocommerce-Price-currencySymbol\">NOK<\/span>&nbsp;1990<\/bdi><\/span><\/span>\n<\/div><div class=\"premium-woo-product-actions-wrapper\"><div class=\"premium-woo-atc-button\" data-variations=&quot;true&quot;><a href=\"?add-to-cart=5748\" aria-describedby=\"woocommerce_loop_add_to_cart_link_describedby_5748\" data-quantity=\"1\" class=\"button product_type_simple add_to_cart_button ajax_add_to_cart\" data-product_id=\"5748\" data-product_sku=\"\" aria-label=\"Add to cart: &ldquo;L\u00f6gr Golden Glyph Rune Pendant Necklace&rdquo;\" rel=\"nofollow\">Add to cart<\/a><span id=\"woocommerce_loop_add_to_cart_link_describedby_5748\" class=\"screen-reader-text\">\n\t<\/span>\n<\/div><div class=\"premium-woo-qv-btn button\" data-product-id=\"5748\">Quick View<\/div><\/div><\/div><\/div>\t<\/div>\n<\/li>\n<\/ul>\n<\/div><\/div><div id=\"premium-woo-quick-view-3eb1bc2\" class=\"premium-woo-quick-view-3eb1bc2\">\r\n\t<div class=\"premium-woo-quick-view-back\">\r\n\t\t<div class=\"premium-woo-quick-view-loader\"><\/div>\r\n\t<\/div>\r\n\t<div id=\"premium-woo-quick-view-modal\">\r\n\t\t<div class=\"premium-woo-content-main-wrapper\"><!--\r\n\t\t--><div class=\"premium-woo-content-main\">\r\n\t\t\t\t<div class=\"premium-woo-lightbox-content\">\r\n\r\n\t\t\t\t\t<a href=\"#\" class=\"premium-woo-quick-view-close fa fa-close\"><\/a>\r\n\r\n\t\t\t\t\t<div id=\"premium-woo-quick-view-content\" class=\"woocommerce single-product\"><\/div>\r\n\t\t\t\t<\/div>\r\n\t\t\t<\/div>\r\n\t\t<\/div>\r\n\t<\/div>\r\n<\/div>\r\n\t\t<\/div>\n\t\t\t\t<\/div>\n\t\t\t\t\t<\/div>\n\t\t\t\t<\/div>\n\t\t\t\t<\/div>\n\t\t","protected":false},"excerpt":{"rendered":"<p>L\u00f6gr L\u00f6gr in old Norse, representing the viking rune letter L, means sea, lake, water or waterfall, while the same [&hellip;]<\/p>\n","protected":false},"author":3,"featured_media":5683,"parent":2446,"menu_order":14,"comment_status":"closed","ping_status":"closed","template":"","meta":{"site-sidebar-layout":"no-sidebar","site-content-layout":"page-builder","ast-site-content-layout":"full-width-container","site-content-style":"default","site-sidebar-style":"default","ast-global-header-display":"","ast-banner-title-visibility":"","ast-main-header-display":"","ast-hfb-above-header-display":"","ast-hfb-below-header-display":"","ast-hfb-mobile-header-display":"","site-post-title":"disabled","ast-breadcrumbs-content":"","ast-featured-img":"disabled","footer-sml-layout":"","theme-transparent-header-meta":"","adv-header-id-meta":"","stick-header-meta":"","header-above-stick-meta":"","header-main-stick-meta":"","header-below-stick-meta":"","astra-migrate-meta-layouts":"set","ast-page-background-enabled":"default","ast-page-background-meta":{"desktop":{"background-color":"var(--ast-global-color-4)","background-image":"","background-repeat":"repeat","background-position":"center center","background-size":"auto","background-attachment":"scroll","background-type":"","background-media":"","overlay-type":"","overlay-color":"","overlay-opacity":"","overlay-gradient":""},"tablet":{"background-color":"","background-image":"","background-repeat":"repeat","background-position":"center center","background-size":"auto","background-attachment":"scroll","background-type":"","background-media":"","overlay-type":"","overlay-color":"","overlay-opacity":"","overlay-gradient":""},"mobile":{"background-color":"","background-image":"","background-repeat":"repeat","background-position":"center center","background-size":"auto","background-attachment":"scroll","background-type":"","background-media":"","overlay-type":"","overlay-color":"","overlay-opacity":"","overlay-gradient":""}},"ast-content-background-meta":{"desktop":{"background-color":"var(--ast-global-color-5)","background-image":"","background-repeat":"repeat","background-position":"center center","background-size":"auto","background-attachment":"scroll","background-type":"","background-media":"","overlay-type":"","overlay-color":"","overlay-opacity":"","overlay-gradient":""},"tablet":{"background-color":"var(--ast-global-color-5)","background-image":"","background-repeat":"repeat","background-position":"center center","background-size":"auto","background-attachment":"scroll","background-type":"","background-media":"","overlay-type":"","overlay-color":"","overlay-opacity":"","overlay-gradient":""},"mobile":{"background-color":"var(--ast-global-color-5)","background-image":"","background-repeat":"repeat","background-position":"center center","background-size":"auto","background-attachment":"scroll","background-type":"","background-media":"","overlay-type":"","overlay-color":"","overlay-opacity":"","overlay-gradient":""}},"footnotes":""},"class_list":["post-2932","page","type-page","status-publish","has-post-thumbnail","hentry","desktop-align-left","tablet-align-left","mobile-align-left"],"yoast_head":"<!-- This site is optimized with the Yoast SEO plugin v23.4 - https:\/\/yoast.com\/wordpress\/plugins\/seo\/ -->\n<title>L\u00f6gr - jar\u00f0fe<\/title>\n<meta name=\"description\" content=\"L\u00f6gr, the viking rune letter L, represents water&#039;s vital role in Viking life and our growth, urging a connection with nature&#039;s regenerative forces for strength, resilience, and fertility.\" \/>\n<meta name=\"robots\" content=\"index, follow, max-snippet:-1, max-image-preview:large, max-video-preview:-1\" \/>\n<link rel=\"canonical\" href=\"https:\/\/jardfe.com\/en\/runes\/runes-younger-futhark\/logr\/\" \/>\n<meta property=\"og:locale\" content=\"en_US\" \/>\n<meta property=\"og:type\" content=\"article\" \/>\n<meta property=\"og:title\" content=\"L\u00f6gr - jar\u00f0fe\" \/>\n<meta property=\"og:description\" content=\"L\u00f6gr, the viking rune letter L, represents water&#039;s vital role in Viking life and our growth, urging a connection with nature&#039;s regenerative forces for strength, resilience, and fertility.\" \/>\n<meta property=\"og:url\" content=\"https:\/\/jardfe.com\/en\/runes\/runes-younger-futhark\/logr\/\" \/>\n<meta property=\"og:site_name\" content=\"jar\u00f0fe\" \/>\n<meta property=\"article:modified_time\" content=\"2024-06-10T12:08:07+00:00\" \/>\n<meta property=\"og:image\" content=\"https:\/\/jardfe.com\/wp-content\/uploads\/2024\/06\/logr_sqaure.png\" \/>\n\t<meta property=\"og:image:width\" content=\"959\" \/>\n\t<meta property=\"og:image:height\" content=\"959\" \/>\n\t<meta property=\"og:image:type\" content=\"image\/png\" \/>\n<meta name=\"twitter:card\" content=\"summary_large_image\" \/>\n<meta name=\"twitter:label1\" content=\"Est. reading time\" \/>\n\t<meta name=\"twitter:data1\" content=\"2 minutes\" \/>\n<script type=\"application\/ld+json\" class=\"yoast-schema-graph\">{\"@context\":\"https:\/\/schema.org\",\"@graph\":[{\"@type\":\"WebPage\",\"@id\":\"https:\/\/jardfe.com\/en\/runes\/runes-younger-futhark\/logr\/\",\"url\":\"https:\/\/jardfe.com\/en\/runes\/runes-younger-futhark\/logr\/\",\"name\":\"L\u00f6gr - jar\u00f0fe\",\"isPartOf\":{\"@id\":\"https:\/\/jardfe.com\/#website\"},\"primaryImageOfPage\":{\"@id\":\"https:\/\/jardfe.com\/en\/runes\/runes-younger-futhark\/logr\/#primaryimage\"},\"image\":{\"@id\":\"https:\/\/jardfe.com\/en\/runes\/runes-younger-futhark\/logr\/#primaryimage\"},\"thumbnailUrl\":\"https:\/\/jardfe.com\/wp-content\/uploads\/2024\/06\/logr_sqaure.png\",\"datePublished\":\"2024-03-21T11:28:19+00:00\",\"dateModified\":\"2024-06-10T12:08:07+00:00\",\"description\":\"L\u00f6gr, the viking rune letter L, represents water's vital role in Viking life and our growth, urging a connection with nature's regenerative forces for strength, resilience, and fertility.\",\"breadcrumb\":{\"@id\":\"https:\/\/jardfe.com\/en\/runes\/runes-younger-futhark\/logr\/#breadcrumb\"},\"inLanguage\":\"en-US\",\"potentialAction\":[{\"@type\":\"ReadAction\",\"target\":[\"https:\/\/jardfe.com\/en\/runes\/runes-younger-futhark\/logr\/\"]}]},{\"@type\":\"ImageObject\",\"inLanguage\":\"en-US\",\"@id\":\"https:\/\/jardfe.com\/en\/runes\/runes-younger-futhark\/logr\/#primaryimage\",\"url\":\"https:\/\/jardfe.com\/wp-content\/uploads\/2024\/06\/logr_sqaure.png\",\"contentUrl\":\"https:\/\/jardfe.com\/wp-content\/uploads\/2024\/06\/logr_sqaure.png\",\"width\":959,\"height\":959,\"caption\":\"logr rune\"},{\"@type\":\"BreadcrumbList\",\"@id\":\"https:\/\/jardfe.com\/en\/runes\/runes-younger-futhark\/logr\/#breadcrumb\",\"itemListElement\":[{\"@type\":\"ListItem\",\"position\":1,\"name\":\"Home\",\"item\":\"https:\/\/jardfe.com\/\"},{\"@type\":\"ListItem\",\"position\":2,\"name\":\"Runes\",\"item\":\"https:\/\/jardfe.com\/en\/runes\/\"},{\"@type\":\"ListItem\",\"position\":3,\"name\":\"Runes &#8211; Younger Futhark\",\"item\":\"https:\/\/jardfe.com\/runes\/runes-younger-futhark\/\"},{\"@type\":\"ListItem\",\"position\":4,\"name\":\"L\u00f6gr\"}]},{\"@type\":\"WebSite\",\"@id\":\"https:\/\/jardfe.com\/#website\",\"url\":\"https:\/\/jardfe.com\/\",\"name\":\"jar\u00f0fe\",\"description\":\"Authentic Viking Jewelry Hand Made in Norway\",\"publisher\":{\"@id\":\"https:\/\/jardfe.com\/#organization\"},\"potentialAction\":[{\"@type\":\"SearchAction\",\"target\":{\"@type\":\"EntryPoint\",\"urlTemplate\":\"https:\/\/jardfe.com\/?s={search_term_string}\"},\"query-input\":{\"@type\":\"PropertyValueSpecification\",\"valueRequired\":true,\"valueName\":\"search_term_string\"}}],\"inLanguage\":\"en-US\"},{\"@type\":\"Organization\",\"@id\":\"https:\/\/jardfe.com\/#organization\",\"name\":\"jar\u00f0fe\",\"url\":\"https:\/\/jardfe.com\/\",\"logo\":{\"@type\":\"ImageObject\",\"inLanguage\":\"en-US\",\"@id\":\"https:\/\/jardfe.com\/#\/schema\/logo\/image\/\",\"url\":\"https:\/\/jardfe.com\/wp-content\/uploads\/2024\/02\/jardfe-logo.png\",\"contentUrl\":\"https:\/\/jardfe.com\/wp-content\/uploads\/2024\/02\/jardfe-logo.png\",\"width\":845,\"height\":425,\"caption\":\"jar\u00f0fe\"},\"image\":{\"@id\":\"https:\/\/jardfe.com\/#\/schema\/logo\/image\/\"}}]}<\/script>\n<!-- \/ Yoast SEO plugin. -->","yoast_head_json":{"title":"L\u00f6gr - jar\u00f0fe","description":"L\u00f6gr, the viking rune letter L, represents water's vital role in Viking life and our growth, urging a connection with nature's regenerative forces for strength, resilience, and fertility.","robots":{"index":"index","follow":"follow","max-snippet":"max-snippet:-1","max-image-preview":"max-image-preview:large","max-video-preview":"max-video-preview:-1"},"canonical":"https:\/\/jardfe.com\/en\/runes\/runes-younger-futhark\/logr\/","og_locale":"en_US","og_type":"article","og_title":"L\u00f6gr - jar\u00f0fe","og_description":"L\u00f6gr, the viking rune letter L, represents water's vital role in Viking life and our growth, urging a connection with nature's regenerative forces for strength, resilience, and fertility.","og_url":"https:\/\/jardfe.com\/en\/runes\/runes-younger-futhark\/logr\/","og_site_name":"jar\u00f0fe","article_modified_time":"2024-06-10T12:08:07+00:00","og_image":[{"width":959,"height":959,"url":"https:\/\/jardfe.com\/wp-content\/uploads\/2024\/06\/logr_sqaure.png","type":"image\/png"}],"twitter_card":"summary_large_image","twitter_misc":{"Est. reading time":"2 minutes"},"schema":{"@context":"https:\/\/schema.org","@graph":[{"@type":"WebPage","@id":"https:\/\/jardfe.com\/en\/runes\/runes-younger-futhark\/logr\/","url":"https:\/\/jardfe.com\/en\/runes\/runes-younger-futhark\/logr\/","name":"L\u00f6gr - jar\u00f0fe","isPartOf":{"@id":"https:\/\/jardfe.com\/#website"},"primaryImageOfPage":{"@id":"https:\/\/jardfe.com\/en\/runes\/runes-younger-futhark\/logr\/#primaryimage"},"image":{"@id":"https:\/\/jardfe.com\/en\/runes\/runes-younger-futhark\/logr\/#primaryimage"},"thumbnailUrl":"https:\/\/jardfe.com\/wp-content\/uploads\/2024\/06\/logr_sqaure.png","datePublished":"2024-03-21T11:28:19+00:00","dateModified":"2024-06-10T12:08:07+00:00","description":"L\u00f6gr, the viking rune letter L, represents water's vital role in Viking life and our growth, urging a connection with nature's regenerative forces for strength, resilience, and fertility.","breadcrumb":{"@id":"https:\/\/jardfe.com\/en\/runes\/runes-younger-futhark\/logr\/#breadcrumb"},"inLanguage":"en-US","potentialAction":[{"@type":"ReadAction","target":["https:\/\/jardfe.com\/en\/runes\/runes-younger-futhark\/logr\/"]}]},{"@type":"ImageObject","inLanguage":"en-US","@id":"https:\/\/jardfe.com\/en\/runes\/runes-younger-futhark\/logr\/#primaryimage","url":"https:\/\/jardfe.com\/wp-content\/uploads\/2024\/06\/logr_sqaure.png","contentUrl":"https:\/\/jardfe.com\/wp-content\/uploads\/2024\/06\/logr_sqaure.png","width":959,"height":959,"caption":"logr rune"},{"@type":"BreadcrumbList","@id":"https:\/\/jardfe.com\/en\/runes\/runes-younger-futhark\/logr\/#breadcrumb","itemListElement":[{"@type":"ListItem","position":1,"name":"Home","item":"https:\/\/jardfe.com\/"},{"@type":"ListItem","position":2,"name":"Runes","item":"https:\/\/jardfe.com\/en\/runes\/"},{"@type":"ListItem","position":3,"name":"Runes &#8211; Younger Futhark","item":"https:\/\/jardfe.com\/runes\/runes-younger-futhark\/"},{"@type":"ListItem","position":4,"name":"L\u00f6gr"}]},{"@type":"WebSite","@id":"https:\/\/jardfe.com\/#website","url":"https:\/\/jardfe.com\/","name":"jar\u00f0fe","description":"Authentic Viking Jewelry Hand Made in Norway","publisher":{"@id":"https:\/\/jardfe.com\/#organization"},"potentialAction":[{"@type":"SearchAction","target":{"@type":"EntryPoint","urlTemplate":"https:\/\/jardfe.com\/?s={search_term_string}"},"query-input":{"@type":"PropertyValueSpecification","valueRequired":true,"valueName":"search_term_string"}}],"inLanguage":"en-US"},{"@type":"Organization","@id":"https:\/\/jardfe.com\/#organization","name":"jar\u00f0fe","url":"https:\/\/jardfe.com\/","logo":{"@type":"ImageObject","inLanguage":"en-US","@id":"https:\/\/jardfe.com\/#\/schema\/logo\/image\/","url":"https:\/\/jardfe.com\/wp-content\/uploads\/2024\/02\/jardfe-logo.png","contentUrl":"https:\/\/jardfe.com\/wp-content\/uploads\/2024\/02\/jardfe-logo.png","width":845,"height":425,"caption":"jar\u00f0fe"},"image":{"@id":"https:\/\/jardfe.com\/#\/schema\/logo\/image\/"}}]}},"_links":{"self":[{"href":"https:\/\/jardfe.com\/en\/wp-json\/wp\/v2\/pages\/2932","targetHints":{"allow":["GET"]}}],"collection":[{"href":"https:\/\/jardfe.com\/en\/wp-json\/wp\/v2\/pages"}],"about":[{"href":"https:\/\/jardfe.com\/en\/wp-json\/wp\/v2\/types\/page"}],"author":[{"embeddable":true,"href":"https:\/\/jardfe.com\/en\/wp-json\/wp\/v2\/users\/3"}],"replies":[{"embeddable":true,"href":"https:\/\/jardfe.com\/en\/wp-json\/wp\/v2\/comments?post=2932"}],"version-history":[{"count":7,"href":"https:\/\/jardfe.com\/en\/wp-json\/wp\/v2\/pages\/2932\/revisions"}],"predecessor-version":[{"id":5691,"href":"https:\/\/jardfe.com\/en\/wp-json\/wp\/v2\/pages\/2932\/revisions\/5691"}],"up":[{"embeddable":true,"href":"https:\/\/jardfe.com\/en\/wp-json\/wp\/v2\/pages\/2446"}],"wp:featuredmedia":[{"embeddable":true,"href":"https:\/\/jardfe.com\/en\/wp-json\/wp\/v2\/media\/5683"}],"wp:attachment":[{"href":"https:\/\/jardfe.com\/en\/wp-json\/wp\/v2\/media?parent=2932"}],"curies":[{"name":"wp","href":"https:\/\/api.w.org\/{rel}","templated":true}]}}