{"id":2892,"date":"2024-03-21T11:00:38","date_gmt":"2024-03-21T11:00:38","guid":{"rendered":"https:\/\/jardfe.com\/?page_id=2892"},"modified":"2024-06-14T15:24:57","modified_gmt":"2024-06-14T15:24:57","slug":"bjarkan","status":"publish","type":"page","link":"https:\/\/jardfe.com\/en\/runes\/runes-younger-futhark\/bjarkan\/","title":{"rendered":"Bjarkan"},"content":{"rendered":"\t\t<div data-elementor-type=\"wp-page\" data-elementor-id=\"2892\" class=\"elementor elementor-2892\">\n\t\t\t\t<div class=\"elementor-element elementor-element-2a000ef e-flex e-con-boxed e-con e-parent\" data-id=\"2a000ef\" data-element_type=\"container\">\n\t\t\t\t\t<div class=\"e-con-inner\">\n\t\t\t\t<div class=\"elementor-element elementor-element-4d99d65 elementor-widget elementor-widget-heading\" data-id=\"4d99d65\" data-element_type=\"widget\" id=\"bjarkan\" data-widget_type=\"heading.default\">\n\t\t\t\t<div class=\"elementor-widget-container\">\n\t\t\t<style>\/*! elementor - v3.23.0 - 05-08-2024 *\/\n.elementor-heading-title{padding:0;margin:0;line-height:1}.elementor-widget-heading .elementor-heading-title[class*=elementor-size-]>a{color:inherit;font-size:inherit;line-height:inherit}.elementor-widget-heading .elementor-heading-title.elementor-size-small{font-size:15px}.elementor-widget-heading .elementor-heading-title.elementor-size-medium{font-size:19px}.elementor-widget-heading .elementor-heading-title.elementor-size-large{font-size:29px}.elementor-widget-heading .elementor-heading-title.elementor-size-xl{font-size:39px}.elementor-widget-heading .elementor-heading-title.elementor-size-xxl{font-size:59px}<\/style><h2 class=\"elementor-heading-title elementor-size-default\">Bjarkan<\/h2>\t\t<\/div>\n\t\t\t\t<\/div>\n\t\t<div class=\"elementor-element elementor-element-2073873 e-con-full e-flex e-con e-child\" data-id=\"2073873\" data-element_type=\"container\">\n\t\t<div class=\"elementor-element elementor-element-a0736bc e-flex e-con-boxed e-con e-child\" data-id=\"a0736bc\" data-element_type=\"container\">\n\t\t\t\t\t<div class=\"e-con-inner\">\n\t\t\t\t<div class=\"elementor-element elementor-element-1d623ed elementor-widget elementor-widget-image\" data-id=\"1d623ed\" data-element_type=\"widget\" data-widget_type=\"image.default\">\n\t\t\t\t<div class=\"elementor-widget-container\">\n\t\t\t<style>\/*! elementor - v3.23.0 - 05-08-2024 *\/\n.elementor-widget-image{text-align:center}.elementor-widget-image a{display:inline-block}.elementor-widget-image a img[src$=\".svg\"]{width:48px}.elementor-widget-image img{vertical-align:middle;display:inline-block}<\/style>\t\t\t\t\t\t\t\t\t\t<img fetchpriority=\"high\" decoding=\"async\" width=\"300\" height=\"300\" src=\"https:\/\/jardfe.com\/wp-content\/uploads\/2024\/06\/bjarkan_square-300x300.png\" class=\"attachment-medium size-medium wp-image-5664\" alt=\"bjarkan rune\" srcset=\"https:\/\/jardfe.com\/wp-content\/uploads\/2024\/06\/bjarkan_square-300x300.png 300w, https:\/\/jardfe.com\/wp-content\/uploads\/2024\/06\/bjarkan_square-150x150.png 150w, https:\/\/jardfe.com\/wp-content\/uploads\/2024\/06\/bjarkan_square-768x768.png 768w, https:\/\/jardfe.com\/wp-content\/uploads\/2024\/06\/bjarkan_square-12x12.png 12w, https:\/\/jardfe.com\/wp-content\/uploads\/2024\/06\/bjarkan_square-100x100.png 100w, https:\/\/jardfe.com\/wp-content\/uploads\/2024\/06\/bjarkan_square.png 1014w\" sizes=\"(max-width: 300px) 100vw, 300px\" \/>\t\t\t\t\t\t\t\t\t\t\t\t\t<\/div>\n\t\t\t\t<\/div>\n\t\t\t\t\t<\/div>\n\t\t\t\t<\/div>\n\t\t<div class=\"elementor-element elementor-element-5a28ff1 e-flex e-con-boxed e-con e-child\" data-id=\"5a28ff1\" data-element_type=\"container\">\n\t\t\t\t\t<div class=\"e-con-inner\">\n\t\t\t\t<div class=\"elementor-element elementor-element-8b55a4b elementor-widget elementor-widget-image\" data-id=\"8b55a4b\" data-element_type=\"widget\" data-widget_type=\"image.default\">\n\t\t\t\t<div class=\"elementor-widget-container\">\n\t\t\t\t\t\t\t\t\t\t\t\t\t<img decoding=\"async\" width=\"300\" height=\"300\" src=\"https:\/\/jardfe.com\/wp-content\/uploads\/2024\/06\/bjarkan_square_short-300x300.png\" class=\"attachment-medium size-medium wp-image-5849\" alt=\"\" srcset=\"https:\/\/jardfe.com\/wp-content\/uploads\/2024\/06\/bjarkan_square_short-300x300.png 300w, https:\/\/jardfe.com\/wp-content\/uploads\/2024\/06\/bjarkan_square_short-150x150.png 150w, https:\/\/jardfe.com\/wp-content\/uploads\/2024\/06\/bjarkan_square_short-768x768.png 768w, https:\/\/jardfe.com\/wp-content\/uploads\/2024\/06\/bjarkan_square_short-12x12.png 12w, https:\/\/jardfe.com\/wp-content\/uploads\/2024\/06\/bjarkan_square_short-100x100.png 100w, https:\/\/jardfe.com\/wp-content\/uploads\/2024\/06\/bjarkan_square_short.png 947w\" sizes=\"(max-width: 300px) 100vw, 300px\" \/>\t\t\t\t\t\t\t\t\t\t\t\t\t<\/div>\n\t\t\t\t<\/div>\n\t\t\t\t\t<\/div>\n\t\t\t\t<\/div>\n\t\t\t\t<\/div>\n\t\t\t\t<div class=\"elementor-element elementor-element-a16af85 elementor-widget elementor-widget-text-editor\" data-id=\"a16af85\" data-element_type=\"widget\" data-widget_type=\"text-editor.default\">\n\t\t\t\t<div class=\"elementor-widget-container\">\n\t\t\t<style>\/*! elementor - v3.23.0 - 05-08-2024 *\/\n.elementor-widget-text-editor.elementor-drop-cap-view-stacked .elementor-drop-cap{background-color:#69727d;color:#fff}.elementor-widget-text-editor.elementor-drop-cap-view-framed .elementor-drop-cap{color:#69727d;border:3px solid;background-color:transparent}.elementor-widget-text-editor:not(.elementor-drop-cap-view-default) .elementor-drop-cap{margin-top:8px}.elementor-widget-text-editor:not(.elementor-drop-cap-view-default) .elementor-drop-cap-letter{width:1em;height:1em}.elementor-widget-text-editor .elementor-drop-cap{float:left;text-align:center;line-height:1;font-size:50px}.elementor-widget-text-editor .elementor-drop-cap-letter{display:inline-block}<\/style>\t\t\t\t<p><strong>Bjarkan<\/strong> in old Norse, repersenting the viking rune letter <strong>B<\/strong> or <strong>P<\/strong>, and <a href=\"https:\/\/jardfe.com\/runes-older-futhark\/berkanan\/\"><strong>berkanan<\/strong><\/a> in proto-Germanic <a href=\"https:\/\/jardfe.com\/runes-elder-futhark\/\">elder futhark<\/a> refers to the birch-tree. The more common old Norse phrase for birch would be <strong>bj\u00f6rk<\/strong>. The &#8220;long-branch&#8221; rune, mainly found in Denmark, is similar to a B, but with sharp corners. The &#8220;short-branch&#8221; rune, mostly found in Sweden and Norway, instead has two diagonal lines going from the center up towards the right.<\/p><blockquote><p>B\u00f6\u00f0varr s\u00f3tti \u00e1 fund Elg-Fr\u00f3\u00f0a, br\u00f3\u00f0ur s\u00edns.<br \/>Hann ger\u00f0i umger\u00f0 at sver\u00f0inu af bj\u00f6rk.<\/p><p>B\u00f8dvar went to the meeting with Elk-Frode, his brother.<br \/>He made a scabbard for the sword out of birch.<\/p><\/blockquote><p>The birch held significant importance to the Vikings, both symbolically and in their daily lives, and this importance has been carried forward to current day Nordic culture. Its wood was used for building, crafting tools, and making writing materials, while the sap provided sweet nectar.<\/p><p>Symbolically, the birch represented fertility, renewal and purification. Birch is one of the first trees to break bud in the spring, it was a herald of the end of winter and the coming of new life, embodying the cycle of rebirth and rejuvenation. Birch has been attested several times in the old Norse literature as a symbol of fertility and birth. Even today birch twigs are used to decorate Nordic homes during spring holidays. The birch was also believed to have a purifying effect, for example in Finland people will still use a bunch of birch twigs (known as <strong>vihta<\/strong>\u00a0or <strong>vasta<\/strong>) to whip their backs said to clean the skin and relax the muscles. This made the birch a powerful symbol of new beginnings and cleansing.<\/p><p>From this follows that <strong>Bjarkan<\/strong> serves as a powerful symbol of fertility and a talisman valuable for couples looking to conceive, pregnant persons and new parents.<\/p><p>In a broader sense it can also be a representation of the fertility of ideas, projects, and personal growth. <strong>Bjarkan<\/strong> taps into the natural cycle of birth, growth, and rebirth. It encourages us to embrace change positively, to cleanse ourselves of past burdens, and to open our hearts to love and protection.<\/p>\t\t\t\t\t\t<\/div>\n\t\t\t\t<\/div>\n\t\t\t\t<div class=\"elementor-element elementor-element-3eb1bc2 premium-woo-product-align-center premium-qv-hidden-yes elementor-widget elementor-widget-premium-woo-products\" data-id=\"3eb1bc2\" data-element_type=\"widget\" data-settings=\"{&quot;products_show&quot;:3,&quot;products_show_tablet&quot;:2,&quot;products_show_mobile&quot;:1,&quot;products_on_scroll&quot;:1}\" data-widget_type=\"premium-woo-products.grid-2\">\n\t\t\t\t<div class=\"elementor-widget-container\">\n\t\t\t<div class=\"premium-carousel-hidden premium-woocommerce premium-woo-products-carousel premium-woo-skin-grid-2 premium-woo-query-custom\" data-woo_carousel=\"{&quot;slidesToShow&quot;:3,&quot;slidesToScroll&quot;:1,&quot;autoplaySpeed&quot;:3000,&quot;autoplay&quot;:true,&quot;infinite&quot;:true,&quot;pauseOnHover&quot;:false,&quot;speed&quot;:500,&quot;arrows&quot;:true,&quot;dots&quot;:true,&quot;rtl&quot;:false,&quot;prevArrow&quot;:&quot;&lt;a type=\\&quot;button\\&quot; data-role=\\&quot;none\\&quot; class=\\&quot;carousel-arrow carousel-prev\\&quot; aria-label=\\&quot;Previous\\&quot; role=\\&quot;button\\&quot; style=\\&quot;\\&quot;&gt;&lt;i class=\\&quot;fas fa-angle-left\\&quot; aria-hidden=\\&quot;true\\&quot;&gt;&lt;\\\/i&gt;&lt;\\\/a&gt;&quot;,&quot;nextArrow&quot;:&quot;&lt;a type=\\&quot;button\\&quot; data-role=\\&quot;none\\&quot; class=\\&quot;carousel-arrow carousel-next\\&quot; aria-label=\\&quot;Next\\&quot; role=\\&quot;button\\&quot; style=\\&quot;\\&quot;&gt;&lt;i class=\\&quot;fas fa-angle-right\\&quot; aria-hidden=\\&quot;true\\&quot;&gt;&lt;\\\/i&gt;&lt;\\\/a&gt;&quot;,&quot;responsive&quot;:[{&quot;breakpoint&quot;:1024,&quot;settings&quot;:{&quot;slidesToShow&quot;:2,&quot;slidesToScroll&quot;:2}},{&quot;breakpoint&quot;:767,&quot;settings&quot;:{&quot;slidesToShow&quot;:1,&quot;slidesToScroll&quot;:1}}]}\" data-page-id=\"2892\" data-skin=\"grid_2\" data-quick-view=\"yes\"><div class=\"premium-woo-products-inner premium-woo-product__hover-swap\"><ul class=\"products columns-3\">\n\n<li class=\"post-5743 product first instock taxable shipping-taxable purchasable product-type-simple\">\n\t<div class=\"premium-woo-product-wrapper\">\n\t\t<div class=\"premium-woo-product-thumbnail\"><a href=\"https:\/\/jardfe.com\/en\/product\/bjarkan-golden-glyph-rune-pendant-necklace\/\" class=\"woocommerce-LoopProduct-link woocommerce-loop-product__link\"><img decoding=\"async\" src=\"https:\/\/jardfe.com\/wp-content\/uploads\/2024\/02\/P2002_01-768x512.jpg\" alt=\"handmade silver and gold futhark initial pendant necklace\"><img decoding=\"async\" width=\"768\" height=\"512\" src=\"https:\/\/jardfe.com\/wp-content\/uploads\/2024\/03\/P2002_02-768x512.jpg\" class=\"premium-woo-product__on_hover\" alt=\"handmade silver and gold futhark initial pendant necklace\" \/><\/a><div class=\"premium-woo-products-details-wrap\"><div class=\"premium-woo-product-details\"><a href=\"https:\/\/jardfe.com\/en\/product\/bjarkan-golden-glyph-rune-pendant-necklace\/\" class=\"premium-woo-product__link\"><h2 class=\"woocommerce-loop-product__title\">Bjarkan Golden Glyph Rune Pendant Necklace<\/h2><\/a>\t\t\t<span class=\"premium-woo-product-category\">\n\t\t\t\tBjarkan\t\t\t<\/span>\n\t\t\t<div class=\"star-rating\"><span style=\"width:0%\">Rated <strong class=\"rating\">0<\/strong> out of 5<\/span><\/div>\n\t<span class=\"price\"><span class=\"woocommerce-Price-amount amount\"><bdi><span class=\"woocommerce-Price-currencySymbol\">NOK<\/span>&nbsp;1990<\/bdi><\/span><\/span>\n<\/div><div class=\"premium-woo-product-actions-wrapper\"><div class=\"premium-woo-atc-button\" data-variations=&quot;true&quot;><a href=\"?add-to-cart=5743\" aria-describedby=\"woocommerce_loop_add_to_cart_link_describedby_5743\" data-quantity=\"1\" class=\"button product_type_simple add_to_cart_button ajax_add_to_cart\" data-product_id=\"5743\" data-product_sku=\"\" aria-label=\"Add to cart: &ldquo;Bjarkan Golden Glyph Rune Pendant Necklace&rdquo;\" rel=\"nofollow\">Add to cart<\/a><span id=\"woocommerce_loop_add_to_cart_link_describedby_5743\" class=\"screen-reader-text\">\n\t<\/span>\n<\/div><div class=\"premium-woo-qv-btn button\" data-product-id=\"5743\">Quick View<\/div><\/div><\/div><\/div>\t<\/div>\n<\/li>\n<\/ul>\n<\/div><\/div><div id=\"premium-woo-quick-view-3eb1bc2\" class=\"premium-woo-quick-view-3eb1bc2\">\r\n\t<div class=\"premium-woo-quick-view-back\">\r\n\t\t<div class=\"premium-woo-quick-view-loader\"><\/div>\r\n\t<\/div>\r\n\t<div id=\"premium-woo-quick-view-modal\">\r\n\t\t<div class=\"premium-woo-content-main-wrapper\"><!--\r\n\t\t--><div class=\"premium-woo-content-main\">\r\n\t\t\t\t<div class=\"premium-woo-lightbox-content\">\r\n\r\n\t\t\t\t\t<a href=\"#\" class=\"premium-woo-quick-view-close fa fa-close\"><\/a>\r\n\r\n\t\t\t\t\t<div id=\"premium-woo-quick-view-content\" class=\"woocommerce single-product\"><\/div>\r\n\t\t\t\t<\/div>\r\n\t\t\t<\/div>\r\n\t\t<\/div>\r\n\t<\/div>\r\n<\/div>\r\n\t\t<\/div>\n\t\t\t\t<\/div>\n\t\t\t\t\t<\/div>\n\t\t\t\t<\/div>\n\t\t\t\t<\/div>\n\t\t","protected":false},"excerpt":{"rendered":"<p>Bjarkan Bjarkan in old Norse, repersenting the viking rune letter B or P, and berkanan in proto-Germanic elder futhark refers [&hellip;]<\/p>\n","protected":false},"author":3,"featured_media":5664,"parent":2446,"menu_order":12,"comment_status":"closed","ping_status":"closed","template":"","meta":{"site-sidebar-layout":"no-sidebar","site-content-layout":"page-builder","ast-site-content-layout":"full-width-container","site-content-style":"default","site-sidebar-style":"default","ast-global-header-display":"","ast-banner-title-visibility":"","ast-main-header-display":"","ast-hfb-above-header-display":"","ast-hfb-below-header-display":"","ast-hfb-mobile-header-display":"","site-post-title":"disabled","ast-breadcrumbs-content":"","ast-featured-img":"disabled","footer-sml-layout":"","theme-transparent-header-meta":"","adv-header-id-meta":"","stick-header-meta":"","header-above-stick-meta":"","header-main-stick-meta":"","header-below-stick-meta":"","astra-migrate-meta-layouts":"set","ast-page-background-enabled":"default","ast-page-background-meta":{"desktop":{"background-color":"var(--ast-global-color-4)","background-image":"","background-repeat":"repeat","background-position":"center center","background-size":"auto","background-attachment":"scroll","background-type":"","background-media":"","overlay-type":"","overlay-color":"","overlay-opacity":"","overlay-gradient":""},"tablet":{"background-color":"","background-image":"","background-repeat":"repeat","background-position":"center center","background-size":"auto","background-attachment":"scroll","background-type":"","background-media":"","overlay-type":"","overlay-color":"","overlay-opacity":"","overlay-gradient":""},"mobile":{"background-color":"","background-image":"","background-repeat":"repeat","background-position":"center center","background-size":"auto","background-attachment":"scroll","background-type":"","background-media":"","overlay-type":"","overlay-color":"","overlay-opacity":"","overlay-gradient":""}},"ast-content-background-meta":{"desktop":{"background-color":"var(--ast-global-color-5)","background-image":"","background-repeat":"repeat","background-position":"center center","background-size":"auto","background-attachment":"scroll","background-type":"","background-media":"","overlay-type":"","overlay-color":"","overlay-opacity":"","overlay-gradient":""},"tablet":{"background-color":"var(--ast-global-color-5)","background-image":"","background-repeat":"repeat","background-position":"center center","background-size":"auto","background-attachment":"scroll","background-type":"","background-media":"","overlay-type":"","overlay-color":"","overlay-opacity":"","overlay-gradient":""},"mobile":{"background-color":"var(--ast-global-color-5)","background-image":"","background-repeat":"repeat","background-position":"center center","background-size":"auto","background-attachment":"scroll","background-type":"","background-media":"","overlay-type":"","overlay-color":"","overlay-opacity":"","overlay-gradient":""}},"footnotes":""},"class_list":["post-2892","page","type-page","status-publish","has-post-thumbnail","hentry","desktop-align-left","tablet-align-left","mobile-align-left"],"yoast_head":"<!-- This site is optimized with the Yoast SEO plugin v23.4 - https:\/\/yoast.com\/wordpress\/plugins\/seo\/ -->\n<title>Bjarkan - jar\u00f0fe<\/title>\n<meta name=\"description\" content=\"Bjarkan, the viking rune letter B, symbolizes the birch tree, representing fertility, renewal, and cleansing in Nordic culture, serving as a talisman for growth and new beginnings.\" \/>\n<meta name=\"robots\" content=\"index, follow, max-snippet:-1, max-image-preview:large, max-video-preview:-1\" \/>\n<link rel=\"canonical\" href=\"https:\/\/jardfe.com\/en\/runes\/runes-younger-futhark\/bjarkan\/\" \/>\n<meta property=\"og:locale\" content=\"en_US\" \/>\n<meta property=\"og:type\" content=\"article\" \/>\n<meta property=\"og:title\" content=\"Bjarkan - jar\u00f0fe\" \/>\n<meta property=\"og:description\" content=\"Bjarkan, the viking rune letter B, symbolizes the birch tree, representing fertility, renewal, and cleansing in Nordic culture, serving as a talisman for growth and new beginnings.\" \/>\n<meta property=\"og:url\" content=\"https:\/\/jardfe.com\/en\/runes\/runes-younger-futhark\/bjarkan\/\" \/>\n<meta property=\"og:site_name\" content=\"jar\u00f0fe\" \/>\n<meta property=\"article:modified_time\" content=\"2024-06-14T15:24:57+00:00\" \/>\n<meta property=\"og:image\" content=\"https:\/\/jardfe.com\/wp-content\/uploads\/2024\/06\/bjarkan_square.png\" \/>\n\t<meta property=\"og:image:width\" content=\"1014\" \/>\n\t<meta property=\"og:image:height\" content=\"1014\" \/>\n\t<meta property=\"og:image:type\" content=\"image\/png\" \/>\n<meta name=\"twitter:card\" content=\"summary_large_image\" \/>\n<meta name=\"twitter:label1\" content=\"Est. reading time\" \/>\n\t<meta name=\"twitter:data1\" content=\"3 minutes\" \/>\n<script type=\"application\/ld+json\" class=\"yoast-schema-graph\">{\"@context\":\"https:\/\/schema.org\",\"@graph\":[{\"@type\":\"WebPage\",\"@id\":\"https:\/\/jardfe.com\/runes\/runes-younger-futhark\/bjarkan\/\",\"url\":\"https:\/\/jardfe.com\/runes\/runes-younger-futhark\/bjarkan\/\",\"name\":\"Bjarkan - jar\u00f0fe\",\"isPartOf\":{\"@id\":\"https:\/\/jardfe.com\/#website\"},\"primaryImageOfPage\":{\"@id\":\"https:\/\/jardfe.com\/runes\/runes-younger-futhark\/bjarkan\/#primaryimage\"},\"image\":{\"@id\":\"https:\/\/jardfe.com\/runes\/runes-younger-futhark\/bjarkan\/#primaryimage\"},\"thumbnailUrl\":\"https:\/\/jardfe.com\/wp-content\/uploads\/2024\/06\/bjarkan_square.png\",\"datePublished\":\"2024-03-21T11:00:38+00:00\",\"dateModified\":\"2024-06-14T15:24:57+00:00\",\"description\":\"Bjarkan, the viking rune letter B, symbolizes the birch tree, representing fertility, renewal, and cleansing in Nordic culture, serving as a talisman for growth and new beginnings.\",\"breadcrumb\":{\"@id\":\"https:\/\/jardfe.com\/runes\/runes-younger-futhark\/bjarkan\/#breadcrumb\"},\"inLanguage\":\"en-US\",\"potentialAction\":[{\"@type\":\"ReadAction\",\"target\":[\"https:\/\/jardfe.com\/runes\/runes-younger-futhark\/bjarkan\/\"]}]},{\"@type\":\"ImageObject\",\"inLanguage\":\"en-US\",\"@id\":\"https:\/\/jardfe.com\/runes\/runes-younger-futhark\/bjarkan\/#primaryimage\",\"url\":\"https:\/\/jardfe.com\/wp-content\/uploads\/2024\/06\/bjarkan_square.png\",\"contentUrl\":\"https:\/\/jardfe.com\/wp-content\/uploads\/2024\/06\/bjarkan_square.png\",\"width\":1014,\"height\":1014,\"caption\":\"bjarkan rune\"},{\"@type\":\"BreadcrumbList\",\"@id\":\"https:\/\/jardfe.com\/runes\/runes-younger-futhark\/bjarkan\/#breadcrumb\",\"itemListElement\":[{\"@type\":\"ListItem\",\"position\":1,\"name\":\"Home\",\"item\":\"https:\/\/jardfe.com\/\"},{\"@type\":\"ListItem\",\"position\":2,\"name\":\"Runes\",\"item\":\"https:\/\/jardfe.com\/en\/runes\/\"},{\"@type\":\"ListItem\",\"position\":3,\"name\":\"Runes &#8211; Younger Futhark\",\"item\":\"https:\/\/jardfe.com\/runes\/runes-younger-futhark\/\"},{\"@type\":\"ListItem\",\"position\":4,\"name\":\"Bjarkan\"}]},{\"@type\":\"WebSite\",\"@id\":\"https:\/\/jardfe.com\/#website\",\"url\":\"https:\/\/jardfe.com\/\",\"name\":\"jar\u00f0fe\",\"description\":\"Authentic Viking Jewelry Hand Made in Norway\",\"publisher\":{\"@id\":\"https:\/\/jardfe.com\/#organization\"},\"potentialAction\":[{\"@type\":\"SearchAction\",\"target\":{\"@type\":\"EntryPoint\",\"urlTemplate\":\"https:\/\/jardfe.com\/?s={search_term_string}\"},\"query-input\":{\"@type\":\"PropertyValueSpecification\",\"valueRequired\":true,\"valueName\":\"search_term_string\"}}],\"inLanguage\":\"en-US\"},{\"@type\":\"Organization\",\"@id\":\"https:\/\/jardfe.com\/#organization\",\"name\":\"jar\u00f0fe\",\"url\":\"https:\/\/jardfe.com\/\",\"logo\":{\"@type\":\"ImageObject\",\"inLanguage\":\"en-US\",\"@id\":\"https:\/\/jardfe.com\/#\/schema\/logo\/image\/\",\"url\":\"https:\/\/jardfe.com\/wp-content\/uploads\/2024\/02\/jardfe-logo.png\",\"contentUrl\":\"https:\/\/jardfe.com\/wp-content\/uploads\/2024\/02\/jardfe-logo.png\",\"width\":845,\"height\":425,\"caption\":\"jar\u00f0fe\"},\"image\":{\"@id\":\"https:\/\/jardfe.com\/#\/schema\/logo\/image\/\"}}]}<\/script>\n<!-- \/ Yoast SEO plugin. -->","yoast_head_json":{"title":"Bjarkan - jar\u00f0fe","description":"Bjarkan, the viking rune letter B, symbolizes the birch tree, representing fertility, renewal, and cleansing in Nordic culture, serving as a talisman for growth and new beginnings.","robots":{"index":"index","follow":"follow","max-snippet":"max-snippet:-1","max-image-preview":"max-image-preview:large","max-video-preview":"max-video-preview:-1"},"canonical":"https:\/\/jardfe.com\/en\/runes\/runes-younger-futhark\/bjarkan\/","og_locale":"en_US","og_type":"article","og_title":"Bjarkan - jar\u00f0fe","og_description":"Bjarkan, the viking rune letter B, symbolizes the birch tree, representing fertility, renewal, and cleansing in Nordic culture, serving as a talisman for growth and new beginnings.","og_url":"https:\/\/jardfe.com\/en\/runes\/runes-younger-futhark\/bjarkan\/","og_site_name":"jar\u00f0fe","article_modified_time":"2024-06-14T15:24:57+00:00","og_image":[{"width":1014,"height":1014,"url":"https:\/\/jardfe.com\/wp-content\/uploads\/2024\/06\/bjarkan_square.png","type":"image\/png"}],"twitter_card":"summary_large_image","twitter_misc":{"Est. reading time":"3 minutes"},"schema":{"@context":"https:\/\/schema.org","@graph":[{"@type":"WebPage","@id":"https:\/\/jardfe.com\/runes\/runes-younger-futhark\/bjarkan\/","url":"https:\/\/jardfe.com\/runes\/runes-younger-futhark\/bjarkan\/","name":"Bjarkan - jar\u00f0fe","isPartOf":{"@id":"https:\/\/jardfe.com\/#website"},"primaryImageOfPage":{"@id":"https:\/\/jardfe.com\/runes\/runes-younger-futhark\/bjarkan\/#primaryimage"},"image":{"@id":"https:\/\/jardfe.com\/runes\/runes-younger-futhark\/bjarkan\/#primaryimage"},"thumbnailUrl":"https:\/\/jardfe.com\/wp-content\/uploads\/2024\/06\/bjarkan_square.png","datePublished":"2024-03-21T11:00:38+00:00","dateModified":"2024-06-14T15:24:57+00:00","description":"Bjarkan, the viking rune letter B, symbolizes the birch tree, representing fertility, renewal, and cleansing in Nordic culture, serving as a talisman for growth and new beginnings.","breadcrumb":{"@id":"https:\/\/jardfe.com\/runes\/runes-younger-futhark\/bjarkan\/#breadcrumb"},"inLanguage":"en-US","potentialAction":[{"@type":"ReadAction","target":["https:\/\/jardfe.com\/runes\/runes-younger-futhark\/bjarkan\/"]}]},{"@type":"ImageObject","inLanguage":"en-US","@id":"https:\/\/jardfe.com\/runes\/runes-younger-futhark\/bjarkan\/#primaryimage","url":"https:\/\/jardfe.com\/wp-content\/uploads\/2024\/06\/bjarkan_square.png","contentUrl":"https:\/\/jardfe.com\/wp-content\/uploads\/2024\/06\/bjarkan_square.png","width":1014,"height":1014,"caption":"bjarkan rune"},{"@type":"BreadcrumbList","@id":"https:\/\/jardfe.com\/runes\/runes-younger-futhark\/bjarkan\/#breadcrumb","itemListElement":[{"@type":"ListItem","position":1,"name":"Home","item":"https:\/\/jardfe.com\/"},{"@type":"ListItem","position":2,"name":"Runes","item":"https:\/\/jardfe.com\/en\/runes\/"},{"@type":"ListItem","position":3,"name":"Runes &#8211; Younger Futhark","item":"https:\/\/jardfe.com\/runes\/runes-younger-futhark\/"},{"@type":"ListItem","position":4,"name":"Bjarkan"}]},{"@type":"WebSite","@id":"https:\/\/jardfe.com\/#website","url":"https:\/\/jardfe.com\/","name":"jar\u00f0fe","description":"Authentic Viking Jewelry Hand Made in Norway","publisher":{"@id":"https:\/\/jardfe.com\/#organization"},"potentialAction":[{"@type":"SearchAction","target":{"@type":"EntryPoint","urlTemplate":"https:\/\/jardfe.com\/?s={search_term_string}"},"query-input":{"@type":"PropertyValueSpecification","valueRequired":true,"valueName":"search_term_string"}}],"inLanguage":"en-US"},{"@type":"Organization","@id":"https:\/\/jardfe.com\/#organization","name":"jar\u00f0fe","url":"https:\/\/jardfe.com\/","logo":{"@type":"ImageObject","inLanguage":"en-US","@id":"https:\/\/jardfe.com\/#\/schema\/logo\/image\/","url":"https:\/\/jardfe.com\/wp-content\/uploads\/2024\/02\/jardfe-logo.png","contentUrl":"https:\/\/jardfe.com\/wp-content\/uploads\/2024\/02\/jardfe-logo.png","width":845,"height":425,"caption":"jar\u00f0fe"},"image":{"@id":"https:\/\/jardfe.com\/#\/schema\/logo\/image\/"}}]}},"_links":{"self":[{"href":"https:\/\/jardfe.com\/en\/wp-json\/wp\/v2\/pages\/2892","targetHints":{"allow":["GET"]}}],"collection":[{"href":"https:\/\/jardfe.com\/en\/wp-json\/wp\/v2\/pages"}],"about":[{"href":"https:\/\/jardfe.com\/en\/wp-json\/wp\/v2\/types\/page"}],"author":[{"embeddable":true,"href":"https:\/\/jardfe.com\/en\/wp-json\/wp\/v2\/users\/3"}],"replies":[{"embeddable":true,"href":"https:\/\/jardfe.com\/en\/wp-json\/wp\/v2\/comments?post=2892"}],"version-history":[{"count":19,"href":"https:\/\/jardfe.com\/en\/wp-json\/wp\/v2\/pages\/2892\/revisions"}],"predecessor-version":[{"id":5868,"href":"https:\/\/jardfe.com\/en\/wp-json\/wp\/v2\/pages\/2892\/revisions\/5868"}],"up":[{"embeddable":true,"href":"https:\/\/jardfe.com\/en\/wp-json\/wp\/v2\/pages\/2446"}],"wp:featuredmedia":[{"embeddable":true,"href":"https:\/\/jardfe.com\/en\/wp-json\/wp\/v2\/media\/5664"}],"wp:attachment":[{"href":"https:\/\/jardfe.com\/en\/wp-json\/wp\/v2\/media?parent=2892"}],"curies":[{"name":"wp","href":"https:\/\/api.w.org\/{rel}","templated":true}]}}