{"id":2506,"date":"2024-03-20T17:43:49","date_gmt":"2024-03-20T17:43:49","guid":{"rendered":"http:\/\/viking.site\/?page_id=2506"},"modified":"2024-06-10T12:23:30","modified_gmt":"2024-06-10T12:23:30","slug":"reid","status":"publish","type":"page","link":"https:\/\/jardfe.com\/en\/runes\/runes-younger-futhark\/reid\/","title":{"rendered":"Rei\u00f0"},"content":{"rendered":"\t\t<div data-elementor-type=\"wp-page\" data-elementor-id=\"2506\" class=\"elementor elementor-2506\">\n\t\t\t\t<div class=\"elementor-element elementor-element-2a000ef e-flex e-con-boxed e-con e-parent\" data-id=\"2a000ef\" data-element_type=\"container\">\n\t\t\t\t\t<div class=\"e-con-inner\">\n\t\t\t\t<div class=\"elementor-element elementor-element-4d99d65 elementor-widget elementor-widget-heading\" data-id=\"4d99d65\" data-element_type=\"widget\" id=\"reid\" data-widget_type=\"heading.default\">\n\t\t\t\t<div class=\"elementor-widget-container\">\n\t\t\t<style>\/*! elementor - v3.23.0 - 05-08-2024 *\/\n.elementor-heading-title{padding:0;margin:0;line-height:1}.elementor-widget-heading .elementor-heading-title[class*=elementor-size-]>a{color:inherit;font-size:inherit;line-height:inherit}.elementor-widget-heading .elementor-heading-title.elementor-size-small{font-size:15px}.elementor-widget-heading .elementor-heading-title.elementor-size-medium{font-size:19px}.elementor-widget-heading .elementor-heading-title.elementor-size-large{font-size:29px}.elementor-widget-heading .elementor-heading-title.elementor-size-xl{font-size:39px}.elementor-widget-heading .elementor-heading-title.elementor-size-xxl{font-size:59px}<\/style><h2 class=\"elementor-heading-title elementor-size-default\">Rei\u00f0<\/h2>\t\t<\/div>\n\t\t\t\t<\/div>\n\t\t\t\t<div class=\"elementor-element elementor-element-a0dba2e elementor-widget elementor-widget-image\" data-id=\"a0dba2e\" data-element_type=\"widget\" data-widget_type=\"image.default\">\n\t\t\t\t<div class=\"elementor-widget-container\">\n\t\t\t<style>\/*! elementor - v3.23.0 - 05-08-2024 *\/\n.elementor-widget-image{text-align:center}.elementor-widget-image a{display:inline-block}.elementor-widget-image a img[src$=\".svg\"]{width:48px}.elementor-widget-image img{vertical-align:middle;display:inline-block}<\/style>\t\t\t\t\t\t\t\t\t\t<img decoding=\"async\" width=\"116\" height=\"300\" src=\"https:\/\/jardfe.com\/wp-content\/uploads\/2024\/03\/reid-116x300.png\" class=\"attachment-medium size-medium wp-image-2706\" alt=\"reid rune symbol\" srcset=\"https:\/\/jardfe.com\/wp-content\/uploads\/2024\/03\/reid-116x300.png 116w, https:\/\/jardfe.com\/wp-content\/uploads\/2024\/03\/reid-5x12.png 5w, https:\/\/jardfe.com\/wp-content\/uploads\/2024\/03\/reid.png 380w\" sizes=\"(max-width: 116px) 100vw, 116px\" \/>\t\t\t\t\t\t\t\t\t\t\t\t\t<\/div>\n\t\t\t\t<\/div>\n\t\t\t\t<div class=\"elementor-element elementor-element-a16af85 elementor-widget elementor-widget-text-editor\" data-id=\"a16af85\" data-element_type=\"widget\" data-widget_type=\"text-editor.default\">\n\t\t\t\t<div class=\"elementor-widget-container\">\n\t\t\t<style>\/*! elementor - v3.23.0 - 05-08-2024 *\/\n.elementor-widget-text-editor.elementor-drop-cap-view-stacked .elementor-drop-cap{background-color:#69727d;color:#fff}.elementor-widget-text-editor.elementor-drop-cap-view-framed .elementor-drop-cap{color:#69727d;border:3px solid;background-color:transparent}.elementor-widget-text-editor:not(.elementor-drop-cap-view-default) .elementor-drop-cap{margin-top:8px}.elementor-widget-text-editor:not(.elementor-drop-cap-view-default) .elementor-drop-cap-letter{width:1em;height:1em}.elementor-widget-text-editor .elementor-drop-cap{float:left;text-align:center;line-height:1;font-size:50px}.elementor-widget-text-editor .elementor-drop-cap-letter{display:inline-block}<\/style>\t\t\t\t<p><strong>Reid<\/strong>, the viking rune letter <strong>R<\/strong>, also sometimes spelled <strong>rei\u00f0,<\/strong> in old Norse and <a href=\"https:\/\/jardfe.com\/runes-older-futhark\/raido\/\"><strong>raid\u014d<\/strong><\/a> in proto-Germanic <a href=\"https:\/\/jardfe.com\/runes-elder-futhark\/\">elder futhark<\/a> means &#8220;ride&#8221; or &#8220;journey&#8221;.<\/p><blockquote><p>H\u00f6gni h\u00e9t konungr. Hans d\u00f3ttir var Sigr\u00fan. Hon var valkyrja ok rei\u00f0 loft ok l\u00f6g. Hon var Sv\u00e1fa endrborin. Sigr\u00fan rei\u00f0 at skipum Helga [&#8230;]<\/p><p>A king was named H\u00f6gne. His daughter was Sigr\u00fan. She was a valkyrie and rode through air and sea. She was Svava reborn. Sigr\u00fan rode to Helge&#8217;s ship [&#8230;]<\/p><\/blockquote><p><strong>Reid<\/strong> symbolizes both physical journeys and inner quests for personal growth and enlightenment. It prompts individuals to embrace change, embark on new adventures, and navigate through life&#8217;s transitions with courage and resilience. <strong>Reid<\/strong> also symbolizes the importance of balance and harmony in one&#8217;s journey, urging individuals to stay grounded while pursuing their aspirations.<\/p><p><strong>Reid<\/strong> encourages recognizing the interconnectedness of all journeys and the lessons to be learned along the way. By embracing the energy of <strong>reid<strong>, <\/strong><\/strong>one can align themselves with the flow of life, embrace new experiences, and embark on a transformative journey towards self-discovery and personal evolution. The essence of <strong>reid<\/strong> emphasizes the journey&#8217;s importance over the destination.<\/p>\t\t\t\t\t\t<\/div>\n\t\t\t\t<\/div>\n\t\t\t\t<div class=\"elementor-element elementor-element-f11acd9 premium-woo-product-align-center premium-qv-hidden-yes elementor-widget elementor-widget-premium-woo-products\" data-id=\"f11acd9\" data-element_type=\"widget\" data-settings=\"{&quot;products_show&quot;:3,&quot;products_show_tablet&quot;:2,&quot;products_show_mobile&quot;:1,&quot;products_on_scroll&quot;:1}\" data-widget_type=\"premium-woo-products.grid-2\">\n\t\t\t\t<div class=\"elementor-widget-container\">\n\t\t\t<div class=\"premium-carousel-hidden premium-woocommerce premium-woo-products-carousel premium-woo-skin-grid-2 premium-woo-query-custom\" data-woo_carousel=\"{&quot;slidesToShow&quot;:3,&quot;slidesToScroll&quot;:1,&quot;autoplaySpeed&quot;:3000,&quot;autoplay&quot;:true,&quot;infinite&quot;:true,&quot;pauseOnHover&quot;:false,&quot;speed&quot;:500,&quot;arrows&quot;:true,&quot;dots&quot;:true,&quot;rtl&quot;:false,&quot;prevArrow&quot;:&quot;&lt;a type=\\&quot;button\\&quot; data-role=\\&quot;none\\&quot; class=\\&quot;carousel-arrow carousel-prev\\&quot; aria-label=\\&quot;Previous\\&quot; role=\\&quot;button\\&quot; style=\\&quot;\\&quot;&gt;&lt;i class=\\&quot;fas fa-angle-left\\&quot; aria-hidden=\\&quot;true\\&quot;&gt;&lt;\\\/i&gt;&lt;\\\/a&gt;&quot;,&quot;nextArrow&quot;:&quot;&lt;a type=\\&quot;button\\&quot; data-role=\\&quot;none\\&quot; class=\\&quot;carousel-arrow carousel-next\\&quot; aria-label=\\&quot;Next\\&quot; role=\\&quot;button\\&quot; style=\\&quot;\\&quot;&gt;&lt;i class=\\&quot;fas fa-angle-right\\&quot; aria-hidden=\\&quot;true\\&quot;&gt;&lt;\\\/i&gt;&lt;\\\/a&gt;&quot;,&quot;responsive&quot;:[{&quot;breakpoint&quot;:1024,&quot;settings&quot;:{&quot;slidesToShow&quot;:2,&quot;slidesToScroll&quot;:2}},{&quot;breakpoint&quot;:767,&quot;settings&quot;:{&quot;slidesToShow&quot;:1,&quot;slidesToScroll&quot;:1}}]}\" data-page-id=\"2506\" data-skin=\"grid_2\" data-quick-view=\"yes\"><div class=\"premium-woo-products-inner premium-woo-product__hover-swap\"><ul class=\"products columns-3\">\n\n<li class=\"post-5760 product first instock taxable shipping-taxable purchasable product-type-simple\">\n\t<div class=\"premium-woo-product-wrapper\">\n\t\t<div class=\"premium-woo-product-thumbnail\"><a href=\"https:\/\/jardfe.com\/en\/product\/reid-golden-glyph-rune-pendant-necklace\/\" class=\"woocommerce-LoopProduct-link woocommerce-loop-product__link\"><img decoding=\"async\" src=\"https:\/\/jardfe.com\/wp-content\/uploads\/2024\/02\/P2008_01-768x512.jpg\" alt=\"\"><img fetchpriority=\"high\" decoding=\"async\" width=\"768\" height=\"512\" src=\"https:\/\/jardfe.com\/wp-content\/uploads\/2024\/02\/P2008_handheld-768x512.jpg\" class=\"premium-woo-product__on_hover\" alt=\"handmade silver and gold futhark initial pendant necklace\" \/><\/a><div class=\"premium-woo-products-details-wrap\"><div class=\"premium-woo-product-details\"><a href=\"https:\/\/jardfe.com\/en\/product\/reid-golden-glyph-rune-pendant-necklace\/\" class=\"premium-woo-product__link\"><h2 class=\"woocommerce-loop-product__title\">Rei\u00f0 Golden Glyph Rune Pendant Necklace<\/h2><\/a>\t\t\t<span class=\"premium-woo-product-category\">\n\t\t\t\tGolden Glyph Pendants\t\t\t<\/span>\n\t\t\t<div class=\"star-rating\"><span style=\"width:0%\">Rated <strong class=\"rating\">0<\/strong> out of 5<\/span><\/div>\n\t<span class=\"price\"><span class=\"woocommerce-Price-amount amount\"><bdi><span class=\"woocommerce-Price-currencySymbol\">NOK<\/span>&nbsp;1990<\/bdi><\/span><\/span>\n<\/div><div class=\"premium-woo-product-actions-wrapper\"><div class=\"premium-woo-atc-button\" data-variations=&quot;true&quot;><a href=\"?add-to-cart=5760\" aria-describedby=\"woocommerce_loop_add_to_cart_link_describedby_5760\" data-quantity=\"1\" class=\"button product_type_simple add_to_cart_button ajax_add_to_cart\" data-product_id=\"5760\" data-product_sku=\"\" aria-label=\"Add to cart: &ldquo;Rei\u00f0 Golden Glyph Rune Pendant Necklace&rdquo;\" rel=\"nofollow\">Add to cart<\/a><span id=\"woocommerce_loop_add_to_cart_link_describedby_5760\" class=\"screen-reader-text\">\n\t<\/span>\n<\/div><div class=\"premium-woo-qv-btn button\" data-product-id=\"5760\">Quick View<\/div><\/div><\/div><\/div>\t<\/div>\n<\/li>\n<\/ul>\n<\/div><\/div><div id=\"premium-woo-quick-view-f11acd9\" class=\"premium-woo-quick-view-f11acd9\">\r\n\t<div class=\"premium-woo-quick-view-back\">\r\n\t\t<div class=\"premium-woo-quick-view-loader\"><\/div>\r\n\t<\/div>\r\n\t<div id=\"premium-woo-quick-view-modal\">\r\n\t\t<div class=\"premium-woo-content-main-wrapper\"><!--\r\n\t\t--><div class=\"premium-woo-content-main\">\r\n\t\t\t\t<div class=\"premium-woo-lightbox-content\">\r\n\r\n\t\t\t\t\t<a href=\"#\" class=\"premium-woo-quick-view-close fa fa-close\"><\/a>\r\n\r\n\t\t\t\t\t<div id=\"premium-woo-quick-view-content\" class=\"woocommerce single-product\"><\/div>\r\n\t\t\t\t<\/div>\r\n\t\t\t<\/div>\r\n\t\t<\/div>\r\n\t<\/div>\r\n<\/div>\r\n\t\t<\/div>\n\t\t\t\t<\/div>\n\t\t\t\t\t<\/div>\n\t\t\t\t<\/div>\n\t\t\t\t<\/div>\n\t\t","protected":false},"excerpt":{"rendered":"<p>Rei\u00f0 Reid, the viking rune letter R, also sometimes spelled rei\u00f0, in old Norse and raid\u014d in proto-Germanic elder futhark [&hellip;]<\/p>\n","protected":false},"author":1,"featured_media":5619,"parent":2446,"menu_order":4,"comment_status":"closed","ping_status":"closed","template":"","meta":{"site-sidebar-layout":"no-sidebar","site-content-layout":"page-builder","ast-site-content-layout":"full-width-container","site-content-style":"default","site-sidebar-style":"default","ast-global-header-display":"","ast-banner-title-visibility":"","ast-main-header-display":"","ast-hfb-above-header-display":"","ast-hfb-below-header-display":"","ast-hfb-mobile-header-display":"","site-post-title":"disabled","ast-breadcrumbs-content":"","ast-featured-img":"disabled","footer-sml-layout":"","theme-transparent-header-meta":"","adv-header-id-meta":"","stick-header-meta":"","header-above-stick-meta":"","header-main-stick-meta":"","header-below-stick-meta":"","astra-migrate-meta-layouts":"set","ast-page-background-enabled":"default","ast-page-background-meta":{"desktop":{"background-color":"var(--ast-global-color-4)","background-image":"","background-repeat":"repeat","background-position":"center center","background-size":"auto","background-attachment":"scroll","background-type":"","background-media":"","overlay-type":"","overlay-color":"","overlay-opacity":"","overlay-gradient":""},"tablet":{"background-color":"","background-image":"","background-repeat":"repeat","background-position":"center center","background-size":"auto","background-attachment":"scroll","background-type":"","background-media":"","overlay-type":"","overlay-color":"","overlay-opacity":"","overlay-gradient":""},"mobile":{"background-color":"","background-image":"","background-repeat":"repeat","background-position":"center center","background-size":"auto","background-attachment":"scroll","background-type":"","background-media":"","overlay-type":"","overlay-color":"","overlay-opacity":"","overlay-gradient":""}},"ast-content-background-meta":{"desktop":{"background-color":"var(--ast-global-color-5)","background-image":"","background-repeat":"repeat","background-position":"center center","background-size":"auto","background-attachment":"scroll","background-type":"","background-media":"","overlay-type":"","overlay-color":"","overlay-opacity":"","overlay-gradient":""},"tablet":{"background-color":"var(--ast-global-color-5)","background-image":"","background-repeat":"repeat","background-position":"center center","background-size":"auto","background-attachment":"scroll","background-type":"","background-media":"","overlay-type":"","overlay-color":"","overlay-opacity":"","overlay-gradient":""},"mobile":{"background-color":"var(--ast-global-color-5)","background-image":"","background-repeat":"repeat","background-position":"center center","background-size":"auto","background-attachment":"scroll","background-type":"","background-media":"","overlay-type":"","overlay-color":"","overlay-opacity":"","overlay-gradient":""}},"footnotes":""},"class_list":["post-2506","page","type-page","status-publish","has-post-thumbnail","hentry","desktop-align-left","tablet-align-left","mobile-align-left"],"yoast_head":"<!-- This site is optimized with the Yoast SEO plugin v23.4 - https:\/\/yoast.com\/wordpress\/plugins\/seo\/ -->\n<title>Rei\u00f0 - jar\u00f0fe<\/title>\n<meta name=\"description\" content=\"Rei\u00f0, viking rune letter R, symbolizes life&#039;s journeys, urging balance, courage, and open-hearted adventures towards enlightenment and personal growth. Embrace the journey.\" \/>\n<meta name=\"robots\" content=\"index, follow, max-snippet:-1, max-image-preview:large, max-video-preview:-1\" \/>\n<link rel=\"canonical\" href=\"https:\/\/jardfe.com\/en\/runes\/runes-younger-futhark\/reid\/\" \/>\n<meta property=\"og:locale\" content=\"en_US\" \/>\n<meta property=\"og:type\" content=\"article\" \/>\n<meta property=\"og:title\" content=\"Rei\u00f0 - jar\u00f0fe\" \/>\n<meta property=\"og:description\" content=\"Rei\u00f0, viking rune letter R, symbolizes life&#039;s journeys, urging balance, courage, and open-hearted adventures towards enlightenment and personal growth. Embrace the journey.\" \/>\n<meta property=\"og:url\" content=\"https:\/\/jardfe.com\/en\/runes\/runes-younger-futhark\/reid\/\" \/>\n<meta property=\"og:site_name\" content=\"jar\u00f0fe\" \/>\n<meta property=\"article:modified_time\" content=\"2024-06-10T12:23:30+00:00\" \/>\n<meta property=\"og:image\" content=\"https:\/\/jardfe.com\/wp-content\/uploads\/2024\/06\/reid_square.png\" \/>\n\t<meta property=\"og:image:width\" content=\"980\" \/>\n\t<meta property=\"og:image:height\" content=\"980\" \/>\n\t<meta property=\"og:image:type\" content=\"image\/png\" \/>\n<meta name=\"twitter:card\" content=\"summary_large_image\" \/>\n<meta name=\"twitter:label1\" content=\"Est. reading time\" \/>\n\t<meta name=\"twitter:data1\" content=\"2 minutes\" \/>\n<script type=\"application\/ld+json\" class=\"yoast-schema-graph\">{\"@context\":\"https:\/\/schema.org\",\"@graph\":[{\"@type\":\"WebPage\",\"@id\":\"https:\/\/jardfe.com\/runes\/runes-younger-futhark\/reid\/\",\"url\":\"https:\/\/jardfe.com\/runes\/runes-younger-futhark\/reid\/\",\"name\":\"Rei\u00f0 - jar\u00f0fe\",\"isPartOf\":{\"@id\":\"https:\/\/jardfe.com\/#website\"},\"primaryImageOfPage\":{\"@id\":\"https:\/\/jardfe.com\/runes\/runes-younger-futhark\/reid\/#primaryimage\"},\"image\":{\"@id\":\"https:\/\/jardfe.com\/runes\/runes-younger-futhark\/reid\/#primaryimage\"},\"thumbnailUrl\":\"https:\/\/jardfe.com\/wp-content\/uploads\/2024\/06\/reid_square.png\",\"datePublished\":\"2024-03-20T17:43:49+00:00\",\"dateModified\":\"2024-06-10T12:23:30+00:00\",\"description\":\"Rei\u00f0, viking rune letter R, symbolizes life's journeys, urging balance, courage, and open-hearted adventures towards enlightenment and personal growth. Embrace the journey.\",\"breadcrumb\":{\"@id\":\"https:\/\/jardfe.com\/runes\/runes-younger-futhark\/reid\/#breadcrumb\"},\"inLanguage\":\"en-US\",\"potentialAction\":[{\"@type\":\"ReadAction\",\"target\":[\"https:\/\/jardfe.com\/runes\/runes-younger-futhark\/reid\/\"]}]},{\"@type\":\"ImageObject\",\"inLanguage\":\"en-US\",\"@id\":\"https:\/\/jardfe.com\/runes\/runes-younger-futhark\/reid\/#primaryimage\",\"url\":\"https:\/\/jardfe.com\/wp-content\/uploads\/2024\/06\/reid_square.png\",\"contentUrl\":\"https:\/\/jardfe.com\/wp-content\/uploads\/2024\/06\/reid_square.png\",\"width\":980,\"height\":980,\"caption\":\"reid rune\"},{\"@type\":\"BreadcrumbList\",\"@id\":\"https:\/\/jardfe.com\/runes\/runes-younger-futhark\/reid\/#breadcrumb\",\"itemListElement\":[{\"@type\":\"ListItem\",\"position\":1,\"name\":\"Home\",\"item\":\"https:\/\/jardfe.com\/\"},{\"@type\":\"ListItem\",\"position\":2,\"name\":\"Runes\",\"item\":\"https:\/\/jardfe.com\/en\/runes\/\"},{\"@type\":\"ListItem\",\"position\":3,\"name\":\"Runes &#8211; Younger Futhark\",\"item\":\"https:\/\/jardfe.com\/runes\/runes-younger-futhark\/\"},{\"@type\":\"ListItem\",\"position\":4,\"name\":\"Rei\u00f0\"}]},{\"@type\":\"WebSite\",\"@id\":\"https:\/\/jardfe.com\/#website\",\"url\":\"https:\/\/jardfe.com\/\",\"name\":\"jar\u00f0fe\",\"description\":\"Authentic Viking Jewelry Hand Made in Norway\",\"publisher\":{\"@id\":\"https:\/\/jardfe.com\/#organization\"},\"potentialAction\":[{\"@type\":\"SearchAction\",\"target\":{\"@type\":\"EntryPoint\",\"urlTemplate\":\"https:\/\/jardfe.com\/?s={search_term_string}\"},\"query-input\":{\"@type\":\"PropertyValueSpecification\",\"valueRequired\":true,\"valueName\":\"search_term_string\"}}],\"inLanguage\":\"en-US\"},{\"@type\":\"Organization\",\"@id\":\"https:\/\/jardfe.com\/#organization\",\"name\":\"jar\u00f0fe\",\"url\":\"https:\/\/jardfe.com\/\",\"logo\":{\"@type\":\"ImageObject\",\"inLanguage\":\"en-US\",\"@id\":\"https:\/\/jardfe.com\/#\/schema\/logo\/image\/\",\"url\":\"https:\/\/jardfe.com\/wp-content\/uploads\/2024\/02\/jardfe-logo.png\",\"contentUrl\":\"https:\/\/jardfe.com\/wp-content\/uploads\/2024\/02\/jardfe-logo.png\",\"width\":845,\"height\":425,\"caption\":\"jar\u00f0fe\"},\"image\":{\"@id\":\"https:\/\/jardfe.com\/#\/schema\/logo\/image\/\"}}]}<\/script>\n<!-- \/ Yoast SEO plugin. -->","yoast_head_json":{"title":"Rei\u00f0 - jar\u00f0fe","description":"Rei\u00f0, viking rune letter R, symbolizes life's journeys, urging balance, courage, and open-hearted adventures towards enlightenment and personal growth. Embrace the journey.","robots":{"index":"index","follow":"follow","max-snippet":"max-snippet:-1","max-image-preview":"max-image-preview:large","max-video-preview":"max-video-preview:-1"},"canonical":"https:\/\/jardfe.com\/en\/runes\/runes-younger-futhark\/reid\/","og_locale":"en_US","og_type":"article","og_title":"Rei\u00f0 - jar\u00f0fe","og_description":"Rei\u00f0, viking rune letter R, symbolizes life's journeys, urging balance, courage, and open-hearted adventures towards enlightenment and personal growth. Embrace the journey.","og_url":"https:\/\/jardfe.com\/en\/runes\/runes-younger-futhark\/reid\/","og_site_name":"jar\u00f0fe","article_modified_time":"2024-06-10T12:23:30+00:00","og_image":[{"width":980,"height":980,"url":"https:\/\/jardfe.com\/wp-content\/uploads\/2024\/06\/reid_square.png","type":"image\/png"}],"twitter_card":"summary_large_image","twitter_misc":{"Est. reading time":"2 minutes"},"schema":{"@context":"https:\/\/schema.org","@graph":[{"@type":"WebPage","@id":"https:\/\/jardfe.com\/runes\/runes-younger-futhark\/reid\/","url":"https:\/\/jardfe.com\/runes\/runes-younger-futhark\/reid\/","name":"Rei\u00f0 - jar\u00f0fe","isPartOf":{"@id":"https:\/\/jardfe.com\/#website"},"primaryImageOfPage":{"@id":"https:\/\/jardfe.com\/runes\/runes-younger-futhark\/reid\/#primaryimage"},"image":{"@id":"https:\/\/jardfe.com\/runes\/runes-younger-futhark\/reid\/#primaryimage"},"thumbnailUrl":"https:\/\/jardfe.com\/wp-content\/uploads\/2024\/06\/reid_square.png","datePublished":"2024-03-20T17:43:49+00:00","dateModified":"2024-06-10T12:23:30+00:00","description":"Rei\u00f0, viking rune letter R, symbolizes life's journeys, urging balance, courage, and open-hearted adventures towards enlightenment and personal growth. Embrace the journey.","breadcrumb":{"@id":"https:\/\/jardfe.com\/runes\/runes-younger-futhark\/reid\/#breadcrumb"},"inLanguage":"en-US","potentialAction":[{"@type":"ReadAction","target":["https:\/\/jardfe.com\/runes\/runes-younger-futhark\/reid\/"]}]},{"@type":"ImageObject","inLanguage":"en-US","@id":"https:\/\/jardfe.com\/runes\/runes-younger-futhark\/reid\/#primaryimage","url":"https:\/\/jardfe.com\/wp-content\/uploads\/2024\/06\/reid_square.png","contentUrl":"https:\/\/jardfe.com\/wp-content\/uploads\/2024\/06\/reid_square.png","width":980,"height":980,"caption":"reid rune"},{"@type":"BreadcrumbList","@id":"https:\/\/jardfe.com\/runes\/runes-younger-futhark\/reid\/#breadcrumb","itemListElement":[{"@type":"ListItem","position":1,"name":"Home","item":"https:\/\/jardfe.com\/"},{"@type":"ListItem","position":2,"name":"Runes","item":"https:\/\/jardfe.com\/en\/runes\/"},{"@type":"ListItem","position":3,"name":"Runes &#8211; Younger Futhark","item":"https:\/\/jardfe.com\/runes\/runes-younger-futhark\/"},{"@type":"ListItem","position":4,"name":"Rei\u00f0"}]},{"@type":"WebSite","@id":"https:\/\/jardfe.com\/#website","url":"https:\/\/jardfe.com\/","name":"jar\u00f0fe","description":"Authentic Viking Jewelry Hand Made in Norway","publisher":{"@id":"https:\/\/jardfe.com\/#organization"},"potentialAction":[{"@type":"SearchAction","target":{"@type":"EntryPoint","urlTemplate":"https:\/\/jardfe.com\/?s={search_term_string}"},"query-input":{"@type":"PropertyValueSpecification","valueRequired":true,"valueName":"search_term_string"}}],"inLanguage":"en-US"},{"@type":"Organization","@id":"https:\/\/jardfe.com\/#organization","name":"jar\u00f0fe","url":"https:\/\/jardfe.com\/","logo":{"@type":"ImageObject","inLanguage":"en-US","@id":"https:\/\/jardfe.com\/#\/schema\/logo\/image\/","url":"https:\/\/jardfe.com\/wp-content\/uploads\/2024\/02\/jardfe-logo.png","contentUrl":"https:\/\/jardfe.com\/wp-content\/uploads\/2024\/02\/jardfe-logo.png","width":845,"height":425,"caption":"jar\u00f0fe"},"image":{"@id":"https:\/\/jardfe.com\/#\/schema\/logo\/image\/"}}]}},"_links":{"self":[{"href":"https:\/\/jardfe.com\/en\/wp-json\/wp\/v2\/pages\/2506","targetHints":{"allow":["GET"]}}],"collection":[{"href":"https:\/\/jardfe.com\/en\/wp-json\/wp\/v2\/pages"}],"about":[{"href":"https:\/\/jardfe.com\/en\/wp-json\/wp\/v2\/types\/page"}],"author":[{"embeddable":true,"href":"https:\/\/jardfe.com\/en\/wp-json\/wp\/v2\/users\/1"}],"replies":[{"embeddable":true,"href":"https:\/\/jardfe.com\/en\/wp-json\/wp\/v2\/comments?post=2506"}],"version-history":[{"count":7,"href":"https:\/\/jardfe.com\/en\/wp-json\/wp\/v2\/pages\/2506\/revisions"}],"predecessor-version":[{"id":5727,"href":"https:\/\/jardfe.com\/en\/wp-json\/wp\/v2\/pages\/2506\/revisions\/5727"}],"up":[{"embeddable":true,"href":"https:\/\/jardfe.com\/en\/wp-json\/wp\/v2\/pages\/2446"}],"wp:featuredmedia":[{"embeddable":true,"href":"https:\/\/jardfe.com\/en\/wp-json\/wp\/v2\/media\/5619"}],"wp:attachment":[{"href":"https:\/\/jardfe.com\/en\/wp-json\/wp\/v2\/media?parent=2506"}],"curies":[{"name":"wp","href":"https:\/\/api.w.org\/{rel}","templated":true}]}}