{"id":6095,"date":"2024-08-05T11:20:33","date_gmt":"2024-08-05T11:20:33","guid":{"rendered":"https:\/\/jardfe.com\/?page_id=6095"},"modified":"2024-08-05T12:09:47","modified_gmt":"2024-08-05T12:09:47","slug":"idunns-apples","status":"publish","type":"page","link":"http:\/\/jardfe.com\/no\/viking-symbols\/idunns-apples\/","title":{"rendered":"I\u00f0unn&#8217;s Apples"},"content":{"rendered":"<div data-elementor-type=\"wp-page\" data-elementor-id=\"6095\" class=\"elementor elementor-6095\">\n\t\t\t\t<div class=\"elementor-element elementor-element-b863f4d e-con-full e-flex e-con e-parent\" data-id=\"b863f4d\" data-element_type=\"container\" data-settings=\"{&quot;background_background&quot;:&quot;classic&quot;}\">\n\t\t<div class=\"elementor-element elementor-element-cfcde60 e-con-full e-flex e-con e-child\" data-id=\"cfcde60\" data-element_type=\"container\">\n\t\t\t\t<div class=\"elementor-element elementor-element-aaef566 elementor-widget elementor-widget-heading\" data-id=\"aaef566\" data-element_type=\"widget\" data-widget_type=\"heading.default\">\n\t\t\t\t<div class=\"elementor-widget-container\">\n\t\t\t<style>\/*! elementor - v3.23.0 - 05-08-2024 *\/\n.elementor-heading-title{padding:0;margin:0;line-height:1}.elementor-widget-heading .elementor-heading-title[class*=elementor-size-]>a{color:inherit;font-size:inherit;line-height:inherit}.elementor-widget-heading .elementor-heading-title.elementor-size-small{font-size:15px}.elementor-widget-heading .elementor-heading-title.elementor-size-medium{font-size:19px}.elementor-widget-heading .elementor-heading-title.elementor-size-large{font-size:29px}.elementor-widget-heading .elementor-heading-title.elementor-size-xl{font-size:39px}.elementor-widget-heading .elementor-heading-title.elementor-size-xxl{font-size:59px}<\/style><h2 class=\"elementor-heading-title elementor-size-default\">I\u00f0unn's Apples<\/h2>\t\t<\/div>\n\t\t\t\t<\/div>\n\t\t\t\t<\/div>\n\t\t\t\t<\/div>\n\t\t<div class=\"elementor-element elementor-element-6d1df56 e-flex e-con-boxed e-con e-parent\" data-id=\"6d1df56\" data-element_type=\"container\">\n\t\t\t\t\t<div class=\"e-con-inner\">\n\t\t\t\t<div class=\"elementor-element elementor-element-a0ebe25 elementor-widget elementor-widget-text-editor\" data-id=\"a0ebe25\" data-element_type=\"widget\" data-widget_type=\"text-editor.default\">\n\t\t\t\t<div class=\"elementor-widget-container\">\n\t\t\t<style>\/*! elementor - v3.23.0 - 05-08-2024 *\/\n.elementor-widget-text-editor.elementor-drop-cap-view-stacked .elementor-drop-cap{background-color:#69727d;color:#fff}.elementor-widget-text-editor.elementor-drop-cap-view-framed .elementor-drop-cap{color:#69727d;border:3px solid;background-color:transparent}.elementor-widget-text-editor:not(.elementor-drop-cap-view-default) .elementor-drop-cap{margin-top:8px}.elementor-widget-text-editor:not(.elementor-drop-cap-view-default) .elementor-drop-cap-letter{width:1em;height:1em}.elementor-widget-text-editor .elementor-drop-cap{float:left;text-align:center;line-height:1;font-size:50px}.elementor-widget-text-editor .elementor-drop-cap-letter{display:inline-block}<\/style>\t\t\t\t<p>In Viking culture, apples held deep symbolic significance, particularly through their association with the goddess I\u00f0unn. In Norse mythology, I\u00f0unn is the keeper of the magical apples that grant the gods eternal youth, signifying rejuvenation and immortality.<\/p>\t\t\t\t\t\t<\/div>\n\t\t\t\t<\/div>\n\t\t\t\t<div class=\"elementor-element elementor-element-eb27560 elementor-widget elementor-widget-text-editor\" data-id=\"eb27560\" data-element_type=\"widget\" data-widget_type=\"text-editor.default\">\n\t\t\t\t<div class=\"elementor-widget-container\">\n\t\t\t\t\t\t\t<blockquote><p>Hon var\u00f0veitir \u00ed eski s\u00ednu epli \u00feau, er go\u00f0in skulu \u00e1 b\u00edta \u00fe\u00e1 er \u00feau eldast, ok ver\u00f0a \u00fe\u00e1 allir ungir, ok sv\u00e1 mun vera allt til ragnar\u00f6krs.<\/p><p>She protects in her box the apples that the gods must take a bite of when they grow old, and then they all become young, and this way it will be until Ragnar\u00f6k.<\/p><\/blockquote>\t\t\t\t\t\t<\/div>\n\t\t\t\t<\/div>\n\t\t\t\t<div class=\"elementor-element elementor-element-34365bc elementor-widget elementor-widget-text-editor\" data-id=\"34365bc\" data-element_type=\"widget\" data-widget_type=\"text-editor.default\">\n\t\t\t\t<div class=\"elementor-widget-container\">\n\t\t\t\t\t\t\t<blockquote><p>Hvernig skal kenna I\u00f0unni? Sv\u00e1, at kalla hana konu Braga ok g\u00e6tandi eplanna, en eplin ellilyf \u00e1sanna.<\/p><p>How should one address I\u00f0unn? Thus, by calling her Bragi&#8217;s wife and protector of apples, and the apples [should be called] the \u00c6sir&#8217;s old age elixir.<\/p><\/blockquote>\t\t\t\t\t\t<\/div>\n\t\t\t\t<\/div>\n\t\t\t\t<div class=\"elementor-element elementor-element-e9b06e6 elementor-widget elementor-widget-text-editor\" data-id=\"e9b06e6\" data-element_type=\"widget\" data-widget_type=\"text-editor.default\">\n\t\t\t\t<div class=\"elementor-widget-container\">\n\t\t\t\t\t\t\t<p>Sk\u00e1ldskaparm\u00e1l tells the story of how I\u00f0unn has a wooden box (old Norse &#8220;eski&#8221;, similar to current-day Norwegian &#8220;eske&#8221; or Danish &#8220;\u00e6ske&#8221;) in which she keeps her apples. The apples are magical and she allows the other Gods to take a bite of them once in a while which keeps them from aging.<\/p><p>At one point Loki tricks I\u00f0unn into leaving Asgard with her apples, leading to her capture by the j\u00f6tunn \u00dejazi. When the gods realize I\u00f0unn and her apples are missing, they quickly start aging and they hold an assembly to find out where she has gone. They then learn Loki was last seen with I\u00f0unn, who is forced to go get her back from J\u00f6tunheimr using Freyja&#8217;s falcon cloak. When Loki finds her he transforms her into a nut and escapes with her. \u00dejazi, upon discovering I\u00f0unn missing, pursues Loki in eagle form. As Loki, in falcon form, nears Asgard, the gods build a fire behind the walls. Loki dives in safely, but \u00dejazi, unable to stop, burns his feathers and crashes. The gods seize the opportunity to kill him, rescuing I\u00f0unn and her precious apples.<\/p>\t\t\t\t\t\t<\/div>\n\t\t\t\t<\/div>\n\t\t\t\t<div class=\"elementor-element elementor-element-33620c3 elementor-widget elementor-widget-image\" data-id=\"33620c3\" data-element_type=\"widget\" data-widget_type=\"image.default\">\n\t\t\t\t<div class=\"elementor-widget-container\">\n\t\t\t<style>\/*! elementor - v3.23.0 - 05-08-2024 *\/\n.elementor-widget-image{text-align:center}.elementor-widget-image a{display:inline-block}.elementor-widget-image a img[src$=\".svg\"]{width:48px}.elementor-widget-image img{vertical-align:middle;display:inline-block}<\/style>\t\t\t\t\t\t\t\t\t\t<img fetchpriority=\"high\" decoding=\"async\" width=\"1024\" height=\"585\" src=\"https:\/\/jardfe.com\/wp-content\/uploads\/2024\/08\/idunn-1024x585.webp\" class=\"attachment-large size-large wp-image-6104\" alt=\"\" srcset=\"https:\/\/jardfe.com\/wp-content\/uploads\/2024\/08\/idunn-1024x585.webp 1024w, https:\/\/jardfe.com\/wp-content\/uploads\/2024\/08\/idunn-300x171.webp 300w, https:\/\/jardfe.com\/wp-content\/uploads\/2024\/08\/idunn-768x439.webp 768w, https:\/\/jardfe.com\/wp-content\/uploads\/2024\/08\/idunn-1536x878.webp 1536w, https:\/\/jardfe.com\/wp-content\/uploads\/2024\/08\/idunn-18x10.webp 18w, https:\/\/jardfe.com\/wp-content\/uploads\/2024\/08\/idunn.webp 1792w\" sizes=\"(max-width: 1024px) 100vw, 1024px\" \/>\t\t\t\t\t\t\t\t\t\t\t\t\t<\/div>\n\t\t\t\t<\/div>\n\t\t\t\t<div class=\"elementor-element elementor-element-7d8ccaa elementor-widget elementor-widget-text-editor\" data-id=\"7d8ccaa\" data-element_type=\"widget\" data-widget_type=\"text-editor.default\">\n\t\t\t\t<div class=\"elementor-widget-container\">\n\t\t\t\t\t\t\t<p>The recurring motif of apples in various mythological contexts underscores their role as symbols of life and renewal. For instance, the Oseberg ship burial, a significant archaeological find, included a bucket of apples, suggesting their ceremonial importance and possibly a belief in their protective and life-sustaining properties.<\/p><p>Apples also appear in other mythological narratives tied to fertility and prosperity. The Vanir god Freyr&#8217;s attempt to woo Ger\u00f0r with golden apples emphasizes their connection to fertility and growth. Furthermore, the apple&#8217;s presence in the tale of King Rerir, who receives an apple from Frigg to conceive a child, reinforces their symbolism as life-giving and nourishing. Thus, apples in Viking lore encapsulate both themes of vitality and renewal.<\/p><p>I\u00f0unn&#8217;s apple is a strong Viking symbol for life, birth and fertility.<\/p>\t\t\t\t\t\t<\/div>\n\t\t\t\t<\/div>\n\t\t\t\t<div class=\"elementor-element elementor-element-ced073c premium-woo-product-align-center premium-qv-hidden-yes elementor-widget elementor-widget-premium-woo-products\" data-id=\"ced073c\" data-element_type=\"widget\" data-settings=\"{&quot;products_show&quot;:3,&quot;products_show_tablet&quot;:2,&quot;products_show_mobile&quot;:1,&quot;products_on_scroll&quot;:1}\" data-widget_type=\"premium-woo-products.grid-2\">\n\t\t\t\t<div class=\"elementor-widget-container\">\n\t\t\t<div class=\"premium-carousel-hidden premium-woocommerce premium-woo-products-carousel premium-woo-skin-grid-2 premium-woo-query-custom\" data-woo_carousel=\"{&quot;slidesToShow&quot;:3,&quot;slidesToScroll&quot;:1,&quot;autoplaySpeed&quot;:3000,&quot;autoplay&quot;:true,&quot;infinite&quot;:true,&quot;pauseOnHover&quot;:false,&quot;speed&quot;:500,&quot;arrows&quot;:true,&quot;dots&quot;:true,&quot;rtl&quot;:false,&quot;prevArrow&quot;:&quot;&lt;a type=\\&quot;button\\&quot; data-role=\\&quot;none\\&quot; class=\\&quot;carousel-arrow carousel-prev\\&quot; aria-label=\\&quot;Previous\\&quot; role=\\&quot;button\\&quot; style=\\&quot;\\&quot;&gt;&lt;i class=\\&quot;fas fa-angle-left\\&quot; aria-hidden=\\&quot;true\\&quot;&gt;&lt;\\\/i&gt;&lt;\\\/a&gt;&quot;,&quot;nextArrow&quot;:&quot;&lt;a type=\\&quot;button\\&quot; data-role=\\&quot;none\\&quot; class=\\&quot;carousel-arrow carousel-next\\&quot; aria-label=\\&quot;Next\\&quot; role=\\&quot;button\\&quot; style=\\&quot;\\&quot;&gt;&lt;i class=\\&quot;fas fa-angle-right\\&quot; aria-hidden=\\&quot;true\\&quot;&gt;&lt;\\\/i&gt;&lt;\\\/a&gt;&quot;,&quot;responsive&quot;:[{&quot;breakpoint&quot;:1024,&quot;settings&quot;:{&quot;slidesToShow&quot;:2,&quot;slidesToScroll&quot;:2}},{&quot;breakpoint&quot;:767,&quot;settings&quot;:{&quot;slidesToShow&quot;:1,&quot;slidesToScroll&quot;:1}}]}\" data-page-id=\"6095\" data-skin=\"grid_2\" data-quick-view=\"yes\"><div class=\"premium-woo-products-inner premium-woo-product__hover-swap\"><ul class=\"products columns-3\">\n\n<li class=\"post-6103 product first instock taxable shipping-taxable purchasable product-type-simple\">\n\t<div class=\"premium-woo-product-wrapper\">\n\t\t<div class=\"premium-woo-product-thumbnail\"><a href=\"http:\/\/jardfe.com\/no\/product\/idunns-apple-pendant\/\" class=\"woocommerce-LoopProduct-link woocommerce-loop-product__link\"><img decoding=\"async\" src=\"https:\/\/jardfe.com\/wp-content\/uploads\/2024\/08\/P21015_02-768x512.jpg\" alt=\"idduns apple handmade viking pendant\"><img decoding=\"async\" width=\"768\" height=\"512\" src=\"https:\/\/jardfe.com\/wp-content\/uploads\/2024\/08\/P21014_01-768x512.jpg\" class=\"premium-woo-product__on_hover\" alt=\"idduns apple handmade viking pendant\" \/><\/a><div class=\"premium-woo-products-details-wrap\"><div class=\"premium-woo-product-details\"><a href=\"http:\/\/jardfe.com\/no\/product\/idunns-apple-pendant\/\" class=\"premium-woo-product__link\"><h2 class=\"woocommerce-loop-product__title\">I\u00f0unns Apple Pendant<\/h2><\/a>\t\t\t<span class=\"premium-woo-product-category\">\n\t\t\t\tIdunns Apple\t\t\t<\/span>\n\t\t\t<div class=\"star-rating\"><span style=\"width:0%\" data-no-translation=\"\" data-trp-gettext=\"\">Vurdert <strong class=\"rating\">0<\/strong> av 5<\/span><\/div>\n\t<span class=\"price\"><span class=\"woocommerce-Price-amount amount\"><bdi><span class=\"woocommerce-Price-currencySymbol\">NOK<\/span>&nbsp;1990<\/bdi><\/span><\/span>\n<\/div><div class=\"premium-woo-product-actions-wrapper\"><div class=\"premium-woo-atc-button\" data-variations=\"&quot;true&quot;\"><a href=\"?add-to-cart=6103\" aria-describedby=\"woocommerce_loop_add_to_cart_link_describedby_6103\" data-quantity=\"1\" class=\"button product_type_simple add_to_cart_button ajax_add_to_cart\" data-product_id=\"6103\" data-product_sku=\"P21015\" aria-label=\"Legg i handlekurven: \u201cI\u00f0unns Apple Pendant\u201d\" rel=\"nofollow\" data-no-translation=\"\" data-trp-gettext=\"\" data-no-translation-aria-label=\"\">Legg i handlekurv<\/a><span id=\"woocommerce_loop_add_to_cart_link_describedby_6103\" class=\"screen-reader-text\">\n\t<\/span>\n<\/div><div class=\"premium-woo-qv-btn button\" data-product-id=\"6103\">Quick View<\/div><\/div><\/div><\/div>\t<\/div>\n<\/li>\n<\/ul>\n<\/div><\/div><div id=\"premium-woo-quick-view-ced073c\" class=\"premium-woo-quick-view-ced073c\">\r\n\t<div class=\"premium-woo-quick-view-back\">\r\n\t\t<div class=\"premium-woo-quick-view-loader\"><\/div>\r\n\t<\/div>\r\n\t<div id=\"premium-woo-quick-view-modal\">\r\n\t\t<div class=\"premium-woo-content-main-wrapper\"><!--\r\n\t\t--><div class=\"premium-woo-content-main\">\r\n\t\t\t\t<div class=\"premium-woo-lightbox-content\">\r\n\r\n\t\t\t\t\t<a href=\"#\" class=\"premium-woo-quick-view-close fa fa-close\"><\/a>\r\n\r\n\t\t\t\t\t<div id=\"premium-woo-quick-view-content\" class=\"woocommerce single-product\"><\/div>\r\n\t\t\t\t<\/div>\r\n\t\t\t<\/div>\r\n\t\t<\/div>\r\n\t<\/div>\r\n<\/div>\r\n\t\t<\/div>\n\t\t\t\t<\/div>\n\t\t\t\t\t<\/div>\n\t\t\t\t<\/div>\n\t\t\t\t<\/div>","protected":false},"excerpt":{"rendered":"<p>I\u00f0unn&#8217;s Apples In Viking culture, apples held deep symbolic significance, particularly through their association with the goddess I\u00f0unn. In Norse [&hellip;]<\/p>","protected":false},"author":1,"featured_media":6099,"parent":3354,"menu_order":2,"comment_status":"closed","ping_status":"closed","template":"","meta":{"site-sidebar-layout":"no-sidebar","site-content-layout":"page-builder","ast-site-content-layout":"full-width-container","site-content-style":"default","site-sidebar-style":"default","ast-global-header-display":"","ast-banner-title-visibility":"","ast-main-header-display":"","ast-hfb-above-header-display":"","ast-hfb-below-header-display":"","ast-hfb-mobile-header-display":"","site-post-title":"disabled","ast-breadcrumbs-content":"","ast-featured-img":"disabled","footer-sml-layout":"","theme-transparent-header-meta":"","adv-header-id-meta":"","stick-header-meta":"","header-above-stick-meta":"","header-main-stick-meta":"","header-below-stick-meta":"","astra-migrate-meta-layouts":"set","ast-page-background-enabled":"default","ast-page-background-meta":{"desktop":{"background-color":"var(--ast-global-color-4)","background-image":"","background-repeat":"repeat","background-position":"center center","background-size":"auto","background-attachment":"scroll","background-type":"","background-media":"","overlay-type":"","overlay-color":"","overlay-opacity":"","overlay-gradient":""},"tablet":{"background-color":"","background-image":"","background-repeat":"repeat","background-position":"center center","background-size":"auto","background-attachment":"scroll","background-type":"","background-media":"","overlay-type":"","overlay-color":"","overlay-opacity":"","overlay-gradient":""},"mobile":{"background-color":"","background-image":"","background-repeat":"repeat","background-position":"center center","background-size":"auto","background-attachment":"scroll","background-type":"","background-media":"","overlay-type":"","overlay-color":"","overlay-opacity":"","overlay-gradient":""}},"ast-content-background-meta":{"desktop":{"background-color":"var(--ast-global-color-5)","background-image":"","background-repeat":"repeat","background-position":"center center","background-size":"auto","background-attachment":"scroll","background-type":"","background-media":"","overlay-type":"","overlay-color":"","overlay-opacity":"","overlay-gradient":""},"tablet":{"background-color":"var(--ast-global-color-5)","background-image":"","background-repeat":"repeat","background-position":"center center","background-size":"auto","background-attachment":"scroll","background-type":"","background-media":"","overlay-type":"","overlay-color":"","overlay-opacity":"","overlay-gradient":""},"mobile":{"background-color":"var(--ast-global-color-5)","background-image":"","background-repeat":"repeat","background-position":"center center","background-size":"auto","background-attachment":"scroll","background-type":"","background-media":"","overlay-type":"","overlay-color":"","overlay-opacity":"","overlay-gradient":""}},"footnotes":""},"class_list":["post-6095","page","type-page","status-publish","has-post-thumbnail","hentry","desktop-align-left","tablet-align-left","mobile-align-left"],"yoast_head":"<!-- This site is optimized with the Yoast SEO plugin v23.4 - https:\/\/yoast.com\/wordpress\/plugins\/seo\/ -->\n<title>I\u00f0unn&#039;s Apples - jar\u00f0fe<\/title>\n<meta name=\"robots\" content=\"index, follow, max-snippet:-1, max-image-preview:large, max-video-preview:-1\" \/>\n<link rel=\"canonical\" href=\"http:\/\/jardfe.com\/no\/viking-symbols\/idunns-apples\/\" \/>\n<meta property=\"og:locale\" content=\"nb_NO\" \/>\n<meta property=\"og:type\" content=\"article\" \/>\n<meta property=\"og:title\" content=\"I\u00f0unn&#039;s Apples - jar\u00f0fe\" \/>\n<meta property=\"og:description\" content=\"I\u00f0unn&#8217;s Apples In Viking culture, apples held deep symbolic significance, particularly through their association with the goddess I\u00f0unn. In Norse [&hellip;]\" \/>\n<meta property=\"og:url\" content=\"http:\/\/jardfe.com\/no\/viking-symbols\/idunns-apples\/\" \/>\n<meta property=\"og:site_name\" content=\"jar\u00f0fe\" \/>\n<meta property=\"article:modified_time\" content=\"2024-08-05T12:09:47+00:00\" \/>\n<meta property=\"og:image\" content=\"https:\/\/jardfe.com\/wp-content\/uploads\/2024\/08\/idunns-apples-1024x585.png\" \/>\n\t<meta property=\"og:image:width\" content=\"1024\" \/>\n\t<meta property=\"og:image:height\" content=\"585\" \/>\n\t<meta property=\"og:image:type\" content=\"image\/png\" \/>\n<meta name=\"twitter:card\" content=\"summary_large_image\" \/>\n<meta name=\"twitter:label1\" content=\"Ansl. lesetid\" \/>\n\t<meta name=\"twitter:data1\" content=\"12 minutter\" \/>\n<script type=\"application\/ld+json\" class=\"yoast-schema-graph\">{\"@context\":\"https:\/\/schema.org\",\"@graph\":[{\"@type\":\"WebPage\",\"@id\":\"https:\/\/jardfe.com\/en\/viking-symbols\/idunns-apples\/\",\"url\":\"https:\/\/jardfe.com\/en\/viking-symbols\/idunns-apples\/\",\"name\":\"I\u00f0unn's Apples - jar\u00f0fe\",\"isPartOf\":{\"@id\":\"https:\/\/jardfe.com\/#website\"},\"primaryImageOfPage\":{\"@id\":\"https:\/\/jardfe.com\/en\/viking-symbols\/idunns-apples\/#primaryimage\"},\"image\":{\"@id\":\"https:\/\/jardfe.com\/en\/viking-symbols\/idunns-apples\/#primaryimage\"},\"thumbnailUrl\":\"https:\/\/jardfe.com\/wp-content\/uploads\/2024\/08\/idunns-apples.png\",\"datePublished\":\"2024-08-05T11:20:33+00:00\",\"dateModified\":\"2024-08-05T12:09:47+00:00\",\"breadcrumb\":{\"@id\":\"https:\/\/jardfe.com\/en\/viking-symbols\/idunns-apples\/#breadcrumb\"},\"inLanguage\":\"nb-NO\",\"potentialAction\":[{\"@type\":\"ReadAction\",\"target\":[\"https:\/\/jardfe.com\/en\/viking-symbols\/idunns-apples\/\"]}]},{\"@type\":\"ImageObject\",\"inLanguage\":\"nb-NO\",\"@id\":\"https:\/\/jardfe.com\/en\/viking-symbols\/idunns-apples\/#primaryimage\",\"url\":\"https:\/\/jardfe.com\/wp-content\/uploads\/2024\/08\/idunns-apples.png\",\"contentUrl\":\"https:\/\/jardfe.com\/wp-content\/uploads\/2024\/08\/idunns-apples.png\",\"width\":1792,\"height\":1024},{\"@type\":\"BreadcrumbList\",\"@id\":\"https:\/\/jardfe.com\/en\/viking-symbols\/idunns-apples\/#breadcrumb\",\"itemListElement\":[{\"@type\":\"ListItem\",\"position\":1,\"name\":\"Home\",\"item\":\"https:\/\/jardfe.com\/\"},{\"@type\":\"ListItem\",\"position\":2,\"name\":\"Viking Symbol Reference\",\"item\":\"https:\/\/jardfe.com\/viking-symbols\/\"},{\"@type\":\"ListItem\",\"position\":3,\"name\":\"I\u00f0unn&#8217;s Apples\"}]},{\"@type\":\"WebSite\",\"@id\":\"https:\/\/jardfe.com\/#website\",\"url\":\"https:\/\/jardfe.com\/\",\"name\":\"jar\u00f0fe\",\"description\":\"Authentic Viking Jewelry Hand Made in Norway\",\"publisher\":{\"@id\":\"https:\/\/jardfe.com\/#organization\"},\"potentialAction\":[{\"@type\":\"SearchAction\",\"target\":{\"@type\":\"EntryPoint\",\"urlTemplate\":\"https:\/\/jardfe.com\/?s={search_term_string}\"},\"query-input\":{\"@type\":\"PropertyValueSpecification\",\"valueRequired\":true,\"valueName\":\"search_term_string\"}}],\"inLanguage\":\"nb-NO\"},{\"@type\":\"Organization\",\"@id\":\"https:\/\/jardfe.com\/#organization\",\"name\":\"jar\u00f0fe\",\"url\":\"https:\/\/jardfe.com\/\",\"logo\":{\"@type\":\"ImageObject\",\"inLanguage\":\"nb-NO\",\"@id\":\"https:\/\/jardfe.com\/#\/schema\/logo\/image\/\",\"url\":\"https:\/\/jardfe.com\/wp-content\/uploads\/2024\/02\/jardfe-logo.png\",\"contentUrl\":\"https:\/\/jardfe.com\/wp-content\/uploads\/2024\/02\/jardfe-logo.png\",\"width\":845,\"height\":425,\"caption\":\"jar\u00f0fe\"},\"image\":{\"@id\":\"https:\/\/jardfe.com\/#\/schema\/logo\/image\/\"}}]}<\/script>\n<!-- \/ Yoast SEO plugin. -->","yoast_head_json":{"title":"I\u00f0unn's Apples - jar\u00f0fe","robots":{"index":"index","follow":"follow","max-snippet":"max-snippet:-1","max-image-preview":"max-image-preview:large","max-video-preview":"max-video-preview:-1"},"canonical":"http:\/\/jardfe.com\/no\/viking-symbols\/idunns-apples\/","og_locale":"nb_NO","og_type":"article","og_title":"I\u00f0unn's Apples - jar\u00f0fe","og_description":"I\u00f0unn&#8217;s Apples In Viking culture, apples held deep symbolic significance, particularly through their association with the goddess I\u00f0unn. In Norse [&hellip;]","og_url":"http:\/\/jardfe.com\/no\/viking-symbols\/idunns-apples\/","og_site_name":"jar\u00f0fe","article_modified_time":"2024-08-05T12:09:47+00:00","og_image":[{"width":1024,"height":585,"url":"https:\/\/jardfe.com\/wp-content\/uploads\/2024\/08\/idunns-apples-1024x585.png","type":"image\/png"}],"twitter_card":"summary_large_image","twitter_misc":{"Ansl. lesetid":"12 minutter"},"schema":{"@context":"https:\/\/schema.org","@graph":[{"@type":"WebPage","@id":"https:\/\/jardfe.com\/en\/viking-symbols\/idunns-apples\/","url":"https:\/\/jardfe.com\/en\/viking-symbols\/idunns-apples\/","name":"I\u00f0unn's Apples - jar\u00f0fe","isPartOf":{"@id":"https:\/\/jardfe.com\/#website"},"primaryImageOfPage":{"@id":"https:\/\/jardfe.com\/en\/viking-symbols\/idunns-apples\/#primaryimage"},"image":{"@id":"https:\/\/jardfe.com\/en\/viking-symbols\/idunns-apples\/#primaryimage"},"thumbnailUrl":"https:\/\/jardfe.com\/wp-content\/uploads\/2024\/08\/idunns-apples.png","datePublished":"2024-08-05T11:20:33+00:00","dateModified":"2024-08-05T12:09:47+00:00","breadcrumb":{"@id":"https:\/\/jardfe.com\/en\/viking-symbols\/idunns-apples\/#breadcrumb"},"inLanguage":"nb-NO","potentialAction":[{"@type":"ReadAction","target":["https:\/\/jardfe.com\/en\/viking-symbols\/idunns-apples\/"]}]},{"@type":"ImageObject","inLanguage":"nb-NO","@id":"https:\/\/jardfe.com\/en\/viking-symbols\/idunns-apples\/#primaryimage","url":"https:\/\/jardfe.com\/wp-content\/uploads\/2024\/08\/idunns-apples.png","contentUrl":"https:\/\/jardfe.com\/wp-content\/uploads\/2024\/08\/idunns-apples.png","width":1792,"height":1024},{"@type":"BreadcrumbList","@id":"https:\/\/jardfe.com\/en\/viking-symbols\/idunns-apples\/#breadcrumb","itemListElement":[{"@type":"ListItem","position":1,"name":"Home","item":"https:\/\/jardfe.com\/"},{"@type":"ListItem","position":2,"name":"Viking Symbol Reference","item":"https:\/\/jardfe.com\/viking-symbols\/"},{"@type":"ListItem","position":3,"name":"I\u00f0unn&#8217;s Apples"}]},{"@type":"WebSite","@id":"https:\/\/jardfe.com\/#website","url":"https:\/\/jardfe.com\/","name":"jar\u00f0fe","description":"Authentic Viking Jewelry Hand Made in Norway","publisher":{"@id":"https:\/\/jardfe.com\/#organization"},"potentialAction":[{"@type":"SearchAction","target":{"@type":"EntryPoint","urlTemplate":"https:\/\/jardfe.com\/?s={search_term_string}"},"query-input":{"@type":"PropertyValueSpecification","valueRequired":true,"valueName":"search_term_string"}}],"inLanguage":"nb-NO"},{"@type":"Organization","@id":"https:\/\/jardfe.com\/#organization","name":"jar\u00f0fe","url":"https:\/\/jardfe.com\/","logo":{"@type":"ImageObject","inLanguage":"nb-NO","@id":"https:\/\/jardfe.com\/#\/schema\/logo\/image\/","url":"https:\/\/jardfe.com\/wp-content\/uploads\/2024\/02\/jardfe-logo.png","contentUrl":"https:\/\/jardfe.com\/wp-content\/uploads\/2024\/02\/jardfe-logo.png","width":845,"height":425,"caption":"jar\u00f0fe"},"image":{"@id":"https:\/\/jardfe.com\/#\/schema\/logo\/image\/"}}]}},"_links":{"self":[{"href":"http:\/\/jardfe.com\/no\/wp-json\/wp\/v2\/pages\/6095","targetHints":{"allow":["GET"]}}],"collection":[{"href":"http:\/\/jardfe.com\/no\/wp-json\/wp\/v2\/pages"}],"about":[{"href":"http:\/\/jardfe.com\/no\/wp-json\/wp\/v2\/types\/page"}],"author":[{"embeddable":true,"href":"http:\/\/jardfe.com\/no\/wp-json\/wp\/v2\/users\/1"}],"replies":[{"embeddable":true,"href":"http:\/\/jardfe.com\/no\/wp-json\/wp\/v2\/comments?post=6095"}],"version-history":[{"count":14,"href":"http:\/\/jardfe.com\/no\/wp-json\/wp\/v2\/pages\/6095\/revisions"}],"predecessor-version":[{"id":6140,"href":"http:\/\/jardfe.com\/no\/wp-json\/wp\/v2\/pages\/6095\/revisions\/6140"}],"up":[{"embeddable":true,"href":"http:\/\/jardfe.com\/no\/wp-json\/wp\/v2\/pages\/3354"}],"wp:featuredmedia":[{"embeddable":true,"href":"http:\/\/jardfe.com\/no\/wp-json\/wp\/v2\/media\/6099"}],"wp:attachment":[{"href":"http:\/\/jardfe.com\/no\/wp-json\/wp\/v2\/media?parent=6095"}],"curies":[{"name":"wp","href":"https:\/\/api.w.org\/{rel}","templated":true}]}}