{"id":3355,"date":"2024-04-02T11:39:36","date_gmt":"2024-04-02T11:39:36","guid":{"rendered":"https:\/\/jardfe.com\/?page_id=3355"},"modified":"2024-04-02T15:27:22","modified_gmt":"2024-04-02T15:27:22","slug":"runes","status":"publish","type":"page","link":"http:\/\/jardfe.com\/no\/runes\/","title":{"rendered":"Runer"},"content":{"rendered":"<div data-elementor-type=\"wp-page\" data-elementor-id=\"3355\" class=\"elementor elementor-3355\">\n\t\t\t\t<div class=\"elementor-element elementor-element-9a37895 e-con-full e-flex e-con e-parent\" data-id=\"9a37895\" data-element_type=\"container\" data-settings=\"{&quot;background_background&quot;:&quot;classic&quot;}\">\n\t\t<div class=\"elementor-element elementor-element-b11363e e-con-full e-flex e-con e-child\" data-id=\"b11363e\" data-element_type=\"container\">\n\t\t\t\t<div class=\"elementor-element elementor-element-6a9f8c5 elementor-widget elementor-widget-heading\" data-id=\"6a9f8c5\" data-element_type=\"widget\" data-widget_type=\"heading.default\">\n\t\t\t\t<div class=\"elementor-widget-container\">\n\t\t\t<style>\/*! elementor - v3.23.0 - 05-08-2024 *\/\n.elementor-heading-title{padding:0;margin:0;line-height:1}.elementor-widget-heading .elementor-heading-title[class*=elementor-size-]>a{color:inherit;font-size:inherit;line-height:inherit}.elementor-widget-heading .elementor-heading-title.elementor-size-small{font-size:15px}.elementor-widget-heading .elementor-heading-title.elementor-size-medium{font-size:19px}.elementor-widget-heading .elementor-heading-title.elementor-size-large{font-size:29px}.elementor-widget-heading .elementor-heading-title.elementor-size-xl{font-size:39px}.elementor-widget-heading .elementor-heading-title.elementor-size-xxl{font-size:59px}<\/style><h2 class=\"elementor-heading-title elementor-size-default\">Runer<\/h2>\t\t<\/div>\n\t\t\t\t<\/div>\n\t\t\t\t<\/div>\n\t\t\t\t<\/div>\n\t\t<div class=\"elementor-element elementor-element-b746272 e-flex e-con-boxed e-con e-parent\" data-id=\"b746272\" data-element_type=\"container\">\n\t\t\t\t\t<div class=\"e-con-inner\">\n\t\t\t\t<div class=\"elementor-element elementor-element-1637f4c elementor-widget elementor-widget-text-editor\" data-id=\"1637f4c\" data-element_type=\"widget\" data-widget_type=\"text-editor.default\">\n\t\t\t\t<div class=\"elementor-widget-container\">\n\t\t\t<style>\/*! elementor - v3.23.0 - 05-08-2024 *\/\n.elementor-widget-text-editor.elementor-drop-cap-view-stacked .elementor-drop-cap{background-color:#69727d;color:#fff}.elementor-widget-text-editor.elementor-drop-cap-view-framed .elementor-drop-cap{color:#69727d;border:3px solid;background-color:transparent}.elementor-widget-text-editor:not(.elementor-drop-cap-view-default) .elementor-drop-cap{margin-top:8px}.elementor-widget-text-editor:not(.elementor-drop-cap-view-default) .elementor-drop-cap-letter{width:1em;height:1em}.elementor-widget-text-editor .elementor-drop-cap{float:left;text-align:center;line-height:1;font-size:50px}.elementor-widget-text-editor .elementor-drop-cap-letter{display:inline-block}<\/style>\t\t\t\t<p class=\" translation-block\">I de dype avkrokene av gammel norr\u00f8n historie, der myter veves sammen med virkelighet, st\u00e5r de norr\u00f8ne runene som kryptiske symboler fra en svunnen tid. Disse eldgamle glyfene, mer enn bare kommunikasjonsverkt\u00f8y, er b\u00e6rere av dyp mystisk og kulturell betydning. I gammel norr\u00f8n historie spiller <a href=\"https:\/\/jardfe.com\/runes-elder-futhark\/\" target=\"_self\">den Eldre<\/a> og <a href=\"https:\/\/jardfe.com\/runes-younger-futhark\/\" target=\"_self\">den Yngre Futarken<\/a> sentrale roller, og fungerer som vinduer inn i sjelen til viking- og gammelnordisk sivilisasjon. Deres forskjeller, b\u00e5de i form og essens, gir et fasinerende innblikk i utviklingen av runenes praksis og kaster lys over de st\u00f8rre endringene i viking- og norr\u00f8nt samfunn.<\/p><p class=\" translation-block\"><a href=\"https:\/\/jardfe.com\/runes-elder-futhark\/\" target=\"_self\">Den Eldre Futark<\/a>, den eldste formen av de runiske alfabetene, best\u00e5r av 24 symboler, mens overgangen til <a href=\"https:\/\/jardfe.com\/runes-younger-futhark\/\" target=\"_self\">den Yngre Futarken<\/a> markerte en betydelig utvikling i runeskrift, der alfabetet ble forkortet til 16 symboler.<\/p><p>Uavhengig av alfabetet er hver rune fylt med rik betydning og symbolikk, som gjenspeiler kompleksiteten i norr\u00f8n kosmologi, etikk og liv. Disse runene var ikke bare bokstaver, men hadde dyp magisk og religi\u00f8s betydning, brukt i sp\u00e5dom, for \u00e5 gravere monumenter og som talismaner for beskyttelse, seier og velstand.<\/p><p>To deep dive into either alphabet, follow either of these links:<\/p>\t\t\t\t\t\t<\/div>\n\t\t\t\t<\/div>\n\t\t\t\t<div class=\"elementor-element elementor-element-3fb146e elementor-widget elementor-widget-text-editor\" data-id=\"3fb146e\" data-element_type=\"widget\" data-widget_type=\"text-editor.default\">\n\t\t\t\t<div class=\"elementor-widget-container\">\n\t\t\t\t\t\t\t<h6><a href=\"https:\/\/jardfe.com\/runes-elder-futhark\/\">Click here for more about the Elder Futhark<\/a><\/h6><p>or<\/p><h6><a href=\"https:\/\/jardfe.com\/runes-younger-futhark\/\">Here for more about the Younger Futhark<\/a>.<\/h6>\t\t\t\t\t\t<\/div>\n\t\t\t\t<\/div>\n\t\t\t\t<div class=\"elementor-element elementor-element-8207b21 elementor-widget elementor-widget-text-editor\" data-id=\"8207b21\" data-element_type=\"widget\" data-widget_type=\"text-editor.default\">\n\t\t\t\t<div class=\"elementor-widget-container\">\n\t\t\t\t\t\t\t<p>Both alphabets are characterized by angular glyphs with straight lines, often assumed to be related to their use as inscriptions on hard surfaces such as wood, stone and metal.<\/p><p>The <a href=\"https:\/\/jardfe.com\/runes-elder-futhark\/\">Eldre Futhark<\/a>, the oldest form of runic alphabets, emerged around the 2nd century AD and remained in use until approximately the 8th century. The amount of sources with which the <a href=\"https:\/\/jardfe.com\/runes-elder-futhark\/\">Eldre Futhark<\/a> is written is essentially non-existent compared to later alphabets, generally limited to short, single-word inscriptions. As such the <a href=\"https:\/\/jardfe.com\/runes-elder-futhark\/\">Eldre Futhark<\/a> might be steeped in much more secrecy than than the <a href=\"https:\/\/jardfe.com\/runes-younger-futhark\/\">Yngre Futhark<\/a>. Equally, much of the information and symbolism in the <a href=\"https:\/\/jardfe.com\/runes-elder-futhark\/\">Eldre Futhark<\/a> is also re-constructed based on our information about its descendants.<\/p><p>As the tides of time flowed, the <a href=\"https:\/\/jardfe.com\/runes-elder-futhark\/\">Eldre Futhark<\/a> gave way to the <a href=\"https:\/\/jardfe.com\/runes-younger-futhark\/\">Yngre Futhark<\/a> around the beginning of the Viking Age in the 8th century. This transition marked a significant evolution in the public&#8217;s runic literacy, with the alphabet also being streamlined to 16 symbols. This reduction reflects changes in the phonetic landscape of the Old Norse language and possibly an adaptation to new societal changes, where writing was available to the masses. The <a href=\"https:\/\/jardfe.com\/runes-younger-futhark\/\">Yngre Futhark<\/a>, despite its fewer characters, continued to carry rune meaning and symbolism, but adapting interpretation to the shifting currents of Viking and Norse life.<\/p><p>The Norse runes reflect a world where the mystical and the mundane are inextricably linked. Each rune tells a story, embodies a deity, or encapsulates a natural element or a moral principle. The rune symbolism is multilayered, with each character holding multiple meanings and associations. For a deeper understanding about these interpretations, read more about the <a href=\"https:\/\/jardfe.com\/runes-elder-futhark\/\">Eldre Futhark<\/a> or the <a href=\"https:\/\/jardfe.com\/runes-younger-futhark\/\">Yngre Futhark<\/a>.<\/p>\t\t\t\t\t\t<\/div>\n\t\t\t\t<\/div>\n\t\t\t\t\t<\/div>\n\t\t\t\t<\/div>\n\t\t\t\t<\/div>","protected":false},"excerpt":{"rendered":"<p>Runes In the deep recesses of old Norse history, where myth intertwines with reality, the runes of the Norse stand [&hellip;]<\/p>","protected":false},"author":3,"featured_media":0,"parent":0,"menu_order":31,"comment_status":"closed","ping_status":"closed","template":"","meta":{"site-sidebar-layout":"no-sidebar","site-content-layout":"page-builder","ast-site-content-layout":"full-width-container","site-content-style":"unboxed","site-sidebar-style":"unboxed","ast-global-header-display":"","ast-banner-title-visibility":"","ast-main-header-display":"","ast-hfb-above-header-display":"","ast-hfb-below-header-display":"","ast-hfb-mobile-header-display":"","site-post-title":"disabled","ast-breadcrumbs-content":"","ast-featured-img":"disabled","footer-sml-layout":"","theme-transparent-header-meta":"","adv-header-id-meta":"","stick-header-meta":"","header-above-stick-meta":"","header-main-stick-meta":"","header-below-stick-meta":"","astra-migrate-meta-layouts":"set","ast-page-background-enabled":"default","ast-page-background-meta":{"desktop":{"background-color":"var(--ast-global-color-4)","background-image":"","background-repeat":"repeat","background-position":"center center","background-size":"auto","background-attachment":"scroll","background-type":"","background-media":"","overlay-type":"","overlay-color":"","overlay-opacity":"","overlay-gradient":""},"tablet":{"background-color":"","background-image":"","background-repeat":"repeat","background-position":"center center","background-size":"auto","background-attachment":"scroll","background-type":"","background-media":"","overlay-type":"","overlay-color":"","overlay-opacity":"","overlay-gradient":""},"mobile":{"background-color":"","background-image":"","background-repeat":"repeat","background-position":"center center","background-size":"auto","background-attachment":"scroll","background-type":"","background-media":"","overlay-type":"","overlay-color":"","overlay-opacity":"","overlay-gradient":""}},"ast-content-background-meta":{"desktop":{"background-color":"var(--ast-global-color-5)","background-image":"","background-repeat":"repeat","background-position":"center center","background-size":"auto","background-attachment":"scroll","background-type":"","background-media":"","overlay-type":"","overlay-color":"","overlay-opacity":"","overlay-gradient":""},"tablet":{"background-color":"var(--ast-global-color-5)","background-image":"","background-repeat":"repeat","background-position":"center center","background-size":"auto","background-attachment":"scroll","background-type":"","background-media":"","overlay-type":"","overlay-color":"","overlay-opacity":"","overlay-gradient":""},"mobile":{"background-color":"var(--ast-global-color-5)","background-image":"","background-repeat":"repeat","background-position":"center center","background-size":"auto","background-attachment":"scroll","background-type":"","background-media":"","overlay-type":"","overlay-color":"","overlay-opacity":"","overlay-gradient":""}},"footnotes":""},"class_list":["post-3355","page","type-page","status-publish","hentry"],"yoast_head":"<!-- This site is optimized with the Yoast SEO plugin v23.4 - https:\/\/yoast.com\/wordpress\/plugins\/seo\/ -->\n<title>Runes - jar\u00f0fe<\/title>\n<meta name=\"description\" content=\"Explore the mystical world of Elder and Younger Futhark runes, ancient symbols of Norse history, culture, and magic, pivotal to understanding Viking life.\" \/>\n<meta name=\"robots\" content=\"index, follow, max-snippet:-1, max-image-preview:large, max-video-preview:-1\" \/>\n<link rel=\"canonical\" href=\"http:\/\/jardfe.com\/no\/runes\/\" \/>\n<meta property=\"og:locale\" content=\"nb_NO\" \/>\n<meta property=\"og:type\" content=\"article\" \/>\n<meta property=\"og:title\" content=\"Runes - jar\u00f0fe\" \/>\n<meta property=\"og:description\" content=\"Explore the mystical world of Elder and Younger Futhark runes, ancient symbols of Norse history, culture, and magic, pivotal to understanding Viking life.\" \/>\n<meta property=\"og:url\" content=\"http:\/\/jardfe.com\/no\/runes\/\" \/>\n<meta property=\"og:site_name\" content=\"jar\u00f0fe\" \/>\n<meta property=\"article:modified_time\" content=\"2024-04-02T15:27:22+00:00\" \/>\n<meta name=\"twitter:card\" content=\"summary_large_image\" \/>\n<meta name=\"twitter:label1\" content=\"Ansl. lesetid\" \/>\n\t<meta name=\"twitter:data1\" content=\"3 minutter\" \/>\n<script type=\"application\/ld+json\" class=\"yoast-schema-graph\">{\"@context\":\"https:\/\/schema.org\",\"@graph\":[{\"@type\":\"WebPage\",\"@id\":\"https:\/\/jardfe.com\/en\/runes\/\",\"url\":\"https:\/\/jardfe.com\/en\/runes\/\",\"name\":\"Runes - jar\u00f0fe\",\"isPartOf\":{\"@id\":\"https:\/\/jardfe.com\/#website\"},\"datePublished\":\"2024-04-02T11:39:36+00:00\",\"dateModified\":\"2024-04-02T15:27:22+00:00\",\"description\":\"Explore the mystical world of Elder and Younger Futhark runes, ancient symbols of Norse history, culture, and magic, pivotal to understanding Viking life.\",\"breadcrumb\":{\"@id\":\"https:\/\/jardfe.com\/en\/runes\/#breadcrumb\"},\"inLanguage\":\"nb-NO\",\"potentialAction\":[{\"@type\":\"ReadAction\",\"target\":[\"https:\/\/jardfe.com\/en\/runes\/\"]}]},{\"@type\":\"BreadcrumbList\",\"@id\":\"https:\/\/jardfe.com\/en\/runes\/#breadcrumb\",\"itemListElement\":[{\"@type\":\"ListItem\",\"position\":1,\"name\":\"Home\",\"item\":\"https:\/\/jardfe.com\/\"},{\"@type\":\"ListItem\",\"position\":2,\"name\":\"Runes\"}]},{\"@type\":\"WebSite\",\"@id\":\"https:\/\/jardfe.com\/#website\",\"url\":\"https:\/\/jardfe.com\/\",\"name\":\"jar\u00f0fe\",\"description\":\"Authentic Viking Jewelry Hand Made in Norway\",\"publisher\":{\"@id\":\"https:\/\/jardfe.com\/#organization\"},\"potentialAction\":[{\"@type\":\"SearchAction\",\"target\":{\"@type\":\"EntryPoint\",\"urlTemplate\":\"https:\/\/jardfe.com\/?s={search_term_string}\"},\"query-input\":{\"@type\":\"PropertyValueSpecification\",\"valueRequired\":true,\"valueName\":\"search_term_string\"}}],\"inLanguage\":\"nb-NO\"},{\"@type\":\"Organization\",\"@id\":\"https:\/\/jardfe.com\/#organization\",\"name\":\"jar\u00f0fe\",\"url\":\"https:\/\/jardfe.com\/\",\"logo\":{\"@type\":\"ImageObject\",\"inLanguage\":\"nb-NO\",\"@id\":\"https:\/\/jardfe.com\/#\/schema\/logo\/image\/\",\"url\":\"https:\/\/jardfe.com\/wp-content\/uploads\/2024\/02\/jardfe-logo.png\",\"contentUrl\":\"https:\/\/jardfe.com\/wp-content\/uploads\/2024\/02\/jardfe-logo.png\",\"width\":845,\"height\":425,\"caption\":\"jar\u00f0fe\"},\"image\":{\"@id\":\"https:\/\/jardfe.com\/#\/schema\/logo\/image\/\"}}]}<\/script>\n<!-- \/ Yoast SEO plugin. -->","yoast_head_json":{"title":"Runes - jar\u00f0fe","description":"Explore the mystical world of Elder and Younger Futhark runes, ancient symbols of Norse history, culture, and magic, pivotal to understanding Viking life.","robots":{"index":"index","follow":"follow","max-snippet":"max-snippet:-1","max-image-preview":"max-image-preview:large","max-video-preview":"max-video-preview:-1"},"canonical":"http:\/\/jardfe.com\/no\/runes\/","og_locale":"nb_NO","og_type":"article","og_title":"Runes - jar\u00f0fe","og_description":"Explore the mystical world of Elder and Younger Futhark runes, ancient symbols of Norse history, culture, and magic, pivotal to understanding Viking life.","og_url":"http:\/\/jardfe.com\/no\/runes\/","og_site_name":"jar\u00f0fe","article_modified_time":"2024-04-02T15:27:22+00:00","twitter_card":"summary_large_image","twitter_misc":{"Ansl. lesetid":"3 minutter"},"schema":{"@context":"https:\/\/schema.org","@graph":[{"@type":"WebPage","@id":"https:\/\/jardfe.com\/en\/runes\/","url":"https:\/\/jardfe.com\/en\/runes\/","name":"Runes - jar\u00f0fe","isPartOf":{"@id":"https:\/\/jardfe.com\/#website"},"datePublished":"2024-04-02T11:39:36+00:00","dateModified":"2024-04-02T15:27:22+00:00","description":"Explore the mystical world of Elder and Younger Futhark runes, ancient symbols of Norse history, culture, and magic, pivotal to understanding Viking life.","breadcrumb":{"@id":"https:\/\/jardfe.com\/en\/runes\/#breadcrumb"},"inLanguage":"nb-NO","potentialAction":[{"@type":"ReadAction","target":["https:\/\/jardfe.com\/en\/runes\/"]}]},{"@type":"BreadcrumbList","@id":"https:\/\/jardfe.com\/en\/runes\/#breadcrumb","itemListElement":[{"@type":"ListItem","position":1,"name":"Home","item":"https:\/\/jardfe.com\/"},{"@type":"ListItem","position":2,"name":"Runes"}]},{"@type":"WebSite","@id":"https:\/\/jardfe.com\/#website","url":"https:\/\/jardfe.com\/","name":"jar\u00f0fe","description":"Authentic Viking Jewelry Hand Made in Norway","publisher":{"@id":"https:\/\/jardfe.com\/#organization"},"potentialAction":[{"@type":"SearchAction","target":{"@type":"EntryPoint","urlTemplate":"https:\/\/jardfe.com\/?s={search_term_string}"},"query-input":{"@type":"PropertyValueSpecification","valueRequired":true,"valueName":"search_term_string"}}],"inLanguage":"nb-NO"},{"@type":"Organization","@id":"https:\/\/jardfe.com\/#organization","name":"jar\u00f0fe","url":"https:\/\/jardfe.com\/","logo":{"@type":"ImageObject","inLanguage":"nb-NO","@id":"https:\/\/jardfe.com\/#\/schema\/logo\/image\/","url":"https:\/\/jardfe.com\/wp-content\/uploads\/2024\/02\/jardfe-logo.png","contentUrl":"https:\/\/jardfe.com\/wp-content\/uploads\/2024\/02\/jardfe-logo.png","width":845,"height":425,"caption":"jar\u00f0fe"},"image":{"@id":"https:\/\/jardfe.com\/#\/schema\/logo\/image\/"}}]}},"_links":{"self":[{"href":"http:\/\/jardfe.com\/no\/wp-json\/wp\/v2\/pages\/3355","targetHints":{"allow":["GET"]}}],"collection":[{"href":"http:\/\/jardfe.com\/no\/wp-json\/wp\/v2\/pages"}],"about":[{"href":"http:\/\/jardfe.com\/no\/wp-json\/wp\/v2\/types\/page"}],"author":[{"embeddable":true,"href":"http:\/\/jardfe.com\/no\/wp-json\/wp\/v2\/users\/3"}],"replies":[{"embeddable":true,"href":"http:\/\/jardfe.com\/no\/wp-json\/wp\/v2\/comments?post=3355"}],"version-history":[{"count":0,"href":"http:\/\/jardfe.com\/no\/wp-json\/wp\/v2\/pages\/3355\/revisions"}],"wp:attachment":[{"href":"http:\/\/jardfe.com\/no\/wp-json\/wp\/v2\/media?parent=3355"}],"curies":[{"name":"wp","href":"https:\/\/api.w.org\/{rel}","templated":true}]}}